{"id":21680,"date":"2020-11-20T20:06:14","date_gmt":"2020-11-20T21:06:14","guid":{"rendered":"https:\/\/guidetotheazores.pt\/datenschutzbestimmungen\/"},"modified":"2026-05-05T08:13:15","modified_gmt":"2026-05-05T09:13:15","slug":"datenschutzbestimmungen","status":"publish","type":"page","link":"https:\/\/guidetotheazores.pt\/de\/datenschutzbestimmungen\/","title":{"rendered":"Datenschutzbestimmungen"},"content":{"rendered":"&#13;\n<h2 class=\"wp-block-heading\">Wer wir sind<\/h2>&#13;\n&#13;\n<p>Unsere Website-Adresse lautet: https:\/\/guidetotheazores.pt.<\/p>&#13;\n&#13;\n<h2 class=\"wp-block-heading\">Welche pers\u00f6nlichen Daten wir sammeln und warum wir sie sammeln<\/h2>&#13;\n&#13;\n<h3 class=\"wp-block-heading\">Kommentare<\/h3>&#13;\n&#13;\n<p>Wenn Besucher\/innen Kommentare auf der Website hinterlassen, sammeln wir die Daten, die im Kommentarformular angezeigt werden, sowie die IP-Adresse und den User-Agent-String des Browsers, um die Spam-Erkennung zu erleichtern.<\/p>&#13;\n&#13;\n<p>Eine anonymisierte Zeichenfolge, die aus deiner E-Mail-Adresse erstellt wird (auch Hash genannt), kann dem Gravatar-Dienst zur Verf\u00fcgung gestellt werden, um zu sehen, ob du ihn verwendest. Die Datenschutzrichtlinien des Gravatar-Dienstes findest du hier: https:\/\/automattic.com\/privacy\/. Nach der Genehmigung deines Kommentars ist dein Profilbild im Kontext deines Kommentars \u00f6ffentlich sichtbar. <\/p>&#13;\n&#13;\n<h3 class=\"wp-block-heading\">Medien<\/h3>&#13;\n&#13;\n<p>Wenn du Bilder auf die Website hochl\u00e4dst, solltest du es vermeiden, Bilder hochzuladen, die eingebettete Standortdaten (EXIF-GPS) enthalten. Die Besucher der Website k\u00f6nnen alle Standortdaten von den Bildern auf der Website herunterladen und extrahieren. <\/p>&#13;\n&#13;\n<h3 class=\"wp-block-heading\">Kontaktformulare<\/h3>&#13;\n&#13;\n<h3 class=\"wp-block-heading\">Cookies<\/h3>&#13;\n&#13;\n<p>Wenn du einen Kommentar auf unserer Website hinterl\u00e4sst, kannst du zustimmen, dass dein Name, deine E-Mail-Adresse und deine Website in Cookies gespeichert werden. Diese dienen deinem Komfort, damit du deine Daten nicht erneut eingeben musst, wenn du einen weiteren Kommentar hinterl\u00e4sst. Diese Cookies sind ein Jahr lang g\u00fcltig.  <\/p>&#13;\n&#13;\n<p>Wenn du unsere Anmeldeseite besuchst, setzen wir ein tempor\u00e4res Cookie, um festzustellen, ob dein Browser Cookies zul\u00e4sst. Dieses Cookie enth\u00e4lt keine pers\u00f6nlichen Daten und wird verworfen, wenn du deinen Browser schlie\u00dft. <\/p>&#13;\n&#13;\n<p>Wenn du dich anmeldest, setzen wir au\u00dferdem mehrere Cookies, um deine Anmeldeinformationen und deine Bildschirmauswahl zu speichern. Die Anmelde-Cookies bleiben zwei Tage lang gespeichert, die Cookies f\u00fcr die Bildschirmoptionen ein Jahr lang. Wenn du &#8222;Remember Me&#8220; ausw\u00e4hlst, bleibt dein Login zwei Wochen lang erhalten. Wenn du dich von deinem Konto abmeldest, werden die Anmelde-Cookies gel\u00f6scht.   <\/p>&#13;\n&#13;\n<p>Wenn du einen Artikel bearbeitest oder ver\u00f6ffentlichst, wird ein zus\u00e4tzliches Cookie in deinem Browser gespeichert. Dieses Cookie enth\u00e4lt keine pers\u00f6nlichen Daten und zeigt lediglich die Post-ID des Artikels an, den du gerade bearbeitet hast. Er verf\u00e4llt nach 1 Tag.  <\/p>&#13;\n&#13;\n<h3 class=\"wp-block-heading\">Eingebettete Inhalte von anderen Websites<\/h3>&#13;\n&#13;\n<p>Die Artikel auf dieser Website k\u00f6nnen eingebettete Inhalte enthalten (z. B. Videos, Bilder, Artikel usw.). Eingebettete Inhalte von anderen Websites verhalten sich genau so, als ob der Besucher die andere Website besucht h\u00e4tte. <\/p>&#13;\n&#13;\n<p>Diese Websites k\u00f6nnen Daten \u00fcber dich sammeln, Cookies verwenden, zus\u00e4tzliche Trackingfunktionen von Dritten einbetten und deine Interaktion mit diesen eingebetteten Inhalten \u00fcberwachen, einschlie\u00dflich der Verfolgung deiner Interaktion mit den eingebetteten Inhalten, wenn du ein Konto hast und auf dieser Website eingeloggt bist.<\/p>&#13;\n&#13;\n<h3 class=\"wp-block-heading\">Analytik<\/h3>&#13;\n&#13;\n<h2 class=\"wp-block-heading\">Mit wem wir deine Daten teilen<\/h2>&#13;\n&#13;\n<h2 class=\"wp-block-heading\">Wie lange wir deine Daten aufbewahren<\/h2>&#13;\n&#13;\n<p>Wenn du einen Kommentar hinterl\u00e4sst, werden der Kommentar und seine Metadaten auf unbestimmte Zeit gespeichert. So k\u00f6nnen wir Folgekommentare automatisch erkennen und genehmigen, anstatt sie in einer Moderationswarteschlange zu halten. <\/p>&#13;\n&#13;\n<p>F\u00fcr Nutzer\/innen, die sich auf unserer Website registrieren (falls vorhanden), speichern wir auch die pers\u00f6nlichen Daten, die sie in ihrem Nutzerprofil angeben. Alle Nutzer\/innen k\u00f6nnen ihre pers\u00f6nlichen Daten jederzeit einsehen, bearbeiten oder l\u00f6schen (sie k\u00f6nnen jedoch nicht ihren Benutzernamen \u00e4ndern). Auch die Administratoren der Website k\u00f6nnen diese Informationen einsehen und bearbeiten.  <\/p>&#13;\n&#13;\n<h2 class=\"wp-block-heading\">Welche Rechte du \u00fcber deine Daten hast<\/h2>&#13;\n&#13;\n<p>Wenn du ein Konto auf dieser Website hast oder Kommentare hinterlassen hast, kannst du eine exportierte Datei der personenbezogenen Daten anfordern, die wir \u00fcber dich gespeichert haben, einschlie\u00dflich aller Daten, die du uns zur Verf\u00fcgung gestellt hast. Du kannst auch verlangen, dass wir alle personenbezogenen Daten, die wir \u00fcber dich gespeichert haben, l\u00f6schen. Davon ausgenommen sind Daten, die wir aus verwaltungstechnischen, rechtlichen oder sicherheitsrelevanten Gr\u00fcnden aufbewahren m\u00fcssen.  <\/p>&#13;\n&#13;\n<h2 class=\"wp-block-heading\">Wohin wir deine Daten senden<\/h2>&#13;\n&#13;\n<p>Besucherkommentare k\u00f6nnen durch einen automatischen Spam-Erkennungsdienst \u00fcberpr\u00fcft werden.<\/p>&#13;\n&#13;\n<h2 class=\"wp-block-heading\">Deine Kontaktinformationen<\/h2>&#13;\n&#13;\n<h2 class=\"wp-block-heading\">Zus\u00e4tzliche Informationen<\/h2>&#13;\n&#13;\n<h3 class=\"wp-block-heading\">Wie wir deine Daten sch\u00fctzen<\/h3>&#13;\n&#13;\n<h3 class=\"wp-block-heading\">Welche Verfahren bei Datenschutzverletzungen wir haben<\/h3>&#13;\n&#13;\n<h3 class=\"wp-block-heading\">Von welchen Drittparteien wir Daten erhalten<\/h3>&#13;\n&#13;\n<h3 class=\"wp-block-heading\">Welche automatisierte Entscheidungsfindung und\/oder Profilerstellung wir mit Nutzerdaten durchf\u00fchren<\/h3>&#13;\n&#13;\n<h3 class=\"wp-block-heading\">Regulatorische Offenlegungspflichten der Industrie<\/h3>&#13;\n","protected":false},"excerpt":{"rendered":"<p>&#13; Wer wir sind &#13; &#13; Unsere Website-Adresse lautet: https:\/\/guidetotheazores.pt. &#13; &#13; Welche pers\u00f6nlichen Daten wir sammeln und warum wir<\/p>\n","protected":false},"author":1,"featured_media":0,"parent":0,"menu_order":0,"comment_status":"closed","ping_status":"open","template":"","meta":{"_acf_changed":false,"footnotes":""},"categories":[],"tags":[],"class_list":["post-21680","page","type-page","status-publish","hentry"],"acf":[],"_links":{"self":[{"href":"https:\/\/guidetotheazores.pt\/de\/wp-json\/wp\/v2\/pages\/21680","targetHints":{"allow":["GET"]}}],"collection":[{"href":"https:\/\/guidetotheazores.pt\/de\/wp-json\/wp\/v2\/pages"}],"about":[{"href":"https:\/\/guidetotheazores.pt\/de\/wp-json\/wp\/v2\/types\/page"}],"author":[{"embeddable":true,"href":"https:\/\/guidetotheazores.pt\/de\/wp-json\/wp\/v2\/users\/1"}],"replies":[{"embeddable":true,"href":"https:\/\/guidetotheazores.pt\/de\/wp-json\/wp\/v2\/comments?post=21680"}],"version-history":[{"count":3,"href":"https:\/\/guidetotheazores.pt\/de\/wp-json\/wp\/v2\/pages\/21680\/revisions"}],"predecessor-version":[{"id":21688,"href":"https:\/\/guidetotheazores.pt\/de\/wp-json\/wp\/v2\/pages\/21680\/revisions\/21688"}],"wp:attachment":[{"href":"https:\/\/guidetotheazores.pt\/de\/wp-json\/wp\/v2\/media?parent=21680"}],"wp:term":[{"taxonomy":"category","embeddable":true,"href":"https:\/\/guidetotheazores.pt\/de\/wp-json\/wp\/v2\/categories?post=21680"},{"taxonomy":"post_tag","embeddable":true,"href":"https:\/\/guidetotheazores.pt\/de\/wp-json\/wp\/v2\/tags?post=21680"}],"curies":[{"name":"wp","href":"https:\/\/api.w.org\/{rel}","templated":true}]}}