{"id":22231,"date":"2024-01-31T15:43:28","date_gmt":"2024-01-31T16:43:28","guid":{"rendered":"https:\/\/guidetotheazores.pt\/product\/einzigartige-bootstour-zum-vulkan-capelinhos\/"},"modified":"2024-01-31T15:43:28","modified_gmt":"2024-01-31T16:43:28","slug":"einzigartige-bootstour-zum-vulkan-capelinhos","status":"publish","type":"product","link":"https:\/\/guidetotheazores.pt\/de\/produkt\/einzigartige-bootstour-zum-vulkan-capelinhos\/","title":{"rendered":"Einzigartige Bootstour zum Vulkan Capelinhos"},"content":{"rendered":"<p><span style=\"color: #000000;font-family: 'Helvetica Neue', Helvetica, Roboto, Arial, sans-serif;font-size: medium\">Wir sind das einzige Unternehmen auf der Insel Faial, das die originellen Bootstouren namens &#8222;Capelinhos Ocean Tours&#8220; anbietet. Als Partner des Naturparks der Azoren und des Geoparque A\u00e7ores m\u00f6chten wir mit dir die einzigartige Sch\u00f6nheit unserer Insel und des Naturdenkmals Vulkan Capelinhos teilen. <\/span><br style=\"color: #000000;font-family: 'Helvetica Neue', Helvetica, Roboto, Arial, sans-serif\"><span style=\"color: #000000;font-family: 'Helvetica Neue', Helvetica, Roboto, Arial, sans-serif;font-size: medium\">W\u00e4hrend der Fahrt kannst du die Insel vom Atlantik aus betrachten, mit etwas Gl\u00fcck den Meerestieren begegnen und vor allem sehen, wie sch\u00f6n und beeindruckend der Vulkan Capelinhos ist. Der Vulkan sieht von der Meeresseite aus ganz anders aus. <\/span><\/p>\n<p><br style=\"color: #000000;font-family: 'Helvetica Neue', Helvetica, Roboto, Arial, sans-serif\"><span style=\"color: #000000;font-family: 'Helvetica Neue', Helvetica, Roboto, Arial, sans-serif;font-size: medium\">Wir bieten Tagesausfl\u00fcge [bei gutem Wetter] am Nachmittag an.<\/span><br style=\"color: #000000;font-family: 'Helvetica Neue', Helvetica, Roboto, Arial, sans-serif\"><span style=\"color: #000000;font-family: 'Helvetica Neue', Helvetica, Roboto, Arial, sans-serif;font-size: medium\">Die Fahrt dauert 2,5-3 Stunden ab dem Hafen Horta [je nach Zustand des Meeres] + 0,5-1h Einweisung vor der Tour.<\/span><\/p>\n<p>GESAMTZEIT der Aktivit\u00e4t: 3-4 Stunden<br style=\"color: #000000;font-family: 'Helvetica Neue', Helvetica, Roboto, Arial, sans-serif\"><span style=\"color: #000000;font-family: 'Helvetica Neue', Helvetica, Roboto, Arial, sans-serif;font-size: medium\">Maximale Anzahl von Passagieren: 12<\/span><br style=\"color: #000000;font-family: 'Helvetica Neue', Helvetica, Roboto, Arial, sans-serif\"><span style=\"color: #000000;font-family: 'Helvetica Neue', Helvetica, Roboto, Arial, sans-serif;font-size: medium\">Mindestanzahl der Passagiere: 6<\/span><\/p>\n<p>&nbsp;<\/p>\n<p><span style=\"color: #000000;font-family: 'Helvetica Neue', Helvetica, Roboto, Arial, sans-serif;font-size: medium\">Im Atlantischen Ozean kann das Wetter wechselhaft und unberechenbar sein. Deshalb empfehlen wir dir, die Entscheidung f\u00fcr einen Bootsausflug nicht bis zu den letzten Tagen deines Aufenthalts auf den Azoren hinauszuz\u00f6gern, da er aufgrund ung\u00fcnstiger Wetterbedingungen m\u00f6glicherweise nicht stattfinden kann. <\/span><\/p>\n","protected":false},"excerpt":{"rendered":"<p>Wir sind das einzige Unternehmen auf der Insel Faial, das die originellen Bootstouren namens &#8222;Capelinhos Ocean Tours&#8220; anbietet. Als Partner des Naturparks der Azoren und des Geoparque A\u00e7ores m\u00f6chten wir mit dir die einzigartige Sch\u00f6nheit unserer Insel und des Naturdenkmals Vulkan Capelinhos teilen.<br \/>\nDie Fahrt wird mit anderen Teilnehmern geteilt und erfordert eine Mindestteilnehmerzahl von 6 Personen <\/p>\n<p>Abfahrt ist im September um 15 Uhr, im Juli und August um 16 Uhr, im neuen Geb\u00e4ude, UNIT B-4.[unten], in der N\u00e4he des Pontons &#8222;F&#8220;<\/p>\n","protected":false},"featured_media":22236,"comment_status":"open","ping_status":"closed","template":"","meta":{"_acf_changed":false},"product_brand":[],"product_cat":[19483],"product_tag":[],"class_list":{"0":"post-22231","1":"product","2":"type-product","3":"status-publish","4":"has-post-thumbnail","6":"product_cat-aktivitaten","8":"first","9":"instock","10":"virtual","11":"sold-individually","12":"taxable","13":"purchasable","14":"product-type-phive_booking"},"acf":[],"_links":{"self":[{"href":"https:\/\/guidetotheazores.pt\/de\/wp-json\/wp\/v2\/product\/22231","targetHints":{"allow":["GET"]}}],"collection":[{"href":"https:\/\/guidetotheazores.pt\/de\/wp-json\/wp\/v2\/product"}],"about":[{"href":"https:\/\/guidetotheazores.pt\/de\/wp-json\/wp\/v2\/types\/product"}],"replies":[{"embeddable":true,"href":"https:\/\/guidetotheazores.pt\/de\/wp-json\/wp\/v2\/comments?post=22231"}],"wp:featuredmedia":[{"embeddable":true,"href":"https:\/\/guidetotheazores.pt\/de\/wp-json\/wp\/v2\/media\/22236"}],"wp:attachment":[{"href":"https:\/\/guidetotheazores.pt\/de\/wp-json\/wp\/v2\/media?parent=22231"}],"wp:term":[{"taxonomy":"product_brand","embeddable":true,"href":"https:\/\/guidetotheazores.pt\/de\/wp-json\/wp\/v2\/product_brand?post=22231"},{"taxonomy":"product_cat","embeddable":true,"href":"https:\/\/guidetotheazores.pt\/de\/wp-json\/wp\/v2\/product_cat?post=22231"},{"taxonomy":"product_tag","embeddable":true,"href":"https:\/\/guidetotheazores.pt\/de\/wp-json\/wp\/v2\/product_tag?post=22231"}],"curies":[{"name":"wp","href":"https:\/\/api.w.org\/{rel}","templated":true}]}}