{"id":22245,"date":"2024-01-31T07:48:27","date_gmt":"2024-01-31T08:48:27","guid":{"rendered":"https:\/\/guidetotheazores.pt\/product\/princess-alice-bank-tauchen-mit-mantas\/"},"modified":"2024-01-31T07:48:27","modified_gmt":"2024-01-31T08:48:27","slug":"princess-alice-bank-tauchen-mit-mantas","status":"publish","type":"product","link":"https:\/\/guidetotheazores.pt\/de\/produkt\/princess-alice-bank-tauchen-mit-mantas\/","title":{"rendered":"Princess Alice Bank (Tauchen mit Mantas)"},"content":{"rendered":"<p>Das Tauchen mit Mantas (Mobula tarapacana) gilt als einer der besten Tauchg\u00e4nge auf den Azoren. Er befindet sich auf einer Unterwasserbank namens &#8222;Princesa Alice&#8220;, etwa 45 Seemeilen s\u00fcdlich der Insel Faial, in einer Tiefe von 35 Metern. Bei diesem Erlebnis hast du die Chance, mit diesen majest\u00e4tischen Tieren ins Herz des Ozeans zu tauchen. Gelegentlich hast du auch die Chance, Thunfische (Katsuwonus pelamis), Barrakudas (Sphyraena viridensis) und Lilien (Seriola rivoliana) zu sehen.   <\/p>\n<p>Diese Ausfl\u00fcge finden von Juli bis September statt, normalerweise von 7.30 bis 19.00 Uhr. Die Fahrt dauert 3 Stunden pro Strecke. Nach der Ankunft machen wir den ersten Tauchgang, kehren f\u00fcr eine Stunde zum Boot zur\u00fcck, essen einen kleinen Snack und machen dann den zweiten Tauchgang. <\/p>\n<p>Au\u00dferdem ist dies eine gro\u00dfartige Gelegenheit f\u00fcr diejenigen, die keinen Tauchschein haben, da sie schnorcheln k\u00f6nnen, w\u00e4hrend die Mantas und andere pelagische Tiere n\u00e4her an die Oberfl\u00e4che kommen.<\/p>\n<p>Wenn du diesen Tauchgang machen m\u00f6chtest, empfehlen wir dir, mehrere Tage zur Verf\u00fcgung zu haben, denn diese Aktivit\u00e4t wird nur ein oder zwei Tage im Voraus best\u00e4tigt, da wir immer von den Wetterbedingungen und der erforderlichen Mindestanzahl an Kunden abh\u00e4ngig sind.<\/p>\n<p><strong>Unser Ziel ist es, die Sicherheit und Nachhaltigkeit dieser Aktivit\u00e4t zu f\u00f6rdern. Aus diesem Grund musst du einige Regeln und einen Verhaltenskodex zum Manta-Tauchen auf den Azoren befolgen:<\/strong><\/p>\n<p><strong>1 &#8211; \u00dcberpr\u00fcfe die G\u00fcltigkeit deines Tauchscheins, die \u00e4rztliche Untersuchung und die Anzahl der von dir geloggten Tauchg\u00e4nge.<\/strong><\/p>\n<p><strong>2 &#8211; Du musst einen &#8222;Check-Tauchgang&#8220; machen, bevor du mit Haien tauchst. Dabei handelt es sich um einen normalen K\u00fcstentauchgang, bei dem die Erfahrung und das Wohlbefinden des Tauchers im Wasser \u00fcberpr\u00fcft werden. <\/strong><\/p>\n<p><strong>  3 &#8211; Befolge alle Anweisungen des Tauchlehrers w\u00e4hrend der Aktivit\u00e4t.<\/strong><\/p>\n","protected":false},"excerpt":{"rendered":"<p>Das Tauchen mit Mantas (Mobula tarapacana) gilt als einer der besten Tauchg\u00e4nge auf den Azoren. Er befindet sich auf einer Unterwasserbank namens &#8222;Princesa Alice&#8220;, etwa 45 Seemeilen s\u00fcdlich der Insel Faial, in einer Tiefe von 35 Metern. Bei diesem Erlebnis hast du die Chance, mit diesen majest\u00e4tischen Tieren in das Herz des Ozeans zu tauchen. Gelegentlich hast du auch die Chance, Thunfische (Katsuwonus pelamis), Barrakudas (Sphyraena viridensis) und Lilien (Seriola rivoliana) zu sehen.   <\/p>\n<p><em>* Die Reise wird mit anderen Teilnehmern geteilt und erfordert eine Mindestteilnehmerzahl von 6 Personen.<\/em><\/p>\n","protected":false},"featured_media":22246,"comment_status":"open","ping_status":"closed","template":"","meta":{"_acf_changed":false},"product_brand":[],"product_cat":[19483,19490,19491,19489],"product_tag":[19492],"class_list":{"0":"post-22245","1":"product","2":"type-product","3":"status-publish","4":"has-post-thumbnail","6":"product_cat-aktivitaten","7":"product_cat-alle-inseln","8":"product_cat-faial","9":"product_cat-tauchen","10":"product_tag-faialisland","12":"first","13":"instock","14":"virtual","15":"sold-individually","16":"taxable","17":"purchasable","18":"product-type-phive_booking"},"acf":[],"_links":{"self":[{"href":"https:\/\/guidetotheazores.pt\/de\/wp-json\/wp\/v2\/product\/22245","targetHints":{"allow":["GET"]}}],"collection":[{"href":"https:\/\/guidetotheazores.pt\/de\/wp-json\/wp\/v2\/product"}],"about":[{"href":"https:\/\/guidetotheazores.pt\/de\/wp-json\/wp\/v2\/types\/product"}],"replies":[{"embeddable":true,"href":"https:\/\/guidetotheazores.pt\/de\/wp-json\/wp\/v2\/comments?post=22245"}],"wp:featuredmedia":[{"embeddable":true,"href":"https:\/\/guidetotheazores.pt\/de\/wp-json\/wp\/v2\/media\/22246"}],"wp:attachment":[{"href":"https:\/\/guidetotheazores.pt\/de\/wp-json\/wp\/v2\/media?parent=22245"}],"wp:term":[{"taxonomy":"product_brand","embeddable":true,"href":"https:\/\/guidetotheazores.pt\/de\/wp-json\/wp\/v2\/product_brand?post=22245"},{"taxonomy":"product_cat","embeddable":true,"href":"https:\/\/guidetotheazores.pt\/de\/wp-json\/wp\/v2\/product_cat?post=22245"},{"taxonomy":"product_tag","embeddable":true,"href":"https:\/\/guidetotheazores.pt\/de\/wp-json\/wp\/v2\/product_tag?post=22245"}],"curies":[{"name":"wp","href":"https:\/\/api.w.org\/{rel}","templated":true}]}}