{"id":22258,"date":"2024-01-31T07:14:46","date_gmt":"2024-01-31T08:14:46","guid":{"rendered":"https:\/\/guidetotheazores.pt\/product\/tauchen-mit-haien\/"},"modified":"2024-01-31T07:14:46","modified_gmt":"2024-01-31T08:14:46","slug":"tauchen-mit-haien","status":"publish","type":"product","link":"https:\/\/guidetotheazores.pt\/de\/produkt\/tauchen-mit-haien\/","title":{"rendered":"Tauchen mit Haien"},"content":{"rendered":"<p>Begleite uns auf diesem aufregenden Ausflug! Diese Ausfl\u00fcge finden von Juli bis September statt und wir fahren mit halbstarren Booten zum Tauchplatz, es ist also ein Halbtagesausflug. Auf diesem Ausflug hast du die M\u00f6glichkeit, einen der schnellsten Fische des Ozeans zu sehen, den Blauhai (Prionace glauca). Es ist ein einmaliges Erlebnis, bei dem du die Chance hast, in die Welt dieses unglaublichen Raubfisches einzutauchen.   <\/p>\n<p>Dieser Tauchgang wird nicht als Tieftauchgang angesehen. Die Taucher bleiben zwischen der Oberfl\u00e4che und 10 Metern Tiefe, wo sich die K\u00f6derbox befindet. Das Boot treibt und die Taucher und Schnorchler halten sich in der N\u00e4he des Bootes auf. F\u00fcr den Fall einer starken Str\u00f6mung und f\u00fcr weniger erfahrene Taucher wird ein Sicherheitskabel am Boot befestigt.   <\/p>\n<p>Wenn du diesen Tauchgang machen m\u00f6chtest, empfehlen wir dir, mehrere Tage zur Verf\u00fcgung zu haben, da diese Aktivit\u00e4t nur ein oder zwei Tage im Voraus best\u00e4tigt wird, da wir immer von den Wetterbedingungen und der Mindestanzahl der ben\u00f6tigten Kunden abh\u00e4ngig sind.<\/p>\n<p>Unser Ziel ist es, die Sicherheit und Nachhaltigkeit dieser Aktivit\u00e4t zu f\u00f6rdern. Deshalb solltest du beim Tauchen mit Haien auf den Azoren einige Regeln und einen Verhaltenskodex beachten:<\/p>\n<p>1. die \u00dcberpr\u00fcfung der G\u00fcltigkeit deines Tauchscheins, der \u00e4rztlichen Untersuchung und der Anzahl der geloggten Tauchg\u00e4nge.<\/p>\n<p>2 &#8211; Diese Aktivit\u00e4t erfordert einen &#8222;Check-Tauchgang&#8220; vor dem Tauchen mit Haien. Dabei handelt es sich um einen normalen K\u00fcstentauchgang, bei dem die Erfahrung und das Wohlbefinden des Tauchers im Wasser \u00fcberpr\u00fcft werden. <\/p>\n<p>Das Ausf\u00fcllen eines Dokuments zur Risikoannahme ist erforderlich<\/p>\n","protected":false},"excerpt":{"rendered":"<p>Begleite uns auf diesem aufregenden Ausflug! Diese Ausfl\u00fcge finden von Juli bis September statt und wir fahren mit halbstarren Booten zum Tauchplatz, es ist also ein Halbtagesausflug. Auf diesem Ausflug hast du die M\u00f6glichkeit, einen der schnellsten Fische des Ozeans zu sehen, den Blauhai (Prionace glauca). Es ist ein einmaliges Erlebnis, bei dem du die Chance hast, in die Welt dieses unglaublichen Raubfisches einzutauchen.   <\/p>\n<p><em>* Die Reise wird mit anderen Teilnehmern geteilt und erfordert eine Mindestteilnehmerzahl von 4 Personen.<\/em><\/p>\n","protected":false},"featured_media":22259,"comment_status":"open","ping_status":"closed","template":"","meta":{"_acf_changed":false},"product_brand":[],"product_cat":[19483,19490,19491,19489],"product_tag":[19492],"class_list":{"0":"post-22258","1":"product","2":"type-product","3":"status-publish","4":"has-post-thumbnail","6":"product_cat-aktivitaten","7":"product_cat-alle-inseln","8":"product_cat-faial","9":"product_cat-tauchen","10":"product_tag-faialisland","12":"first","13":"instock","14":"virtual","15":"sold-individually","16":"taxable","17":"purchasable","18":"product-type-phive_booking"},"acf":[],"_links":{"self":[{"href":"https:\/\/guidetotheazores.pt\/de\/wp-json\/wp\/v2\/product\/22258","targetHints":{"allow":["GET"]}}],"collection":[{"href":"https:\/\/guidetotheazores.pt\/de\/wp-json\/wp\/v2\/product"}],"about":[{"href":"https:\/\/guidetotheazores.pt\/de\/wp-json\/wp\/v2\/types\/product"}],"replies":[{"embeddable":true,"href":"https:\/\/guidetotheazores.pt\/de\/wp-json\/wp\/v2\/comments?post=22258"}],"wp:featuredmedia":[{"embeddable":true,"href":"https:\/\/guidetotheazores.pt\/de\/wp-json\/wp\/v2\/media\/22259"}],"wp:attachment":[{"href":"https:\/\/guidetotheazores.pt\/de\/wp-json\/wp\/v2\/media?parent=22258"}],"wp:term":[{"taxonomy":"product_brand","embeddable":true,"href":"https:\/\/guidetotheazores.pt\/de\/wp-json\/wp\/v2\/product_brand?post=22258"},{"taxonomy":"product_cat","embeddable":true,"href":"https:\/\/guidetotheazores.pt\/de\/wp-json\/wp\/v2\/product_cat?post=22258"},{"taxonomy":"product_tag","embeddable":true,"href":"https:\/\/guidetotheazores.pt\/de\/wp-json\/wp\/v2\/product_tag?post=22258"}],"curies":[{"name":"wp","href":"https:\/\/api.w.org\/{rel}","templated":true}]}}