{"id":22263,"date":"2024-01-30T16:13:40","date_gmt":"2024-01-30T17:13:40","guid":{"rendered":"https:\/\/guidetotheazores.pt\/product\/ziegeninselchen\/"},"modified":"2024-01-30T16:13:40","modified_gmt":"2024-01-30T17:13:40","slug":"ziegeninselchen","status":"publish","type":"product","link":"https:\/\/guidetotheazores.pt\/de\/produkt\/ziegeninselchen\/","title":{"rendered":"Ziegeninselchen"},"content":{"rendered":"<p><span class=\"wixui-rich-text__text\">Sobald wir in der N\u00e4he sind, werden wir Informationen \u00fcber die Geschichte, die Geologie und die Seev\u00f6gel erhalten und die<\/span><span class=\"wixui-rich-text__text\"> die Vielfalt der vulkanischen Strukturen, Spalten und H\u00f6hlen, die die Inseln bilden.<\/span><\/p>\n","protected":false},"excerpt":{"rendered":"<p><span class=\"wixui-rich-text__text\">Ein alter Vulkan, die gr\u00f6\u00dfte Insel der Azoren, Nistplatz f\u00fcr eine Vielzahl von Seev\u00f6geln und ein Schutzgebiet &#8211; Ilh\u00e9us das Cabras sind eine tolle M\u00f6glichkeit, eines der Highlights der Insellandschaft von Terceira zu erleben.  <\/span><\/p>\n","protected":false},"featured_media":22264,"comment_status":"open","ping_status":"closed","template":"","meta":{"_acf_changed":false},"product_brand":[],"product_cat":[19483,19490,19493,19494],"product_tag":[19495],"class_list":{"0":"post-22263","1":"product","2":"type-product","3":"status-publish","4":"has-post-thumbnail","6":"product_cat-aktivitaten","7":"product_cat-alle-inseln","8":"product_cat-segeln","9":"product_cat-terceira","10":"product_tag-terceiraisland","12":"first","13":"instock","14":"virtual","15":"sold-individually","16":"taxable","17":"purchasable","18":"product-type-phive_booking"},"acf":[],"_links":{"self":[{"href":"https:\/\/guidetotheazores.pt\/de\/wp-json\/wp\/v2\/product\/22263","targetHints":{"allow":["GET"]}}],"collection":[{"href":"https:\/\/guidetotheazores.pt\/de\/wp-json\/wp\/v2\/product"}],"about":[{"href":"https:\/\/guidetotheazores.pt\/de\/wp-json\/wp\/v2\/types\/product"}],"replies":[{"embeddable":true,"href":"https:\/\/guidetotheazores.pt\/de\/wp-json\/wp\/v2\/comments?post=22263"}],"wp:featuredmedia":[{"embeddable":true,"href":"https:\/\/guidetotheazores.pt\/de\/wp-json\/wp\/v2\/media\/22264"}],"wp:attachment":[{"href":"https:\/\/guidetotheazores.pt\/de\/wp-json\/wp\/v2\/media?parent=22263"}],"wp:term":[{"taxonomy":"product_brand","embeddable":true,"href":"https:\/\/guidetotheazores.pt\/de\/wp-json\/wp\/v2\/product_brand?post=22263"},{"taxonomy":"product_cat","embeddable":true,"href":"https:\/\/guidetotheazores.pt\/de\/wp-json\/wp\/v2\/product_cat?post=22263"},{"taxonomy":"product_tag","embeddable":true,"href":"https:\/\/guidetotheazores.pt\/de\/wp-json\/wp\/v2\/product_tag?post=22263"}],"curies":[{"name":"wp","href":"https:\/\/api.w.org\/{rel}","templated":true}]}}