{"id":22285,"date":"2024-01-31T06:50:03","date_gmt":"2024-01-31T07:50:03","guid":{"rendered":"https:\/\/guidetotheazores.pt\/product\/tauchen-an-der-kueste\/"},"modified":"2024-01-31T06:50:03","modified_gmt":"2024-01-31T07:50:03","slug":"tauchen-an-der-kueste","status":"publish","type":"product","link":"https:\/\/guidetotheazores.pt\/de\/produkt\/tauchen-an-der-kueste\/","title":{"rendered":"Tauchen an der K\u00fcste"},"content":{"rendered":"<p>Die Azoren sind zweifelsohne eines der besten Tauchziele im Atlantik. Unsere Tauchsaison geht von April bis Oktober. Unsere Tauchpl\u00e4tze sind sehr vielf\u00e4ltig und bieten f\u00fcr alle Vorlieben und Erfahrungsstufen mehr als 20 Tauchpl\u00e4tze zwischen den Inseln Faial und Pico.  <\/p>\n<p>Die h\u00e4ufigsten Tauchpl\u00e4tze befinden sich im Meeresschutzgebiet &#8222;Monte da Guia&#8220; auf der Insel Faial. Um zum Tauchplatz zu gelangen, benutzen wir immer ein halbstarres Boot, da er etwa 5 Minuten von unserer Basis entfernt ist. Die Wassertemperaturen schwanken in den Sommermonaten zwischen 20 und 24\u00baC. Ein 5 mm oder 7 mm Neoprenanzug ist daher normalerweise ausreichend.  <\/p>\n<p>Das Meeresleben auf den Inseln Faial und Pico ist fantastisch! Du hast die Chance, zwischen den Felsen neugierige Schleimaale (Balistes carolinensis), Zackenbarsche (Epinephelus marginatus), Seehunde (Sparisoma cretense), Kraken und Mur\u00e4nen sowie kleine Arten wie bunte Nacktschnecken zu entdecken. <\/p>\n<p>Wenn du keinen Tauchschein hast, bieten wir auch Schnorchelausfl\u00fcge an den Tauchpl\u00e4tzen oder eine Tauchtaufe an, bei der du immer von einem qualifizierten Tauchlehrer begleitet wirst, der sich um dich unter Wasser k\u00fcmmert.<\/p>\n","protected":false},"excerpt":{"rendered":"<p>Die Azoren sind zweifelsohne eines der besten Tauchziele im Atlantik. Unsere Tauchsaison geht von April bis Oktober. Unsere Tauchpl\u00e4tze sind sehr vielf\u00e4ltig und bieten f\u00fcr alle Vorlieben und Erfahrungsstufen mehr als 20 Tauchpl\u00e4tze zwischen den Inseln Faial und Pico.  <\/p>\n<p><em>* Die Reise wird mit anderen Teilnehmern geteilt und erfordert eine Mindestteilnehmerzahl von 3 Personen.<\/em><\/p>\n","protected":false},"featured_media":22295,"comment_status":"open","ping_status":"closed","template":"","meta":{"_acf_changed":false},"product_brand":[],"product_cat":[19483,19490,19491,19489],"product_tag":[19492],"class_list":{"0":"post-22285","1":"product","2":"type-product","3":"status-publish","4":"has-post-thumbnail","6":"product_cat-aktivitaten","7":"product_cat-alle-inseln","8":"product_cat-faial","9":"product_cat-tauchen","10":"product_tag-faialisland","12":"first","13":"instock","14":"virtual","15":"sold-individually","16":"taxable","17":"purchasable","18":"product-type-phive_booking"},"acf":[],"_links":{"self":[{"href":"https:\/\/guidetotheazores.pt\/de\/wp-json\/wp\/v2\/product\/22285","targetHints":{"allow":["GET"]}}],"collection":[{"href":"https:\/\/guidetotheazores.pt\/de\/wp-json\/wp\/v2\/product"}],"about":[{"href":"https:\/\/guidetotheazores.pt\/de\/wp-json\/wp\/v2\/types\/product"}],"replies":[{"embeddable":true,"href":"https:\/\/guidetotheazores.pt\/de\/wp-json\/wp\/v2\/comments?post=22285"}],"wp:featuredmedia":[{"embeddable":true,"href":"https:\/\/guidetotheazores.pt\/de\/wp-json\/wp\/v2\/media\/22295"}],"wp:attachment":[{"href":"https:\/\/guidetotheazores.pt\/de\/wp-json\/wp\/v2\/media?parent=22285"}],"wp:term":[{"taxonomy":"product_brand","embeddable":true,"href":"https:\/\/guidetotheazores.pt\/de\/wp-json\/wp\/v2\/product_brand?post=22285"},{"taxonomy":"product_cat","embeddable":true,"href":"https:\/\/guidetotheazores.pt\/de\/wp-json\/wp\/v2\/product_cat?post=22285"},{"taxonomy":"product_tag","embeddable":true,"href":"https:\/\/guidetotheazores.pt\/de\/wp-json\/wp\/v2\/product_tag?post=22285"}],"curies":[{"name":"wp","href":"https:\/\/api.w.org\/{rel}","templated":true}]}}