{"id":22309,"date":"2024-01-25T14:20:51","date_gmt":"2024-01-25T15:20:51","guid":{"rendered":"https:\/\/guidetotheazores.pt\/product\/whale-watching-rund-um-faial\/"},"modified":"2024-01-25T14:20:51","modified_gmt":"2024-01-25T15:20:51","slug":"whale-watching-rund-um-faial","status":"publish","type":"product","link":"https:\/\/guidetotheazores.pt\/de\/produkt\/whale-watching-rund-um-faial\/","title":{"rendered":"Whale Watching rund um Faial"},"content":{"rendered":"<p>Bei dieser Aktivit\u00e4t hast du die M\u00f6glichkeit, Wale und Delfine (Cetacea) in ihrem nat\u00fcrlichen Lebensraum zu beobachten. Die Hauptsaison f\u00fcr die Walbeobachtung auf der Insel Faial geht von April bis Oktober. Du kannst unabh\u00e4ngig von deinem Alter und deiner k\u00f6rperlichen Verfassung an einer Walbeobachtungstour teilnehmen, jeder ist willkommen! Wenn du aufgrund einer Erkrankung besondere Hilfe ben\u00f6tigst, musst du uns vorher informieren. Wir arbeiten mit den traditionellen Ausguckern (aus der Zeit des Walfangs) auf den Inseln Faial und Pico zusammen. Sie halten jeden Tag nach Walen Ausschau, um sicherzustellen, dass du die Wale auf jeder Fahrt erfolgreich beobachten kannst. Das Einzige, was wir nicht garantieren k\u00f6nnen, sind die Wetterbedingungen, die uns manchmal daran hindern, aufs Meer zu fahren. Deshalb ist es am besten, wenn du deine Reise im Voraus buchst, damit wir den besten Tag ausw\u00e4hlen k\u00f6nnen.      <\/p>\n","protected":false},"excerpt":{"rendered":"<p>Bei dieser Aktivit\u00e4t hast du die M\u00f6glichkeit, Wale und Delfine (Cetacea) in ihrem nat\u00fcrlichen Lebensraum zu beobachten. Die Hauptsaison f\u00fcr die Walbeobachtung auf der Insel Faial geht von April bis Oktober. Du kannst unabh\u00e4ngig von deinem Alter und deiner k\u00f6rperlichen Verfassung an einer Walbeobachtungstour teilnehmen, jeder ist willkommen!  <\/p>\n<p><em>* Die Reise wird mit anderen Teilnehmern geteilt und erfordert eine Mindestteilnehmerzahl von 6 Personen.<\/em><\/p>\n","protected":false},"featured_media":22310,"comment_status":"open","ping_status":"closed","template":"","meta":{"_acf_changed":false},"product_brand":[],"product_cat":[19483,19490,19491,19499],"product_tag":[19492],"class_list":{"0":"post-22309","1":"product","2":"type-product","3":"status-publish","4":"has-post-thumbnail","6":"product_cat-aktivitaten","7":"product_cat-alle-inseln","8":"product_cat-faial","9":"product_cat-whale-watching","10":"product_tag-faialisland","12":"first","13":"instock","14":"virtual","15":"sold-individually","16":"taxable","17":"purchasable","18":"product-type-phive_booking"},"acf":[],"_links":{"self":[{"href":"https:\/\/guidetotheazores.pt\/de\/wp-json\/wp\/v2\/product\/22309","targetHints":{"allow":["GET"]}}],"collection":[{"href":"https:\/\/guidetotheazores.pt\/de\/wp-json\/wp\/v2\/product"}],"about":[{"href":"https:\/\/guidetotheazores.pt\/de\/wp-json\/wp\/v2\/types\/product"}],"replies":[{"embeddable":true,"href":"https:\/\/guidetotheazores.pt\/de\/wp-json\/wp\/v2\/comments?post=22309"}],"wp:featuredmedia":[{"embeddable":true,"href":"https:\/\/guidetotheazores.pt\/de\/wp-json\/wp\/v2\/media\/22310"}],"wp:attachment":[{"href":"https:\/\/guidetotheazores.pt\/de\/wp-json\/wp\/v2\/media?parent=22309"}],"wp:term":[{"taxonomy":"product_brand","embeddable":true,"href":"https:\/\/guidetotheazores.pt\/de\/wp-json\/wp\/v2\/product_brand?post=22309"},{"taxonomy":"product_cat","embeddable":true,"href":"https:\/\/guidetotheazores.pt\/de\/wp-json\/wp\/v2\/product_cat?post=22309"},{"taxonomy":"product_tag","embeddable":true,"href":"https:\/\/guidetotheazores.pt\/de\/wp-json\/wp\/v2\/product_tag?post=22309"}],"curies":[{"name":"wp","href":"https:\/\/api.w.org\/{rel}","templated":true}]}}