{"id":22356,"date":"2023-07-31T09:22:07","date_gmt":"2023-07-31T10:22:07","guid":{"rendered":"https:\/\/guidetotheazores.pt\/product\/reise-umzugstipps-fuer-die-azoren-1-stuendiger-videoanruf\/"},"modified":"2023-07-31T09:22:07","modified_gmt":"2023-07-31T10:22:07","slug":"reise-umzugstipps-fuer-die-azoren-1-stuendiger-videoanruf","status":"publish","type":"product","link":"https:\/\/guidetotheazores.pt\/de\/produkt\/reise-umzugstipps-fuer-die-azoren-1-stuendiger-videoanruf\/","title":{"rendered":"Reise-\/Umzugstipps f\u00fcr die Azoren &#8211; 1-st\u00fcndiger Videoanruf"},"content":{"rendered":"<p>Reise-\/Umzugsberatung f\u00fcr die Azoren &#8211; 1-st\u00fcndiger Videoanruf<\/p>\n<p>Wenn du dar\u00fcber nachdenkst, eine Reise zu planen oder auf die Azoren umzuziehen, aber viele Fragen hast, die im Internet nicht eindeutig beantwortet werden, k\u00f6nnen wir dir mit einer speziellen Online-Sitzung helfen!<\/p>\n<p>Kann ich mit \u00f6ffentlichen Verkehrsmitteln fahren?<\/p>\n<p>Welche Inseln sind durch F\u00e4hren verbunden?<\/p>\n<p>Gibt es Campingpl\u00e4tze?<\/p>\n<p>Wo gibt es die sch\u00f6nsten nat\u00fcrlichen Schwimmb\u00e4der?<\/p>\n<p>Kann ich mein Auto zwischen den Inseln \u00fcberf\u00fchren?<\/p>\n<p>Was ist die beste Zeit im Jahr f\u00fcr einen Urlaub?<\/p>\n<p>Wie funktioniert das Gesundheitswesen? Wie viel kostet das Leben? Wie viel kostet es, ein Haus zu kaufen oder zu mieten?  <\/p>\n<p>Wir leben seit vier Jahren auf den Azoren, auf der Insel Faial. Auf diese und andere Fragen haben wir die Antworten f\u00fcr dich.<\/p>\n<p>&nbsp;<\/p>\n","protected":false},"excerpt":{"rendered":"<p>Wenn du dar\u00fcber nachdenkst, eine Reise zu planen oder auf die Azoren umzuziehen, aber viele Fragen hast, die im Internet nicht eindeutig beantwortet werden, k\u00f6nnen wir dir mit einer speziellen Online-Sitzung helfen!<\/p>\n","protected":false},"featured_media":22358,"comment_status":"closed","ping_status":"closed","template":"","meta":{"_acf_changed":false},"product_brand":[],"product_cat":[19509,19510],"product_tag":[],"class_list":{"0":"post-22356","1":"product","2":"type-product","3":"status-publish","4":"has-post-thumbnail","6":"product_cat-dienstleistungen","7":"product_cat-reise-designer","9":"first","10":"instock","11":"virtual","12":"sold-individually","13":"taxable","14":"purchasable","15":"product-type-simple"},"acf":[],"_links":{"self":[{"href":"https:\/\/guidetotheazores.pt\/de\/wp-json\/wp\/v2\/product\/22356","targetHints":{"allow":["GET"]}}],"collection":[{"href":"https:\/\/guidetotheazores.pt\/de\/wp-json\/wp\/v2\/product"}],"about":[{"href":"https:\/\/guidetotheazores.pt\/de\/wp-json\/wp\/v2\/types\/product"}],"replies":[{"embeddable":true,"href":"https:\/\/guidetotheazores.pt\/de\/wp-json\/wp\/v2\/comments?post=22356"}],"wp:featuredmedia":[{"embeddable":true,"href":"https:\/\/guidetotheazores.pt\/de\/wp-json\/wp\/v2\/media\/22358"}],"wp:attachment":[{"href":"https:\/\/guidetotheazores.pt\/de\/wp-json\/wp\/v2\/media?parent=22356"}],"wp:term":[{"taxonomy":"product_brand","embeddable":true,"href":"https:\/\/guidetotheazores.pt\/de\/wp-json\/wp\/v2\/product_brand?post=22356"},{"taxonomy":"product_cat","embeddable":true,"href":"https:\/\/guidetotheazores.pt\/de\/wp-json\/wp\/v2\/product_cat?post=22356"},{"taxonomy":"product_tag","embeddable":true,"href":"https:\/\/guidetotheazores.pt\/de\/wp-json\/wp\/v2\/product_tag?post=22356"}],"curies":[{"name":"wp","href":"https:\/\/api.w.org\/{rel}","templated":true}]}}