{"id":22384,"date":"2023-06-02T12:58:24","date_gmt":"2023-06-02T13:58:24","guid":{"rendered":"https:\/\/guidetotheazores.pt\/product\/haven-hill-villa\/"},"modified":"2023-06-02T12:58:24","modified_gmt":"2023-06-02T13:58:24","slug":"haven-hill-villa","status":"publish","type":"product","link":"https:\/\/guidetotheazores.pt\/de\/produkt\/haven-hill-villa\/","title":{"rendered":"Haven Hill Villa"},"content":{"rendered":"<p>Haven Hill ist eine modern renovierte Villa von Azores Properties. Sie befindet sich in Horta auf einem 23.000 m2 gro\u00dfen Privatgrundst\u00fcck. Auf dem Grundst\u00fcck stehen 5 Pferde, was f\u00fcr Menschen mit Pferdeallergien ein Problem darstellen k\u00f6nnte. Es hat mehrere Schlafzimmer, einen Pool, Klimaanlage, Privatsph\u00e4re und zwei Terrassen mit einem einzigartigen Blick \u00fcber die Bucht von Horta und auf die Inseln Pico und S\u00e3o Jorge. Das Haus hat ein ger\u00e4umiges Wohnzimmer mit einer offenen K\u00fcche. F\u00fcr das Abendessen gibt es einen Tisch im Freien, an dem 8 Personen Platz haben, sowie einen Tisch im Haus f\u00fcr 8 G\u00e4ste. Es gibt zwei B\u00e4der, eines mit Toilette und Bidet, eines mit Toilette und eine zus\u00e4tzliche Toilette im Flur. Eine Reise in die Stadt Horta wird sicherlich angenehmer als je zuvor sein. Diese Unterkunft ist ideal, wenn du mit der Familie reist oder allein oder zu zweit mehr Platz und Ruhe haben m\u00f6chtest. Das Haus ist komplett m\u00f6bliert und mit allem ausgestattet, was du f\u00fcr einen exklusiven Urlaub auf der Insel Faial brauchst.         <\/p>\n","protected":false},"excerpt":{"rendered":"<p>Haven Hill ist eine modern renovierte Villa von Azores Properties. Sie befindet sich in Horta auf einem 23.000 m2 gro\u00dfen Privatgrundst\u00fcck. Sie hat mehrere Schlafzimmer, einen Pool, Klimaanlage, Privatsph\u00e4re und zwei Terrassen mit einem einzigartigen Blick \u00fcber die Bucht von Horta und auf die Inseln Pico und S\u00e3o Jorge.  <\/p>\n<p>Bietet Platz f\u00fcr bis zu 7 Personen<\/p>\n","protected":false},"featured_media":22386,"comment_status":"open","ping_status":"closed","template":"","meta":{"_acf_changed":false},"product_brand":[],"product_cat":[19490,19514,19491,19511],"product_tag":[19492],"class_list":{"0":"post-22384","1":"product","2":"type-product","3":"status-publish","4":"has-post-thumbnail","6":"product_cat-alle-inseln","7":"product_cat-alojamento-lokal","8":"product_cat-faial","9":"product_cat-unterkunft","10":"product_tag-faialisland","12":"first","13":"instock","14":"virtual","15":"sold-individually","16":"taxable","17":"purchasable","18":"product-type-phive_booking"},"acf":[],"_links":{"self":[{"href":"https:\/\/guidetotheazores.pt\/de\/wp-json\/wp\/v2\/product\/22384","targetHints":{"allow":["GET"]}}],"collection":[{"href":"https:\/\/guidetotheazores.pt\/de\/wp-json\/wp\/v2\/product"}],"about":[{"href":"https:\/\/guidetotheazores.pt\/de\/wp-json\/wp\/v2\/types\/product"}],"replies":[{"embeddable":true,"href":"https:\/\/guidetotheazores.pt\/de\/wp-json\/wp\/v2\/comments?post=22384"}],"wp:featuredmedia":[{"embeddable":true,"href":"https:\/\/guidetotheazores.pt\/de\/wp-json\/wp\/v2\/media\/22386"}],"wp:attachment":[{"href":"https:\/\/guidetotheazores.pt\/de\/wp-json\/wp\/v2\/media?parent=22384"}],"wp:term":[{"taxonomy":"product_brand","embeddable":true,"href":"https:\/\/guidetotheazores.pt\/de\/wp-json\/wp\/v2\/product_brand?post=22384"},{"taxonomy":"product_cat","embeddable":true,"href":"https:\/\/guidetotheazores.pt\/de\/wp-json\/wp\/v2\/product_cat?post=22384"},{"taxonomy":"product_tag","embeddable":true,"href":"https:\/\/guidetotheazores.pt\/de\/wp-json\/wp\/v2\/product_tag?post=22384"}],"curies":[{"name":"wp","href":"https:\/\/api.w.org\/{rel}","templated":true}]}}