{"id":22434,"date":"2023-02-27T12:49:20","date_gmt":"2023-02-27T13:49:20","guid":{"rendered":"https:\/\/guidetotheazores.pt\/product\/ganztaegige-private-tour-nach-faial\/"},"modified":"2023-02-27T12:49:20","modified_gmt":"2023-02-27T13:49:20","slug":"ganztaegige-private-tour-nach-faial","status":"publish","type":"product","link":"https:\/\/guidetotheazores.pt\/de\/produkt\/ganztaegige-private-tour-nach-faial\/","title":{"rendered":"Ganzt\u00e4gige private Tour nach Faial"},"content":{"rendered":"<p><strong>Die Highlights der Tour:<\/strong><\/p>\n<ul>\n<li>Monte da Guia<\/li>\n<li>Miradouro da Lajinha<\/li>\n<li>Morro de Castelo Branco<\/li>\n<li>Varadouro<\/li>\n<li>Capelinhos<\/li>\n<li>Praia da Faj\u00e3<\/li>\n<li>Caldeira<\/li>\n<li>Farol da Ribeirinha<\/li>\n<li>Praia do Almoxarife<\/li>\n<li>Miradouro da Nossa Senhora da Concei\u00e7\u00e3o<\/li>\n<\/ul>\n<p><strong>Treffpunkt \/ Abholung:<\/strong><\/p>\n<p>Diese Ganztagestour beginnt normalerweise um 9:00 Uhr. Wir holen dich direkt an deiner Unterkunft oder an einem Ort deiner Wahl auf Faial ab. Alternativ k\u00f6nnen wir uns auch in der Stadt Horta am Largo Dr. Manuel de Arriaga auf dem Platz vor dem Hotel do Canal treffen. Bitte teile uns deine Pr\u00e4ferenz mit!   <\/p>\n<p><strong>Wichtige Informationen:<\/strong><\/p>\n<ul>\n<li>Vergiss deine Kamera nicht und lade sie vollst\u00e4ndig auf<\/li>\n<li>Trage angemessene Kleidung, das Wetter kann sich schnell \u00e4ndern<\/li>\n<li>Trage gute und bequeme Schuhe<\/li>\n<li>Nicht rollstuhlgerecht<\/li>\n<li>Kinderwagen zug\u00e4nglich<\/li>\n<li>Servicetiere erlaubt<\/li>\n<li>Private gef\u00fchrte Tour f\u00fcr bis zu 6 Teilnehmer<\/li>\n<li>Bitte kontaktiere uns direkt f\u00fcr gr\u00f6\u00dfere Gruppen und f\u00fcr Kindertarife<\/li>\n<\/ul>\n<p><strong>In der Tour inbegriffen:<\/strong><\/p>\n<ul>\n<li>Jede Menge Geschichten<\/li>\n<li>Reichhaltiges Mittagspicknick mit Getr\u00e4nken<\/li>\n<li>Snacks und Getr\u00e4nke<\/li>\n<li>Pers\u00f6nliche Unfallversicherung<\/li>\n<li>Haftpflichtversicherung<\/li>\n<\/ul>\n<p>&nbsp;<\/p>\n","protected":false},"excerpt":{"rendered":"<p>Die Ganztagestour dauert etwa 7-8 Stunden und f\u00fchrt dich zu allen Sehensw\u00fcrdigkeiten Faials. Die Faial, alles an einem Tag ist perfekt f\u00fcr Besucher, die mehr \u00fcber Faial, seine Geschichte und seine Menschen erfahren wollen. Die Tour f\u00fchrt dich entlang der S\u00fcdk\u00fcste von Horta zum Vulkan von Capelinhos. Zur Mittagszeit gibt es ein reichhaltiges Picknick in einem der Erholungsparks von Faial. Am Nachmittag besuchst du die Caldeira, siehst den durch ein Erdbeben zerst\u00f6rten Leuchtturm von Riberinha und f\u00e4hrst dann zu einem der besten Sandstr\u00e4nde der Azoren.   <\/p>\n","protected":false},"featured_media":22435,"comment_status":"open","ping_status":"closed","template":"","meta":{"_acf_changed":false},"product_brand":[],"product_cat":[19483,19490,19491,19503],"product_tag":[19492],"class_list":{"0":"post-22434","1":"product","2":"type-product","3":"status-publish","4":"has-post-thumbnail","6":"product_cat-aktivitaten","7":"product_cat-alle-inseln","8":"product_cat-faial","9":"product_cat-gefuehrte-touren","10":"product_tag-faialisland","12":"first","13":"instock","14":"virtual","15":"sold-individually","16":"taxable","17":"purchasable","18":"product-type-phive_booking"},"acf":[],"_links":{"self":[{"href":"https:\/\/guidetotheazores.pt\/de\/wp-json\/wp\/v2\/product\/22434","targetHints":{"allow":["GET"]}}],"collection":[{"href":"https:\/\/guidetotheazores.pt\/de\/wp-json\/wp\/v2\/product"}],"about":[{"href":"https:\/\/guidetotheazores.pt\/de\/wp-json\/wp\/v2\/types\/product"}],"replies":[{"embeddable":true,"href":"https:\/\/guidetotheazores.pt\/de\/wp-json\/wp\/v2\/comments?post=22434"}],"wp:featuredmedia":[{"embeddable":true,"href":"https:\/\/guidetotheazores.pt\/de\/wp-json\/wp\/v2\/media\/22435"}],"wp:attachment":[{"href":"https:\/\/guidetotheazores.pt\/de\/wp-json\/wp\/v2\/media?parent=22434"}],"wp:term":[{"taxonomy":"product_brand","embeddable":true,"href":"https:\/\/guidetotheazores.pt\/de\/wp-json\/wp\/v2\/product_brand?post=22434"},{"taxonomy":"product_cat","embeddable":true,"href":"https:\/\/guidetotheazores.pt\/de\/wp-json\/wp\/v2\/product_cat?post=22434"},{"taxonomy":"product_tag","embeddable":true,"href":"https:\/\/guidetotheazores.pt\/de\/wp-json\/wp\/v2\/product_tag?post=22434"}],"curies":[{"name":"wp","href":"https:\/\/api.w.org\/{rel}","templated":true}]}}