{"id":22489,"date":"2023-02-27T10:11:58","date_gmt":"2023-02-27T11:11:58","guid":{"rendered":"https:\/\/guidetotheazores.pt\/product\/kryptomerien-kuppel\/"},"modified":"2023-02-27T10:11:58","modified_gmt":"2023-02-27T11:11:58","slug":"kryptomerien-kuppel","status":"publish","type":"product","link":"https:\/\/guidetotheazores.pt\/de\/produkt\/kryptomerien-kuppel\/","title":{"rendered":"Kryptomerien-Kuppel"},"content":{"rendered":"<p><span style=\"vertical-align: inherit\"><span style=\"vertical-align: inherit\"><span style=\"vertical-align: inherit\"><span style=\"vertical-align: inherit\">Es handelt sich um eine geod\u00e4tische Unterkunft mit einem G\u00e4stezimmer (Ballett) und der M\u00f6glichkeit, ein zus\u00e4tzliches Zimmer zu buchen (35\u20ac f\u00fcr ein zus\u00e4tzliches Zimmer). Tem casa de banho (com sanita e lavat\u00f3rio, sem duche), o duche fica nos balne\u00e1rios de apoio que ficam mesmo em frente (foto em anexo). Das ist eine M\u00f6glichkeit, um komfortabel zu campen.  <\/span><\/span><\/span><\/span><\/p>\n","protected":false},"excerpt":{"rendered":"<p>Ein komfortables geod\u00e4tisches Kuppelzelt mit einem Doppelbett und einem Badezimmer.<\/p>\n","protected":false},"featured_media":22490,"comment_status":"open","ping_status":"closed","template":"","meta":{"_acf_changed":false},"product_brand":[],"product_cat":[19490,19520,19494,19511],"product_tag":[19495],"class_list":{"0":"post-22489","1":"product","2":"type-product","3":"status-publish","4":"has-post-thumbnail","6":"product_cat-alle-inseln","7":"product_cat-camping-glamping","8":"product_cat-terceira","9":"product_cat-unterkunft","10":"product_tag-terceiraisland","12":"first","13":"instock","14":"virtual","15":"sold-individually","16":"taxable","17":"purchasable","18":"product-type-phive_booking"},"acf":[],"_links":{"self":[{"href":"https:\/\/guidetotheazores.pt\/de\/wp-json\/wp\/v2\/product\/22489","targetHints":{"allow":["GET"]}}],"collection":[{"href":"https:\/\/guidetotheazores.pt\/de\/wp-json\/wp\/v2\/product"}],"about":[{"href":"https:\/\/guidetotheazores.pt\/de\/wp-json\/wp\/v2\/types\/product"}],"replies":[{"embeddable":true,"href":"https:\/\/guidetotheazores.pt\/de\/wp-json\/wp\/v2\/comments?post=22489"}],"wp:featuredmedia":[{"embeddable":true,"href":"https:\/\/guidetotheazores.pt\/de\/wp-json\/wp\/v2\/media\/22490"}],"wp:attachment":[{"href":"https:\/\/guidetotheazores.pt\/de\/wp-json\/wp\/v2\/media?parent=22489"}],"wp:term":[{"taxonomy":"product_brand","embeddable":true,"href":"https:\/\/guidetotheazores.pt\/de\/wp-json\/wp\/v2\/product_brand?post=22489"},{"taxonomy":"product_cat","embeddable":true,"href":"https:\/\/guidetotheazores.pt\/de\/wp-json\/wp\/v2\/product_cat?post=22489"},{"taxonomy":"product_tag","embeddable":true,"href":"https:\/\/guidetotheazores.pt\/de\/wp-json\/wp\/v2\/product_tag?post=22489"}],"curies":[{"name":"wp","href":"https:\/\/api.w.org\/{rel}","templated":true}]}}