{"id":22494,"date":"2023-01-05T13:36:27","date_gmt":"2023-01-05T14:36:27","guid":{"rendered":"https:\/\/guidetotheazores.pt\/product\/azoren-reiseplanung-gruppensitzung\/"},"modified":"2023-01-05T13:36:27","modified_gmt":"2023-01-05T14:36:27","slug":"azoren-reiseplanung-gruppensitzung","status":"publish","type":"product","link":"https:\/\/guidetotheazores.pt\/de\/produkt\/azoren-reiseplanung-gruppensitzung\/","title":{"rendered":"Azoren Reiseplanung &#8211; Gruppensitzung"},"content":{"rendered":"<p>Eine einst\u00fcndige Video-Call-Konferenz mit Ilaria &#8211; Azoren-Reisedesigner<\/p>\n<p>Du planst eine Do-it-yourself-Reise auf die Azoren und m\u00f6chtest Ratschl\u00e4ge zu den Inseln, m\u00f6glichen Reiserouten, wie man sich fortbewegt, was man nicht verpassen sollte, Reisezeiten, ben\u00f6tigte Mindesttage, mitzunehmendes Gep\u00e4ck und tausend andere Dinge? Mit diesem Service organisieren wir einen 40&#8242;-Videoanruf mit meiner Einf\u00fchrung in die grundlegenden Dinge, die du f\u00fcr eine erfolgreiche Reiseplanung wissen musst, und einer Zeit f\u00fcr deine Fragen in der Warteschleife. <\/p>\n<p>Preis: 25\u20ac &#8211; pro Person (mindestens 2)<\/p>\n<p>Hinweis: Die Sitzung findet statt, wenn sich mindestens 2 Personen anmelden, ansonsten wird sie verschoben.<\/p>\n","protected":false},"excerpt":{"rendered":"<p>Eine einst\u00fcndige Gruppen-Video-Call-Konferenz mit Ilaria (Azoren-Reisedesignerin) f\u00fcr eine erfolgreiche Reiseplanung!<\/p>\n","protected":false},"featured_media":9806,"comment_status":"open","ping_status":"closed","template":"","meta":{"_acf_changed":false},"product_brand":[],"product_cat":[19509,19510],"product_tag":[],"class_list":{"0":"post-22494","1":"product","2":"type-product","3":"status-publish","4":"has-post-thumbnail","6":"product_cat-dienstleistungen","7":"product_cat-reise-designer","9":"first","10":"instock","11":"virtual","12":"taxable","13":"purchasable","14":"product-type-simple"},"acf":[],"_links":{"self":[{"href":"https:\/\/guidetotheazores.pt\/de\/wp-json\/wp\/v2\/product\/22494","targetHints":{"allow":["GET"]}}],"collection":[{"href":"https:\/\/guidetotheazores.pt\/de\/wp-json\/wp\/v2\/product"}],"about":[{"href":"https:\/\/guidetotheazores.pt\/de\/wp-json\/wp\/v2\/types\/product"}],"replies":[{"embeddable":true,"href":"https:\/\/guidetotheazores.pt\/de\/wp-json\/wp\/v2\/comments?post=22494"}],"wp:featuredmedia":[{"embeddable":true,"href":"https:\/\/guidetotheazores.pt\/de\/wp-json\/wp\/v2\/media\/9806"}],"wp:attachment":[{"href":"https:\/\/guidetotheazores.pt\/de\/wp-json\/wp\/v2\/media?parent=22494"}],"wp:term":[{"taxonomy":"product_brand","embeddable":true,"href":"https:\/\/guidetotheazores.pt\/de\/wp-json\/wp\/v2\/product_brand?post=22494"},{"taxonomy":"product_cat","embeddable":true,"href":"https:\/\/guidetotheazores.pt\/de\/wp-json\/wp\/v2\/product_cat?post=22494"},{"taxonomy":"product_tag","embeddable":true,"href":"https:\/\/guidetotheazores.pt\/de\/wp-json\/wp\/v2\/product_tag?post=22494"}],"curies":[{"name":"wp","href":"https:\/\/api.w.org\/{rel}","templated":true}]}}