{"id":22497,"date":"2022-02-18T12:11:28","date_gmt":"2022-02-18T13:11:28","guid":{"rendered":"https:\/\/guidetotheazores.pt\/product\/escuna-einzelzimmer-gemeinsames-bad\/"},"modified":"2022-02-18T12:11:28","modified_gmt":"2022-02-18T13:11:28","slug":"escuna-einzelzimmer-gemeinsames-bad","status":"publish","type":"product","link":"https:\/\/guidetotheazores.pt\/de\/produkt\/escuna-einzelzimmer-gemeinsames-bad\/","title":{"rendered":"ESCUNA &#8211; Einzelzimmer, gemeinsames Bad"},"content":{"rendered":"<p>ESCUNA &#8211; Einzelzimmer<br \/>\nZweiter Stock (kein Aufzug)<br \/>\nBlick auf den Innenhof<br \/>\nGemeinsames Bad nur mit dem Doppelzimmer Clipper (gleiche Etage)<\/p>\n<p>Alle Zimmer im Casa BuonVento sind mit Schreibtisch, Kleiderschrank oder Kleiderb\u00fcgel, Ventilator und\/oder Heizstrahler ausgestattet.<br \/>\nBettw\u00e4sche und Handt\u00fccher werden gestellt.<\/p>\n<p>Unseren G\u00e4sten stehen eine gemeinsame, voll ausgestattete K\u00fcche (Geschirr, Besteck, Ger\u00e4te) und ein kleiner Aufenthaltsbereich mit Sofa, Fernseher und B\u00fcchern zur Verf\u00fcgung.<\/p>\n<p><strong>DIENSTLEISTUNGEN<\/strong><\/p>\n<ul>\n<li>Reinigungsservice alle 3 Tage, Handtuch- und Bettw\u00e4schewechsel einmal pro Woche (zus\u00e4tzlicher Wechsel auf Anfrage)<\/li>\n<li>Kostenloses Wifi in der gesamten Struktur<\/li>\n<li>Strandt\u00fccher (auf Anfrage)<\/li>\n<li>Nutzung der Gemeinschaftsk\u00fcche<\/li>\n<li>Freier Zugang zum gemeinsamen kleinen Aufenthaltsraum mit TV, Sofa und B\u00fcchern<\/li>\n<li>Buchung eines Transferservices vom\/zum Flughafen\/Terminal Maritimo (auf Anfrage)<\/li>\n<li>Organisation von Aktivit\u00e4ten auf den Inseln Faial und Pico (Walbeobachtung, Stadt- und Inseltouren, Klettern auf den Pico-Berg etc. &#8211; auf Anfrage)<\/li>\n<li>Restaurantreservierungen (auf Anfrage)<\/li>\n<li>Autovermietung (auf Anfrage)<\/li>\n<li>W\u00e4scherei (auf Anfrage, gegen Aufpreis)<\/li>\n<li>Gep\u00e4ckaufbewahrung<\/li>\n<\/ul>\n","protected":false},"excerpt":{"rendered":"<p>ESCUNA &#8211; Einzelzimmer<br \/>\nZweiter Stock (kein Aufzug)<br \/>\nBlick auf den Innenhof<br \/>\nGemeinsames Badezimmer nur mit dem Doppelzimmer Clipper (gleiche Etage)<\/p>\n","protected":false},"featured_media":22499,"comment_status":"open","ping_status":"closed","template":"","meta":{"_acf_changed":false},"product_brand":[],"product_cat":[19490,19514,19491,19511],"product_tag":[19492],"class_list":{"0":"post-22497","1":"product","2":"type-product","3":"status-publish","4":"has-post-thumbnail","6":"product_cat-alle-inseln","7":"product_cat-alojamento-lokal","8":"product_cat-faial","9":"product_cat-unterkunft","10":"product_tag-faialisland","12":"first","13":"instock","14":"virtual","15":"sold-individually","16":"taxable","17":"purchasable","18":"product-type-phive_booking"},"acf":[],"_links":{"self":[{"href":"https:\/\/guidetotheazores.pt\/de\/wp-json\/wp\/v2\/product\/22497","targetHints":{"allow":["GET"]}}],"collection":[{"href":"https:\/\/guidetotheazores.pt\/de\/wp-json\/wp\/v2\/product"}],"about":[{"href":"https:\/\/guidetotheazores.pt\/de\/wp-json\/wp\/v2\/types\/product"}],"replies":[{"embeddable":true,"href":"https:\/\/guidetotheazores.pt\/de\/wp-json\/wp\/v2\/comments?post=22497"}],"wp:featuredmedia":[{"embeddable":true,"href":"https:\/\/guidetotheazores.pt\/de\/wp-json\/wp\/v2\/media\/22499"}],"wp:attachment":[{"href":"https:\/\/guidetotheazores.pt\/de\/wp-json\/wp\/v2\/media?parent=22497"}],"wp:term":[{"taxonomy":"product_brand","embeddable":true,"href":"https:\/\/guidetotheazores.pt\/de\/wp-json\/wp\/v2\/product_brand?post=22497"},{"taxonomy":"product_cat","embeddable":true,"href":"https:\/\/guidetotheazores.pt\/de\/wp-json\/wp\/v2\/product_cat?post=22497"},{"taxonomy":"product_tag","embeddable":true,"href":"https:\/\/guidetotheazores.pt\/de\/wp-json\/wp\/v2\/product_tag?post=22497"}],"curies":[{"name":"wp","href":"https:\/\/api.w.org\/{rel}","templated":true}]}}