{"id":22502,"date":"2023-01-04T12:56:48","date_gmt":"2023-01-04T13:56:48","guid":{"rendered":"https:\/\/guidetotheazores.pt\/product\/azoren-reiseplanung-private-sitzung\/"},"modified":"2023-01-04T12:56:48","modified_gmt":"2023-01-04T13:56:48","slug":"azoren-reiseplanung-private-sitzung","status":"publish","type":"product","link":"https:\/\/guidetotheazores.pt\/de\/produkt\/azoren-reiseplanung-private-sitzung\/","title":{"rendered":"Azoren Reiseplanung &#8211; Private Sitzung"},"content":{"rendered":"<p>Eine einst\u00fcndige Video-Call-Konferenz mit Ilaria &#8211; Azoren-Reisedesigner<\/p>\n<p>Du planst eine Do-it-yourself-Reise auf die Azoren und m\u00f6chtest Ratschl\u00e4ge zu den Inseln, m\u00f6glichen Reiserouten, wie du dich fortbewegen kannst, was du nicht verpassen darfst, Reisezeiten, Mindestdauer der Reise, Gep\u00e4ckmitnahme und tausend andere Dinge? Mit diesem Service organisieren wir einen 40&#8242;-Videoanruf mit meiner Einf\u00fchrung in die grundlegenden Dinge, die du f\u00fcr eine erfolgreiche Reiseplanung wissen musst, und einer Zeit f\u00fcr deine Fragen in der Warteschleife. <\/p>\n<p>Preis: 50\u20ac &#8211; Private Session<\/p>\n<p>Sobald du den Termin gebucht hast, setzt sich Ilaria mit dir in Verbindung, um die bestm\u00f6gliche Zeit zu vereinbaren.<\/p>\n<p>&nbsp;<\/p>\n","protected":false},"excerpt":{"rendered":"<p>Eine einst\u00fcndige Video-Call-Konferenz mit Ilaria (Azoren-Reisedesignerin) f\u00fcr eine erfolgreiche Reiseplanung!<\/p>\n","protected":false},"featured_media":22503,"comment_status":"open","ping_status":"closed","template":"","meta":{"_acf_changed":false},"product_brand":[],"product_cat":[19509,19510],"product_tag":[],"class_list":{"0":"post-22502","1":"product","2":"type-product","3":"status-publish","4":"has-post-thumbnail","6":"product_cat-dienstleistungen","7":"product_cat-reise-designer","9":"first","10":"instock","11":"virtual","12":"taxable","13":"purchasable","14":"product-type-simple"},"acf":[],"_links":{"self":[{"href":"https:\/\/guidetotheazores.pt\/de\/wp-json\/wp\/v2\/product\/22502","targetHints":{"allow":["GET"]}}],"collection":[{"href":"https:\/\/guidetotheazores.pt\/de\/wp-json\/wp\/v2\/product"}],"about":[{"href":"https:\/\/guidetotheazores.pt\/de\/wp-json\/wp\/v2\/types\/product"}],"replies":[{"embeddable":true,"href":"https:\/\/guidetotheazores.pt\/de\/wp-json\/wp\/v2\/comments?post=22502"}],"wp:featuredmedia":[{"embeddable":true,"href":"https:\/\/guidetotheazores.pt\/de\/wp-json\/wp\/v2\/media\/22503"}],"wp:attachment":[{"href":"https:\/\/guidetotheazores.pt\/de\/wp-json\/wp\/v2\/media?parent=22502"}],"wp:term":[{"taxonomy":"product_brand","embeddable":true,"href":"https:\/\/guidetotheazores.pt\/de\/wp-json\/wp\/v2\/product_brand?post=22502"},{"taxonomy":"product_cat","embeddable":true,"href":"https:\/\/guidetotheazores.pt\/de\/wp-json\/wp\/v2\/product_cat?post=22502"},{"taxonomy":"product_tag","embeddable":true,"href":"https:\/\/guidetotheazores.pt\/de\/wp-json\/wp\/v2\/product_tag?post=22502"}],"curies":[{"name":"wp","href":"https:\/\/api.w.org\/{rel}","templated":true}]}}