{"id":22514,"date":"2022-02-18T11:53:30","date_gmt":"2022-02-18T12:53:30","guid":{"rendered":"https:\/\/guidetotheazores.pt\/product\/caravela-doppelzimmer-bad-mit-dusche\/"},"modified":"2022-02-18T11:53:30","modified_gmt":"2022-02-18T12:53:30","slug":"caravela-doppelzimmer-bad-mit-dusche","status":"publish","type":"product","link":"https:\/\/guidetotheazores.pt\/de\/produkt\/caravela-doppelzimmer-bad-mit-dusche\/","title":{"rendered":"CARAVELA &#8211; Doppelzimmer, Bad mit Dusche"},"content":{"rendered":"<p>CARAVELA &#8211; Doppel-\/Zweibettzimmer<br \/>\nZweiter Stock (kein Aufzug)<br \/>\nBlick auf den Innenhof<br \/>\nEigenes Bad<\/p>\n<p>Alle Zimmer im Casa BuonVento sind mit Schreibtisch, Kleiderschrank oder Kleiderb\u00fcgel, Ventilator und\/oder Heizstrahler ausgestattet.<br \/>\nBettw\u00e4sche und Handt\u00fccher werden gestellt.<\/p>\n<p>Unseren G\u00e4sten stehen eine gemeinsame, voll ausgestattete K\u00fcche (Geschirr, Besteck, Ger\u00e4te) und ein kleiner Aufenthaltsbereich mit Sofa, Fernseher und B\u00fcchern zur Verf\u00fcgung.<\/p>\n<p><strong>DIENSTLEISTUNGEN<\/strong><\/p>\n<ul>\n<li>Reinigungsservice alle 3 Tage, Handtuch- und Bettw\u00e4schewechsel einmal pro Woche (zus\u00e4tzlicher Wechsel auf Anfrage)<\/li>\n<li>Kostenloses Wifi in der gesamten Struktur<\/li>\n<li>Strandt\u00fccher (auf Anfrage)<\/li>\n<li>Nutzung der Gemeinschaftsk\u00fcche<\/li>\n<li>Freier Zugang zum gemeinsamen kleinen Aufenthaltsraum mit TV, Sofa und B\u00fcchern<\/li>\n<li>Buchung eines Transferservices vom\/zum Flughafen\/Terminal Maritimo (auf Anfrage)<\/li>\n<li>Organisation von Aktivit\u00e4ten auf den Inseln Faial und Pico (Walbeobachtung, Stadt- und Inseltouren, Klettern auf den Pico-Berg etc. &#8211; auf Anfrage)<\/li>\n<li>Restaurantreservierungen (auf Anfrage)<\/li>\n<li>Autovermietung (auf Anfrage)<\/li>\n<li>W\u00e4scherei (auf Anfrage, gegen Aufpreis)<\/li>\n<li>Gep\u00e4ckaufbewahrung<\/li>\n<\/ul>\n","protected":false},"excerpt":{"rendered":"<p>CARAVELA &#8211; Doppel-\/Zweibettzimmer<br \/>\nZweiter Stock (kein Aufzug)<br \/>\nBlick auf den Innenhof<br \/>\nEigenes Bad<\/p>\n","protected":false},"featured_media":22515,"comment_status":"open","ping_status":"closed","template":"","meta":{"_acf_changed":false},"product_brand":[],"product_cat":[19490,19514,19491,19511],"product_tag":[19492],"class_list":{"0":"post-22514","1":"product","2":"type-product","3":"status-publish","4":"has-post-thumbnail","6":"product_cat-alle-inseln","7":"product_cat-alojamento-lokal","8":"product_cat-faial","9":"product_cat-unterkunft","10":"product_tag-faialisland","12":"first","13":"instock","14":"virtual","15":"sold-individually","16":"taxable","17":"purchasable","18":"product-type-phive_booking"},"acf":[],"_links":{"self":[{"href":"https:\/\/guidetotheazores.pt\/de\/wp-json\/wp\/v2\/product\/22514","targetHints":{"allow":["GET"]}}],"collection":[{"href":"https:\/\/guidetotheazores.pt\/de\/wp-json\/wp\/v2\/product"}],"about":[{"href":"https:\/\/guidetotheazores.pt\/de\/wp-json\/wp\/v2\/types\/product"}],"replies":[{"embeddable":true,"href":"https:\/\/guidetotheazores.pt\/de\/wp-json\/wp\/v2\/comments?post=22514"}],"wp:featuredmedia":[{"embeddable":true,"href":"https:\/\/guidetotheazores.pt\/de\/wp-json\/wp\/v2\/media\/22515"}],"wp:attachment":[{"href":"https:\/\/guidetotheazores.pt\/de\/wp-json\/wp\/v2\/media?parent=22514"}],"wp:term":[{"taxonomy":"product_brand","embeddable":true,"href":"https:\/\/guidetotheazores.pt\/de\/wp-json\/wp\/v2\/product_brand?post=22514"},{"taxonomy":"product_cat","embeddable":true,"href":"https:\/\/guidetotheazores.pt\/de\/wp-json\/wp\/v2\/product_cat?post=22514"},{"taxonomy":"product_tag","embeddable":true,"href":"https:\/\/guidetotheazores.pt\/de\/wp-json\/wp\/v2\/product_tag?post=22514"}],"curies":[{"name":"wp","href":"https:\/\/api.w.org\/{rel}","templated":true}]}}