{"id":22542,"date":"2021-11-02T13:56:16","date_gmt":"2021-11-02T14:56:16","guid":{"rendered":"https:\/\/guidetotheazores.pt\/product\/casa-aguaplano-gemuetliches-landhaus\/"},"modified":"2026-05-05T08:57:27","modified_gmt":"2026-05-05T09:57:27","slug":"casa-aguaplano-gemuetliches-landhaus","status":"publish","type":"product","link":"https:\/\/guidetotheazores.pt\/de\/produkt\/casa-aguaplano-gemuetliches-landhaus\/","title":{"rendered":"Casa Aguaplano Gem\u00fctliches Landhaus"},"content":{"rendered":"<p>Casa Aguaplano ist ein gem\u00fctliches, 30 qm gro\u00dfes Holzhaus neben unserem Haus, mit Blick auf einen \u00fcppigen Wald und den Ozean, nach S\u00fcdwesten ausgerichtet in Capelo, Faial Island, Azoren<\/p>\n<p>Genie\u00dfe die fantastischen Sonnenunterg\u00e4nge von einem komplett renovierten, \u00fcberdachten Holzhaus aus, das mit einer K\u00fcche, einem traditionellen Holzofen, einem Luftentfeuchter, Wi-Fi, einer Terrasse und einer Seitenterrasse mit Grill zum Entspannen und f\u00fcr Privatsph\u00e4re ausgestattet ist.<\/p>\n<p>Valeria und Sigfrido hei\u00dfen dich in ihrem azoreanischen Refugium willkommen.<\/p>\n<p>Der Vulkan Capelinhos und die Naturpools von Varadouro sind nur wenige Minuten entfernt (mehr dazu in unserem <a href=\"https:\/\/guidetotheazores.pt\/varadouro-faial-azores-complete-travel-guide\/\">Varadouro Faial-Reisef\u00fchrer<\/a>). Ein nettes Restaurant (Bela Vista) sowie ein Gesch\u00e4ft und 2 Snackbars sind zu Fu\u00df zu erreichen. Der Flughafen ist in 10 Minuten mit dem Auto zu erreichen. Horta ist nur 20 Minuten entfernt.  <\/p>\n<p>Wir sprechen Englisch, Portugiesisch, Franz\u00f6sisch, Spanisch und nat\u00fcrlich Italienisch<\/p>\n<p>Verf\u00fcgbar von M\u00e4rz bis November<\/p>\n<p>Besonderheiten und Annehmlichkeiten:<\/p>\n<p>Komplette K\u00fcche mit Elektroherd, K\u00fchlschrank, Backofen und allen M\u00f6glichkeiten, Kaffee zu kochen<\/p>\n<p>En-suite Badezimmer mit begehbarer Dusche<\/p>\n<p>Veranda mit Blick auf den Wald und den Ozean<\/p>\n<p>Barbecue-Bereich<\/p>\n<p>Waschk\u00fcche mit Waschmaschine und W\u00e4schetrockner<\/p>\n<p>Wi-Fi und TV<\/p>\n<p>Im Sommer werden in unserem Gew\u00e4chshaus frisches Gem\u00fcse und Kr\u00e4uter angebaut<\/p>\n<p>&nbsp;<\/p>\n<p>&nbsp;<\/p>\n<p>&nbsp;<\/p>\n","protected":false},"excerpt":{"rendered":"<p>Gem\u00fctliches 30 m\u00b2 gro\u00dfes Holzhaus in der N\u00e4he des Vulkans Capelinhos mit Meerblick, fantastischen Sonnenunterg\u00e4ngen, Grillterrasse und allen Annehmlichkeiten. Nur wenige Minuten von nat\u00fcrlichen Pools und Horta entfernt. <\/p>\n<p>&nbsp;<\/p>\n","protected":false},"featured_media":22543,"comment_status":"open","ping_status":"closed","template":"","meta":{"_acf_changed":false},"product_brand":[],"product_cat":[19490,19514,19491,19511],"product_tag":[19492],"class_list":{"0":"post-22542","1":"product","2":"type-product","3":"status-publish","4":"has-post-thumbnail","6":"product_cat-alle-inseln","7":"product_cat-alojamento-lokal","8":"product_cat-faial","9":"product_cat-unterkunft","10":"product_tag-faialisland","12":"first","13":"instock","14":"virtual","15":"sold-individually","16":"taxable","17":"purchasable","18":"product-type-phive_booking"},"acf":[],"_links":{"self":[{"href":"https:\/\/guidetotheazores.pt\/de\/wp-json\/wp\/v2\/product\/22542","targetHints":{"allow":["GET"]}}],"collection":[{"href":"https:\/\/guidetotheazores.pt\/de\/wp-json\/wp\/v2\/product"}],"about":[{"href":"https:\/\/guidetotheazores.pt\/de\/wp-json\/wp\/v2\/types\/product"}],"replies":[{"embeddable":true,"href":"https:\/\/guidetotheazores.pt\/de\/wp-json\/wp\/v2\/comments?post=22542"}],"wp:featuredmedia":[{"embeddable":true,"href":"https:\/\/guidetotheazores.pt\/de\/wp-json\/wp\/v2\/media\/22543"}],"wp:attachment":[{"href":"https:\/\/guidetotheazores.pt\/de\/wp-json\/wp\/v2\/media?parent=22542"}],"wp:term":[{"taxonomy":"product_brand","embeddable":true,"href":"https:\/\/guidetotheazores.pt\/de\/wp-json\/wp\/v2\/product_brand?post=22542"},{"taxonomy":"product_cat","embeddable":true,"href":"https:\/\/guidetotheazores.pt\/de\/wp-json\/wp\/v2\/product_cat?post=22542"},{"taxonomy":"product_tag","embeddable":true,"href":"https:\/\/guidetotheazores.pt\/de\/wp-json\/wp\/v2\/product_tag?post=22542"}],"curies":[{"name":"wp","href":"https:\/\/api.w.org\/{rel}","templated":true}]}}