{"id":22659,"date":"2024-02-20T09:31:02","date_gmt":"2024-02-20T10:31:02","guid":{"rendered":"https:\/\/guidetotheazores.pt\/product\/mountainbike-tour-private-tour-auf-faial\/"},"modified":"2024-02-20T09:31:02","modified_gmt":"2024-02-20T10:31:02","slug":"mountainbike-tour-private-tour-auf-faial","status":"publish","type":"product","link":"https:\/\/guidetotheazores.pt\/de\/produkt\/mountainbike-tour-private-tour-auf-faial\/","title":{"rendered":"Mountainbike Tour &#8211; Private Tour auf Faial"},"content":{"rendered":"<p><span style=\"color: #000000;font-family: 'Helvetica Neue', Helvetica, Roboto, Arial, sans-serif;font-size: medium\">Unsere Mountainbike-Tour f\u00fchrt uns von Ost nach West \u00fcber die Insel Faial. Wir beginnen die Tour in Horta und enden am Vulkan Capelinhos. Dazwischen werden wir die Caldeira von Faial sehen.    <\/span><\/p>\n<p><span style=\"color: #000000;font-family: 'Helvetica Neue', Helvetica, Roboto, Arial, sans-serif;font-size: medium\">Diese Tour ist f\u00fcr Hobbyradler oder Sportbegeisterte gedacht, die mindestens einmal pro Woche Ausdauersport betreiben. Die Route umfasst 45 km und 1320 m H\u00f6henunterschied. Wir werden haupts\u00e4chlich unbefestigte Stra\u00dfen und Nebenstra\u00dfen benutzen. Die Reiseroute kann sich \u00e4ndern, denn unser Guide passt die Route je nach Wetterbedingungen und Fitness der Gruppe an.     <\/span><\/p>\n<p><span style=\"color: #000000;font-family: 'Helvetica Neue', Helvetica, Roboto, Arial, sans-serif;font-size: medium\">Der Guide wird das richtige Tempo w\u00e4hlen, damit sich jeder am Ende des Abenteuers wohl f\u00fchlt. Nach der Tour haben wir vielleicht etwas Zeit zum Entspannen und Schwimmen, wenn das Wetter mitspielt. Unsere Mountainbiketour ist eine gro\u00dfartige M\u00f6glichkeit, die Insel Faial zu durchqueren, viele verschiedene Landschaften zu sehen und auch eine Menge \u00fcber die Insel zu erfahren.    <\/span><\/p>\n<p><span style=\"color: #000000;font-family: 'Helvetica Neue', Helvetica, Roboto, Arial, sans-serif;font-size: medium\">Die Tour beinhaltet die Fahrr\u00e4der und den Transport zur\u00fcck nach Horta. Du kannst uns gerne kontaktieren, wenn du eine k\u00fcrzere oder andere, ma\u00dfgeschneiderte Route suchst. <\/span><\/p>\n","protected":false},"excerpt":{"rendered":"<p><span style=\"color: #000000;font-family: 'Helvetica Neue', Helvetica, Roboto, Arial, sans-serif;font-size: medium\">Unsere Mountainbike-Tour f\u00fchrt uns von Ost nach West \u00fcber die Insel Faial. Wir beginnen die Tour in Horta und enden am Vulkan Capelinhos. Dazwischen werden wir die Caldeira von Faial sehen.  <\/span><\/p>\n<p><span style=\"color: #000000;font-family: 'Helvetica Neue', Helvetica, Roboto, Arial, sans-serif;font-size: medium\">Diese Tour ist f\u00fcr Hobbyradler oder Sportbegeisterte gedacht, die mindestens einmal pro Woche Ausdauersport betreiben. Die Route umfasst 45 km und 1320 m H\u00f6henunterschied. Wir werden haupts\u00e4chlich unbefestigte Stra\u00dfen und Nebenstra\u00dfen benutzen. Die Reiseroute kann sich \u00e4ndern, denn unser Guide passt die Route je nach Wetterbedingungen und Fitness der Gruppe an.   <\/span><\/p>\n","protected":false},"featured_media":22662,"comment_status":"open","ping_status":"closed","template":"","meta":{"_acf_changed":false},"product_brand":[],"product_cat":[19483,19490,19491,19503],"product_tag":[19492],"class_list":{"0":"post-22659","1":"product","2":"type-product","3":"status-publish","4":"has-post-thumbnail","6":"product_cat-aktivitaten","7":"product_cat-alle-inseln","8":"product_cat-faial","9":"product_cat-gefuehrte-touren","10":"product_tag-faialisland","12":"first","13":"instock","14":"virtual","15":"sold-individually","16":"taxable","17":"purchasable","18":"product-type-phive_booking"},"acf":[],"_links":{"self":[{"href":"https:\/\/guidetotheazores.pt\/de\/wp-json\/wp\/v2\/product\/22659","targetHints":{"allow":["GET"]}}],"collection":[{"href":"https:\/\/guidetotheazores.pt\/de\/wp-json\/wp\/v2\/product"}],"about":[{"href":"https:\/\/guidetotheazores.pt\/de\/wp-json\/wp\/v2\/types\/product"}],"replies":[{"embeddable":true,"href":"https:\/\/guidetotheazores.pt\/de\/wp-json\/wp\/v2\/comments?post=22659"}],"wp:featuredmedia":[{"embeddable":true,"href":"https:\/\/guidetotheazores.pt\/de\/wp-json\/wp\/v2\/media\/22662"}],"wp:attachment":[{"href":"https:\/\/guidetotheazores.pt\/de\/wp-json\/wp\/v2\/media?parent=22659"}],"wp:term":[{"taxonomy":"product_brand","embeddable":true,"href":"https:\/\/guidetotheazores.pt\/de\/wp-json\/wp\/v2\/product_brand?post=22659"},{"taxonomy":"product_cat","embeddable":true,"href":"https:\/\/guidetotheazores.pt\/de\/wp-json\/wp\/v2\/product_cat?post=22659"},{"taxonomy":"product_tag","embeddable":true,"href":"https:\/\/guidetotheazores.pt\/de\/wp-json\/wp\/v2\/product_tag?post=22659"}],"curies":[{"name":"wp","href":"https:\/\/api.w.org\/{rel}","templated":true}]}}