{"id":22671,"date":"2024-02-20T09:25:13","date_gmt":"2024-02-20T10:25:13","guid":{"rendered":"https:\/\/guidetotheazores.pt\/product\/rund-um-den-caldeira-trail-private-tour-auf-faial\/"},"modified":"2024-02-20T09:25:13","modified_gmt":"2024-02-20T10:25:13","slug":"rund-um-den-caldeira-trail-private-tour-auf-faial","status":"publish","type":"product","link":"https:\/\/guidetotheazores.pt\/de\/produkt\/rund-um-den-caldeira-trail-private-tour-auf-faial\/","title":{"rendered":"Rund um den Caldeira Trail &#8211; Private Tour auf Faial"},"content":{"rendered":"<p><span style=\"color: #000000;font-family: 'Helvetica Neue', Helvetica, Roboto, Arial, sans-serif;font-size: medium\">Der Weg um den Rand der Caldeira ist der h\u00f6chste Weg auf Faial. Die Caldeira ist ein einzigartiger vulkanischer Einsturzkrater, denn die gro\u00dfe H\u00f6he erm\u00f6glicht eine geologische Interpretation der meisten Merkmale von Faial. Das Innere der Caldeira ist eines der wichtigsten Naturschutzgebiete auf den Azoren.    <\/span><\/p>\n<p><span style=\"color: #000000;font-family: 'Helvetica Neue', Helvetica, Roboto, Arial, sans-serif;font-size: medium\">Dieser Weg bietet uns auch die M\u00f6glichkeit, etwas \u00fcber die einheimische Flora zu erfahren, denn einige Arten haben sich an das Leben auf dem windexponierten Rand angepasst. Unsere Guides raten dir von einem Besuch an einem regnerischen oder windigen Tag ab, aber an einem klaren Tag kannst du praktisch die ganze Insel \u00fcberblicken. <\/span><\/p>\n","protected":false},"excerpt":{"rendered":"<p style=\"color: #000000;font-family: 'Helvetica Neue', Helvetica, Roboto, Arial, sans-serif;margin: 0px 0px 20px\"><span style=\"font-size: medium\">Der Weg um den Rand der Caldeira ist der h\u00f6chste Weg auf Faial. Die Caldeira ist ein einzigartiger vulkanischer Einsturzkrater, denn die gro\u00dfe H\u00f6he erm\u00f6glicht eine geologische Interpretation der meisten Merkmale von Faial. Das Innere der Caldeira ist eines der wichtigsten Naturschutzgebiete auf den Azoren.  <\/span><\/p>\n","protected":false},"featured_media":22675,"comment_status":"open","ping_status":"closed","template":"","meta":{"_acf_changed":false},"product_brand":[],"product_cat":[19483,19490,19491,19503],"product_tag":[19492],"class_list":{"0":"post-22671","1":"product","2":"type-product","3":"status-publish","4":"has-post-thumbnail","6":"product_cat-aktivitaten","7":"product_cat-alle-inseln","8":"product_cat-faial","9":"product_cat-gefuehrte-touren","10":"product_tag-faialisland","12":"first","13":"instock","14":"virtual","15":"sold-individually","16":"taxable","17":"purchasable","18":"product-type-phive_booking"},"acf":[],"_links":{"self":[{"href":"https:\/\/guidetotheazores.pt\/de\/wp-json\/wp\/v2\/product\/22671","targetHints":{"allow":["GET"]}}],"collection":[{"href":"https:\/\/guidetotheazores.pt\/de\/wp-json\/wp\/v2\/product"}],"about":[{"href":"https:\/\/guidetotheazores.pt\/de\/wp-json\/wp\/v2\/types\/product"}],"replies":[{"embeddable":true,"href":"https:\/\/guidetotheazores.pt\/de\/wp-json\/wp\/v2\/comments?post=22671"}],"wp:featuredmedia":[{"embeddable":true,"href":"https:\/\/guidetotheazores.pt\/de\/wp-json\/wp\/v2\/media\/22675"}],"wp:attachment":[{"href":"https:\/\/guidetotheazores.pt\/de\/wp-json\/wp\/v2\/media?parent=22671"}],"wp:term":[{"taxonomy":"product_brand","embeddable":true,"href":"https:\/\/guidetotheazores.pt\/de\/wp-json\/wp\/v2\/product_brand?post=22671"},{"taxonomy":"product_cat","embeddable":true,"href":"https:\/\/guidetotheazores.pt\/de\/wp-json\/wp\/v2\/product_cat?post=22671"},{"taxonomy":"product_tag","embeddable":true,"href":"https:\/\/guidetotheazores.pt\/de\/wp-json\/wp\/v2\/product_tag?post=22671"}],"curies":[{"name":"wp","href":"https:\/\/api.w.org\/{rel}","templated":true}]}}