{"id":22674,"date":"2024-02-26T11:59:50","date_gmt":"2024-02-26T12:59:50","guid":{"rendered":"https:\/\/guidetotheazores.pt\/product\/haus-bali-furnas\/"},"modified":"2024-02-26T11:59:50","modified_gmt":"2024-02-26T12:59:50","slug":"haus-bali-furnas","status":"publish","type":"product","link":"https:\/\/guidetotheazores.pt\/de\/produkt\/haus-bali-furnas\/","title":{"rendered":"Haus Bali Furnas"},"content":{"rendered":"<p style=\"color: #000000;font-family: 'Helvetica Neue', Helvetica, Roboto, Arial, sans-serif;margin: 0px 0px 20px\">Das Haus Bali Furnas liegt 2,3 km von der Lagoa das Furnas, 6,3 km vom Pico do Ferro und 15 km von der Lagoa do Congro entfernt und bietet Unterk\u00fcnfte in Furnas. Diese Wohnung ist 27 km von der Feuerlagune und 90 m vom Parque Terra Nostra entfernt. Kostenloses WiFi ist im gesamten Haus verf\u00fcgbar und Fumarolas ist 1 km entfernt.  <\/p>\n<p style=\"color: #000000;font-family: 'Helvetica Neue', Helvetica, Roboto, Arial, sans-serif;margin: 0px 0px 20px\">Die Wohnung mit Balkon und Bergblick verf\u00fcgt \u00fcber 1 Schlafzimmer, ein Wohnzimmer, einen Flachbildfernseher, eine ausgestattete K\u00fcche mit Backofen und Mikrowelle und 1 Badezimmer mit Bidet. Handt\u00fccher und Bettw\u00e4sche sind in der Wohnung vorhanden. Die Unterkunft ist ein Nichtraucherhaushalt.  <\/p>\n<p style=\"color: #000000;font-family: 'Helvetica Neue', Helvetica, Roboto, Arial, sans-serif;margin: 0px 0px 20px\">Der n\u00e4chstgelegene Flughafen ist der Flughafen Jo\u00e3o Paulo II, 46 km von der Wohnung entfernt.<\/p>\n","protected":false},"excerpt":{"rendered":"<p><span style=\"color: #000000;font-family: 'Helvetica Neue', Helvetica, Roboto, Arial, sans-serif\">Das Haus Bali Furnas liegt 2,3 km von der Lagoa das Furnas, 6,3 km vom Pico do Ferro und 15 km von der Lagoa do Congro entfernt und bietet Unterk\u00fcnfte in Furnas. Diese Wohnung ist 27 km von der Feuerlagune und 90 m vom Parque Terra Nostra entfernt.   <\/span><\/p>\n<p><span style=\"color: #000000;font-family: 'Helvetica Neue', Helvetica, Roboto, Arial, sans-serif\">Kostenloses WiFi ist im gesamten Geb\u00e4ude verf\u00fcgbar und Fumarolas ist 1 km entfernt.<\/span><\/p>\n<p><em>Bietet Platz f\u00fcr bis zu 2 Personen<\/em><\/p>\n","protected":false},"featured_media":22680,"comment_status":"open","ping_status":"closed","template":"","meta":{"_acf_changed":false},"product_brand":[],"product_cat":[19490,19514,19521,19511],"product_tag":[19522],"class_list":{"0":"post-22674","1":"product","2":"type-product","3":"status-publish","4":"has-post-thumbnail","6":"product_cat-alle-inseln","7":"product_cat-alojamento-lokal","8":"product_cat-sao-miguel","9":"product_cat-unterkunft","10":"product_tag-saomiguelisland","12":"first","13":"instock","14":"virtual","15":"sold-individually","16":"taxable","17":"purchasable","18":"product-type-phive_booking"},"acf":[],"_links":{"self":[{"href":"https:\/\/guidetotheazores.pt\/de\/wp-json\/wp\/v2\/product\/22674","targetHints":{"allow":["GET"]}}],"collection":[{"href":"https:\/\/guidetotheazores.pt\/de\/wp-json\/wp\/v2\/product"}],"about":[{"href":"https:\/\/guidetotheazores.pt\/de\/wp-json\/wp\/v2\/types\/product"}],"replies":[{"embeddable":true,"href":"https:\/\/guidetotheazores.pt\/de\/wp-json\/wp\/v2\/comments?post=22674"}],"wp:featuredmedia":[{"embeddable":true,"href":"https:\/\/guidetotheazores.pt\/de\/wp-json\/wp\/v2\/media\/22680"}],"wp:attachment":[{"href":"https:\/\/guidetotheazores.pt\/de\/wp-json\/wp\/v2\/media?parent=22674"}],"wp:term":[{"taxonomy":"product_brand","embeddable":true,"href":"https:\/\/guidetotheazores.pt\/de\/wp-json\/wp\/v2\/product_brand?post=22674"},{"taxonomy":"product_cat","embeddable":true,"href":"https:\/\/guidetotheazores.pt\/de\/wp-json\/wp\/v2\/product_cat?post=22674"},{"taxonomy":"product_tag","embeddable":true,"href":"https:\/\/guidetotheazores.pt\/de\/wp-json\/wp\/v2\/product_tag?post=22674"}],"curies":[{"name":"wp","href":"https:\/\/api.w.org\/{rel}","templated":true}]}}