{"id":22701,"date":"2024-06-04T19:59:53","date_gmt":"2024-06-04T20:59:53","guid":{"rendered":"https:\/\/guidetotheazores.pt\/product\/casa-do-norte-laendliche-unterkunft\/"},"modified":"2024-06-04T19:59:53","modified_gmt":"2024-06-04T20:59:53","slug":"casa-do-norte-laendliche-unterkunft","status":"publish","type":"product","link":"https:\/\/guidetotheazores.pt\/de\/produkt\/casa-do-norte-laendliche-unterkunft\/","title":{"rendered":"Casa do Norte &#8211; L\u00e4ndliche Unterkunft"},"content":{"rendered":"<p>Traditionelles Haus im azoreanischen Stil, komplett renoviert. Es befindet sich in Prainha (de Cima), in der Gemeinde S\u00e3o Roque do Pico. Es verf\u00fcgt \u00fcber einen Essbereich im Freien, Grillm\u00f6glichkeiten, einen Garten und eine Terrasse. Blick auf das Meer und S\u00e3o Jorge.   <\/p>\n<p>Innen: Erdgeschoss &#8211; 1 Schlafzimmer, Bad und Stauraum und Treppe zum Obergeschoss; im ersten Stock Wohnzimmer mit Essbereich, voll ausgestattete K\u00fcche und Bad.<\/p>\n<p>Alle Annehmlichkeiten sind im Preis inbegriffen.<\/p>\n<p>Die Miete gilt immer f\u00fcr das ganze Haus und maximal 2 Personen. Der Tagespreis ist unabh\u00e4ngig von der Anzahl der Personen, die das Haus mieten. <\/p>\n<p>Nebensaison &#8211; von Oktober bis April &#8211; Mittelsaison &#8211; Mai, Juni und September<\/p>\n<p>&nbsp;<\/p>\n","protected":false},"excerpt":{"rendered":"<p>Traditionelles Haus im azoreanischen Stil, komplett renoviert. Es befindet sich in Prainha (de Cima), in der Gemeinde S\u00e3o Roque do Pico. Es verf\u00fcgt \u00fcber einen Essbereich im Freien, Grillm\u00f6glichkeiten, einen Garten und eine Terrasse. Blick auf das Meer und S\u00e3o Jorge.   <\/p>\n<p>Innen: Erdgeschoss &#8211; 1 Schlafzimmer, Bad und Stauraum und Treppe zum Obergeschoss; im ersten Stock Wohnzimmer mit Essbereich, voll ausgestattete K\u00fcche und Bad.<\/p>\n<p>Alle Annehmlichkeiten sind im Preis inbegriffen.<\/p>\n<p>Die Miete gilt immer f\u00fcr das ganze Haus und maximal 2 Personen. Der Tagespreis ist unabh\u00e4ngig von der Anzahl der Personen, die das Haus mieten. <\/p>\n","protected":false},"featured_media":22702,"comment_status":"open","ping_status":"closed","template":"","meta":{"_acf_changed":false},"product_brand":[],"product_cat":[19490,19514,19517,19511],"product_tag":[19518],"class_list":{"0":"post-22701","1":"product","2":"type-product","3":"status-publish","4":"has-post-thumbnail","6":"product_cat-alle-inseln","7":"product_cat-alojamento-lokal","8":"product_cat-pico","9":"product_cat-unterkunft","10":"product_tag-picoisland","12":"first","13":"instock","14":"taxable","15":"shipping-taxable","16":"product-type-external"},"acf":[],"_links":{"self":[{"href":"https:\/\/guidetotheazores.pt\/de\/wp-json\/wp\/v2\/product\/22701","targetHints":{"allow":["GET"]}}],"collection":[{"href":"https:\/\/guidetotheazores.pt\/de\/wp-json\/wp\/v2\/product"}],"about":[{"href":"https:\/\/guidetotheazores.pt\/de\/wp-json\/wp\/v2\/types\/product"}],"replies":[{"embeddable":true,"href":"https:\/\/guidetotheazores.pt\/de\/wp-json\/wp\/v2\/comments?post=22701"}],"wp:featuredmedia":[{"embeddable":true,"href":"https:\/\/guidetotheazores.pt\/de\/wp-json\/wp\/v2\/media\/22702"}],"wp:attachment":[{"href":"https:\/\/guidetotheazores.pt\/de\/wp-json\/wp\/v2\/media?parent=22701"}],"wp:term":[{"taxonomy":"product_brand","embeddable":true,"href":"https:\/\/guidetotheazores.pt\/de\/wp-json\/wp\/v2\/product_brand?post=22701"},{"taxonomy":"product_cat","embeddable":true,"href":"https:\/\/guidetotheazores.pt\/de\/wp-json\/wp\/v2\/product_cat?post=22701"},{"taxonomy":"product_tag","embeddable":true,"href":"https:\/\/guidetotheazores.pt\/de\/wp-json\/wp\/v2\/product_tag?post=22701"}],"curies":[{"name":"wp","href":"https:\/\/api.w.org\/{rel}","templated":true}]}}