{"id":22721,"date":"2024-02-20T09:18:22","date_gmt":"2024-02-20T10:18:22","guid":{"rendered":"https:\/\/guidetotheazores.pt\/product\/10-vulkanpfad-private-tour-faial\/"},"modified":"2024-02-20T09:18:22","modified_gmt":"2024-02-20T10:18:22","slug":"10-vulkanpfad-private-tour-faial","status":"publish","type":"product","link":"https:\/\/guidetotheazores.pt\/de\/produkt\/10-vulkanpfad-private-tour-faial\/","title":{"rendered":"10 Vulkanpfad &#8211; Private Tour Faial"},"content":{"rendered":"<p><span style=\"color: #000000;font-family: 'Helvetica Neue', Helvetica, Roboto, Arial, sans-serif;font-size: medium\">Der 10 Volcanoes Trail ist eine ganzt\u00e4gige Aktivit\u00e4t mit 21 km L\u00e4nge und die eindrucksvollste Wanderung auf Faial. W\u00e4hrend der Aktivit\u00e4t werden wir eine Menge von der Insel sehen. Die Wanderung f\u00fchrt zu den zwei bekanntesten Sehensw\u00fcrdigkeiten Faials: Caldeira und der Vulkan Capelinhos.    <\/span><\/p>\n<p><span style=\"color: #000000;font-family: 'Helvetica Neue', Helvetica, Roboto, Arial, sans-serif;font-size: medium\">Da wir zwischendurch verschiedene Landschaftstypen durchqueren, haben wir die M\u00f6glichkeit, etwas \u00fcber den Urwald der Azoren und seine endemischen Arten zu lernen. Wir starten in der N\u00e4he des h\u00f6chsten Punktes der Insel und enden auf Meeresh\u00f6he.   <\/span><\/p>\n<p><span style=\"color: #000000;font-family: 'Helvetica Neue', Helvetica, Roboto, Arial, sans-serif;font-size: medium\">Die geologische Interpretation der Insel pr\u00e4gt das Erlebnis. Der 10-Vulkane-Weg f\u00fchrt westlich entlang des j\u00fcngsten Vulkansystems von Faial. <\/span><\/p>\n","protected":false},"excerpt":{"rendered":"<p><span style=\"color: #000000;font-family: 'Helvetica Neue', Helvetica, Roboto, Arial, sans-serif;font-size: medium\">Der 10 Volcanoes Trail ist eine ganzt\u00e4gige Aktivit\u00e4t mit 21 km L\u00e4nge und die eindrucksvollste Wanderung auf Faial. W\u00e4hrend der Aktivit\u00e4t werden wir eine Menge von der Insel sehen. Die Wanderung f\u00fchrt zu den zwei bekanntesten Sehensw\u00fcrdigkeiten Faials: Caldeira und der Vulkan Capelinhos.  <\/span><\/p>\n","protected":false},"featured_media":22724,"comment_status":"open","ping_status":"closed","template":"","meta":{"_acf_changed":false},"product_brand":[],"product_cat":[19483,19490,19491,19503],"product_tag":[19492],"class_list":{"0":"post-22721","1":"product","2":"type-product","3":"status-publish","4":"has-post-thumbnail","6":"product_cat-aktivitaten","7":"product_cat-alle-inseln","8":"product_cat-faial","9":"product_cat-gefuehrte-touren","10":"product_tag-faialisland","12":"first","13":"instock","14":"virtual","15":"sold-individually","16":"taxable","17":"purchasable","18":"product-type-phive_booking"},"acf":[],"_links":{"self":[{"href":"https:\/\/guidetotheazores.pt\/de\/wp-json\/wp\/v2\/product\/22721","targetHints":{"allow":["GET"]}}],"collection":[{"href":"https:\/\/guidetotheazores.pt\/de\/wp-json\/wp\/v2\/product"}],"about":[{"href":"https:\/\/guidetotheazores.pt\/de\/wp-json\/wp\/v2\/types\/product"}],"replies":[{"embeddable":true,"href":"https:\/\/guidetotheazores.pt\/de\/wp-json\/wp\/v2\/comments?post=22721"}],"wp:featuredmedia":[{"embeddable":true,"href":"https:\/\/guidetotheazores.pt\/de\/wp-json\/wp\/v2\/media\/22724"}],"wp:attachment":[{"href":"https:\/\/guidetotheazores.pt\/de\/wp-json\/wp\/v2\/media?parent=22721"}],"wp:term":[{"taxonomy":"product_brand","embeddable":true,"href":"https:\/\/guidetotheazores.pt\/de\/wp-json\/wp\/v2\/product_brand?post=22721"},{"taxonomy":"product_cat","embeddable":true,"href":"https:\/\/guidetotheazores.pt\/de\/wp-json\/wp\/v2\/product_cat?post=22721"},{"taxonomy":"product_tag","embeddable":true,"href":"https:\/\/guidetotheazores.pt\/de\/wp-json\/wp\/v2\/product_tag?post=22721"}],"curies":[{"name":"wp","href":"https:\/\/api.w.org\/{rel}","templated":true}]}}