{"id":22737,"date":"2024-02-20T09:01:09","date_gmt":"2024-02-20T10:01:09","guid":{"rendered":"https:\/\/guidetotheazores.pt\/product\/bananenreise-private-tour-in-pico\/"},"modified":"2024-02-20T09:01:09","modified_gmt":"2024-02-20T10:01:09","slug":"bananenreise-private-tour-in-pico","status":"publish","type":"product","link":"https:\/\/guidetotheazores.pt\/de\/produkt\/bananenreise-private-tour-in-pico\/","title":{"rendered":"Bananenreise &#8211; Private Tour in Pico"},"content":{"rendered":"<p style=\"color: #000000;font-family: 'Helvetica Neue', Helvetica, Roboto, Arial, sans-serif;margin: 0px 0px 20px\"><span style=\"font-size: medium\">Der Bananentrip ist eine ganzt\u00e4gige kulturelle Tour auf der Insel Pico. Normalerweise konzentrieren wir uns auf die S\u00fcdk\u00fcste der Insel Pico. Wir lernen etwas \u00fcber die Weinkultur und die Weinberge, die zum UNESCO-Welterbe geh\u00f6ren. Und wir werden die Bedeutung der Walfangkultur auf den Azoren besser verstehen, indem wir ein paar historische St\u00e4tten wie das Walfangmuseum besuchen.     <\/span><\/p>\n<p style=\"color: #000000;font-family: 'Helvetica Neue', Helvetica, Roboto, Arial, sans-serif;margin: 0px 0px 20px\"><span style=\"font-size: medium\">Ein traditionelles Mittagessen im Dorf Lajes ist inbegriffen. Dazwischen werden wir mehrere nat\u00fcrliche Gezeitenbecken bewundern und das Innere der Insel, das Pico Central Plateau, besuchen. Wir nennen es Bananentour, denn das Ziel ist der Besuch unserer eigenen Bananenplantage. Um zu sehen, ob die Bananen reif sind und wir sie ernten k\u00f6nnen.     <\/span><\/p>\n<p style=\"color: #000000;font-family: 'Helvetica Neue', Helvetica, Roboto, Arial, sans-serif;margin: 0px 0px 20px\"><span style=\"font-size: medium\">Der Bananentrip ist eine private Kulturreise auf der Insel Pico, die ein exklusives Erlebnis bietet. Im Preis enthalten sind alle Kosten f\u00fcr die Fahrt von der Insel Faial und zur\u00fcck. <\/span><\/p>\n","protected":false},"excerpt":{"rendered":"<p style=\"color: #000000;font-family: 'Helvetica Neue', Helvetica, Roboto, Arial, sans-serif;margin: 0px 0px 20px\"><span style=\"font-size: medium\">Der Bananentrip ist eine ganzt\u00e4gige kulturelle Tour auf der Insel Pico. Normalerweise konzentrieren wir uns auf die S\u00fcdk\u00fcste der Insel Pico. Wir lernen etwas \u00fcber die Weinkultur und die Weinberge, die zum UNESCO-Welterbe geh\u00f6ren. Und wir werden die Bedeutung der Walfangkultur auf den Azoren besser verstehen, indem wir ein paar historische St\u00e4tten wie das Walfangmuseum besuchen.   <\/span><\/p>\n<p style=\"color: #000000;font-family: 'Helvetica Neue', Helvetica, Roboto, Arial, sans-serif;margin: 0px 0px 20px\"><span style=\"font-size: medium\">Ein traditionelles Mittagessen im Dorf Lajes ist inbegriffen. Dazwischen werden wir mehrere nat\u00fcrliche Gezeitenbecken bewundern und das Innere der Insel, das Pico Central Plateau, besuchen. Wir nennen es Bananentour, denn das Ziel ist der Besuch unserer eigenen Bananenplantage. Um zu sehen, ob die Bananen reif sind und wir sie ernten k\u00f6nnen.   <\/span><\/p>\n<p style=\"color: #000000;font-family: 'Helvetica Neue', Helvetica, Roboto, Arial, sans-serif;margin: 0px 0px 20px\"><span style=\"font-size: medium\">Der Bananentrip ist eine private Kulturreise auf der Insel Pico, die ein exklusives Erlebnis bietet. Im Preis enthalten sind alle Kosten f\u00fcr die Fahrt von der Insel Faial und zur\u00fcck. <\/span><\/p>\n","protected":false},"featured_media":22738,"comment_status":"open","ping_status":"closed","template":"","meta":{"_acf_changed":false},"product_brand":[],"product_cat":[19483,19490,19503,19517],"product_tag":[19518],"class_list":{"0":"post-22737","1":"product","2":"type-product","3":"status-publish","4":"has-post-thumbnail","6":"product_cat-aktivitaten","7":"product_cat-alle-inseln","8":"product_cat-gefuehrte-touren","9":"product_cat-pico","10":"product_tag-picoisland","12":"first","13":"instock","14":"virtual","15":"sold-individually","16":"taxable","17":"purchasable","18":"product-type-phive_booking"},"acf":[],"_links":{"self":[{"href":"https:\/\/guidetotheazores.pt\/de\/wp-json\/wp\/v2\/product\/22737","targetHints":{"allow":["GET"]}}],"collection":[{"href":"https:\/\/guidetotheazores.pt\/de\/wp-json\/wp\/v2\/product"}],"about":[{"href":"https:\/\/guidetotheazores.pt\/de\/wp-json\/wp\/v2\/types\/product"}],"replies":[{"embeddable":true,"href":"https:\/\/guidetotheazores.pt\/de\/wp-json\/wp\/v2\/comments?post=22737"}],"wp:featuredmedia":[{"embeddable":true,"href":"https:\/\/guidetotheazores.pt\/de\/wp-json\/wp\/v2\/media\/22738"}],"wp:attachment":[{"href":"https:\/\/guidetotheazores.pt\/de\/wp-json\/wp\/v2\/media?parent=22737"}],"wp:term":[{"taxonomy":"product_brand","embeddable":true,"href":"https:\/\/guidetotheazores.pt\/de\/wp-json\/wp\/v2\/product_brand?post=22737"},{"taxonomy":"product_cat","embeddable":true,"href":"https:\/\/guidetotheazores.pt\/de\/wp-json\/wp\/v2\/product_cat?post=22737"},{"taxonomy":"product_tag","embeddable":true,"href":"https:\/\/guidetotheazores.pt\/de\/wp-json\/wp\/v2\/product_tag?post=22737"}],"curies":[{"name":"wp","href":"https:\/\/api.w.org\/{rel}","templated":true}]}}