{"id":22744,"date":"2024-02-20T08:55:30","date_gmt":"2024-02-20T09:55:30","guid":{"rendered":"https:\/\/guidetotheazores.pt\/product\/trailrunning-auf-faial-private-tour\/"},"modified":"2024-02-20T08:55:30","modified_gmt":"2024-02-20T09:55:30","slug":"trailrunning-auf-faial-private-tour","status":"publish","type":"product","link":"https:\/\/guidetotheazores.pt\/de\/produkt\/trailrunning-auf-faial-private-tour\/","title":{"rendered":"Trailrunning auf Faial &#8211; Private Tour"},"content":{"rendered":"<p style=\"color: #000000;font-family: 'Helvetica Neue', Helvetica, Roboto, Arial, sans-serif;margin: 0px 0px 20px\">Trailrunning auf Faial ist eine tolle M\u00f6glichkeit, die Insel kennenzulernen. Der 10 Volcanoes Trail ist wohl die beste Mittelstrecken-Trailrunning-Route auf Faial und ist Teil des Azores Trail Run Rennens. Dieser Trail bietet eine einfache M\u00f6glichkeit, Sehensw\u00fcrdigkeiten zu besichtigen, wenn du deine Laufschuhe immer dabei hast.  <\/p>\n<p style=\"color: #000000;font-family: 'Helvetica Neue', Helvetica, Roboto, Arial, sans-serif;margin: 0px 0px 20px\">W\u00e4hrend der Tour haben wir die M\u00f6glichkeit, etwas \u00fcber die Natur und Kultur der Insel zu erfahren, w\u00e4hrend wir laufen. Unser Trailrunner-Guide wird das richtige Tempo vorgeben, damit sich jeder w\u00e4hrend des Abenteuers wohl f\u00fchlt. Je nach Wetterlage bleibt am Ende der Tour noch etwas Zeit zum Entspannen und eventuell zum Schwimmen.  <\/p>\n<p style=\"color: #000000;font-family: 'Helvetica Neue', Helvetica, Roboto, Arial, sans-serif;margin: 0px 0px 20px\">Obwohl der 10 Volcanoes Trail eine gro\u00dfartige Wahl f\u00fcr Trailrunning auf Faial ist, verstehen wir, dass er vielleicht zu anspruchsvoll ist oder einfach nicht das ist, wonach du suchst. Unsere Touren sind privat, also z\u00f6gere nicht, uns zu kontaktieren, wenn du eine k\u00fcrzere Strecke oder eine andere Laufroute suchst. Wir entwerfen gerne eine andere Trailrunning-Option. Schau dir unser letztes Abenteuer mit Mirna Valerio und ihrem Team, &#8222;Mirnavator&#8220;, an.   <\/p>\n","protected":false},"excerpt":{"rendered":"<p><span style=\"color: #000000;font-family: 'Helvetica Neue', Helvetica, Roboto, Arial, sans-serif\">Trailrunning auf Faial ist eine tolle M\u00f6glichkeit, die Insel kennenzulernen. Der 10 Volcanoes Trail ist wohl die beste Mittelstrecken-Trailrunning-Route auf Faial und ist Teil des Azores Trail Run Rennens. Dieser Trail bietet eine einfache M\u00f6glichkeit, Sehensw\u00fcrdigkeiten zu besichtigen, wenn du deine Laufschuhe immer dabei hast.    <\/span><\/p>\n<p>&nbsp;<\/p>\n","protected":false},"featured_media":22755,"comment_status":"open","ping_status":"closed","template":"","meta":{"_acf_changed":false},"product_brand":[],"product_cat":[19483,19490,19491,19503],"product_tag":[19492],"class_list":{"0":"post-22744","1":"product","2":"type-product","3":"status-publish","4":"has-post-thumbnail","6":"product_cat-aktivitaten","7":"product_cat-alle-inseln","8":"product_cat-faial","9":"product_cat-gefuehrte-touren","10":"product_tag-faialisland","12":"first","13":"instock","14":"virtual","15":"sold-individually","16":"taxable","17":"purchasable","18":"product-type-phive_booking"},"acf":[],"_links":{"self":[{"href":"https:\/\/guidetotheazores.pt\/de\/wp-json\/wp\/v2\/product\/22744","targetHints":{"allow":["GET"]}}],"collection":[{"href":"https:\/\/guidetotheazores.pt\/de\/wp-json\/wp\/v2\/product"}],"about":[{"href":"https:\/\/guidetotheazores.pt\/de\/wp-json\/wp\/v2\/types\/product"}],"replies":[{"embeddable":true,"href":"https:\/\/guidetotheazores.pt\/de\/wp-json\/wp\/v2\/comments?post=22744"}],"wp:featuredmedia":[{"embeddable":true,"href":"https:\/\/guidetotheazores.pt\/de\/wp-json\/wp\/v2\/media\/22755"}],"wp:attachment":[{"href":"https:\/\/guidetotheazores.pt\/de\/wp-json\/wp\/v2\/media?parent=22744"}],"wp:term":[{"taxonomy":"product_brand","embeddable":true,"href":"https:\/\/guidetotheazores.pt\/de\/wp-json\/wp\/v2\/product_brand?post=22744"},{"taxonomy":"product_cat","embeddable":true,"href":"https:\/\/guidetotheazores.pt\/de\/wp-json\/wp\/v2\/product_cat?post=22744"},{"taxonomy":"product_tag","embeddable":true,"href":"https:\/\/guidetotheazores.pt\/de\/wp-json\/wp\/v2\/product_tag?post=22744"}],"curies":[{"name":"wp","href":"https:\/\/api.w.org\/{rel}","templated":true}]}}