{"id":22757,"date":"2024-02-17T06:51:39","date_gmt":"2024-02-17T07:51:39","guid":{"rendered":"https:\/\/guidetotheazores.pt\/product\/rosa-haus-horta\/"},"modified":"2024-02-17T06:51:39","modified_gmt":"2024-02-17T07:51:39","slug":"rosa-haus-horta","status":"publish","type":"product","link":"https:\/\/guidetotheazores.pt\/de\/produkt\/rosa-haus-horta\/","title":{"rendered":"Rosa Haus &#8211; Horta"},"content":{"rendered":"<p><span style=\"color: #000000;font-family: 'Helvetica Neue', Helvetica, Roboto, Arial, sans-serif;font-size: medium\">Ruhig und zentral gelegenes Haus mit 2 Schlafzimmern, 1 Minute zu Fu\u00df nach Porto Pim &#8211; der sch\u00f6nsten Bucht und dem sch\u00f6nsten Strand der Insel Faial.<\/span><br style=\"color: #000000;font-family: 'Helvetica Neue', Helvetica, Roboto, Arial, sans-serif\"><span style=\"color: #000000;font-family: 'Helvetica Neue', Helvetica, Roboto, Arial, sans-serif;font-size: medium\">Das Haus wurde 2022 komplett renoviert &#8211; neues Bad, K\u00fcche und Wohnzimmer. Jedes Schlafzimmer hat ein Kingsize-Bett. Auch vom Hinterhof des Hauses aus hast du einen Blick auf die Bucht und den Yachthafen, wo du sitzen und entspannen kannst.  <\/span><br style=\"color: #000000;font-family: 'Helvetica Neue', Helvetica, Roboto, Arial, sans-serif\"><span style=\"color: #000000;font-family: 'Helvetica Neue', Helvetica, Roboto, Arial, sans-serif;font-size: medium\">Das Haus liegt in der Stadt Horta &#8211; nur wenige Gehminuten von Restaurants, Caf\u00e9s, Bars, Gesch\u00e4ften und dem Yachthafen entfernt.<\/span><br style=\"color: #000000;font-family: 'Helvetica Neue', Helvetica, Roboto, Arial, sans-serif\"><span style=\"color: #000000;font-family: 'Helvetica Neue', Helvetica, Roboto, Arial, sans-serif;font-size: medium\">nur 15 Minuten Autofahrt zum Flughafen.<\/span><\/p>\n","protected":false},"excerpt":{"rendered":"<p>Ruhig und zentral gelegenes Haus mit 2 Schlafzimmern, 1 Minute zu Fu\u00df nach Porto Pim &#8211; der sch\u00f6nsten Bucht und dem sch\u00f6nsten Strand der Insel Faial.<\/p>\n","protected":false},"featured_media":22759,"comment_status":"open","ping_status":"closed","template":"","meta":{"_acf_changed":false},"product_brand":[],"product_cat":[19490,19514,19491,19511],"product_tag":[19492],"class_list":{"0":"post-22757","1":"product","2":"type-product","3":"status-publish","4":"has-post-thumbnail","6":"product_cat-alle-inseln","7":"product_cat-alojamento-lokal","8":"product_cat-faial","9":"product_cat-unterkunft","10":"product_tag-faialisland","12":"first","13":"instock","14":"virtual","15":"sold-individually","16":"taxable","17":"purchasable","18":"product-type-phive_booking"},"acf":[],"_links":{"self":[{"href":"https:\/\/guidetotheazores.pt\/de\/wp-json\/wp\/v2\/product\/22757","targetHints":{"allow":["GET"]}}],"collection":[{"href":"https:\/\/guidetotheazores.pt\/de\/wp-json\/wp\/v2\/product"}],"about":[{"href":"https:\/\/guidetotheazores.pt\/de\/wp-json\/wp\/v2\/types\/product"}],"replies":[{"embeddable":true,"href":"https:\/\/guidetotheazores.pt\/de\/wp-json\/wp\/v2\/comments?post=22757"}],"wp:featuredmedia":[{"embeddable":true,"href":"https:\/\/guidetotheazores.pt\/de\/wp-json\/wp\/v2\/media\/22759"}],"wp:attachment":[{"href":"https:\/\/guidetotheazores.pt\/de\/wp-json\/wp\/v2\/media?parent=22757"}],"wp:term":[{"taxonomy":"product_brand","embeddable":true,"href":"https:\/\/guidetotheazores.pt\/de\/wp-json\/wp\/v2\/product_brand?post=22757"},{"taxonomy":"product_cat","embeddable":true,"href":"https:\/\/guidetotheazores.pt\/de\/wp-json\/wp\/v2\/product_cat?post=22757"},{"taxonomy":"product_tag","embeddable":true,"href":"https:\/\/guidetotheazores.pt\/de\/wp-json\/wp\/v2\/product_tag?post=22757"}],"curies":[{"name":"wp","href":"https:\/\/api.w.org\/{rel}","templated":true}]}}