{"id":22780,"date":"2024-02-19T08:30:39","date_gmt":"2024-02-19T09:30:39","guid":{"rendered":"https:\/\/guidetotheazores.pt\/product\/casa-da-boa-vista-faial\/"},"modified":"2024-02-19T08:30:39","modified_gmt":"2024-02-19T09:30:39","slug":"casa-da-boa-vista-faial","status":"publish","type":"product","link":"https:\/\/guidetotheazores.pt\/de\/produkt\/casa-da-boa-vista-faial\/","title":{"rendered":"Casa da Boa Vista &#8211; Faial"},"content":{"rendered":"<p><span style=\"color: #1a1a1a; font-family: 'system-ui', -apple-system, 'Segoe UI', Roboto, Helvetica, Arial, sans-serif; font-size: 14px;\">Casas da Boa Vista befindet sich in Horta, 12 km von Caldeira und 24 km von Capelinhos entfernt. Kostenloses WiFi wird im gesamten Geb\u00e4ude angeboten. Die Unterk\u00fcnfte verf\u00fcgen \u00fcber einen Sitzbereich. Einige Unterk\u00fcnfte verf\u00fcgen \u00fcber eine Terrasse und\/oder einen Balkon mit Meer- oder Bergblick. Au\u00dferdem gibt es eine K\u00fcche mit Backofen, Mikrowelle und Toaster. Au\u00dferdem gibt es einen K\u00fchlschrank und einen Herd sowie eine Kaffeemaschine und einen Wasserkocher. Jede Wohneinheit hat ein eigenes Bad mit Badewanne. Kostenlose Privatparkpl\u00e4tze stehen am Ferienhaus zur Verf\u00fcgung. Die Gegend ist beliebt zum Tauchen. Die G\u00e4ste k\u00f6nnen in der Umgebung verschiedene Aktivit\u00e4ten wie Radfahren, Angeln und Wandern aus\u00fcben. Der n\u00e4chstgelegene Flughafen ist der Flughafen Horta, 15,5 km von Casas da Boa Vista entfernt.          <\/span><\/p>\n","protected":false},"excerpt":{"rendered":"<p><span style=\"color: #1a1a1a; font-family: 'system-ui', -apple-system, 'Segoe UI', Roboto, Helvetica, Arial, sans-serif; font-size: 14px;\">Casas da Boa Vista befindet sich in Horta, 12 km von Caldeira und 24 km von Capelinhos entfernt. Kostenloses WiFi wird im gesamten Geb\u00e4ude angeboten. Die Unterk\u00fcnfte verf\u00fcgen \u00fcber einen Sitzbereich. Einige Unterk\u00fcnfte verf\u00fcgen \u00fcber eine Terrasse und\/oder einen Balkon mit Meer- oder Bergblick. Au\u00dferdem gibt es eine K\u00fcche mit Backofen, Mikrowelle und Toaster. Au\u00dferdem gibt es einen K\u00fchlschrank und einen Herd sowie eine Kaffeemaschine und einen Wasserkocher. Jede Wohneinheit hat ein eigenes Bad mit Badewanne. Kostenlose Privatparkpl\u00e4tze stehen am Ferienhaus zur Verf\u00fcgung. Die Gegend ist beliebt zum Tauchen. Die G\u00e4ste k\u00f6nnen in der Umgebung verschiedene Aktivit\u00e4ten wie Radfahren, Angeln und Wandern aus\u00fcben. Der n\u00e4chstgelegene Flughafen ist der Flughafen Horta, 15,5 km von Casas da Boa Vista entfernt.          <\/span><\/p>\n","protected":false},"featured_media":22785,"comment_status":"open","ping_status":"closed","template":"","meta":{"_acf_changed":false},"product_brand":[],"product_cat":[19490,19514,19491,19511],"product_tag":[19492],"class_list":{"0":"post-22780","1":"product","2":"type-product","3":"status-publish","4":"has-post-thumbnail","6":"product_cat-alle-inseln","7":"product_cat-alojamento-lokal","8":"product_cat-faial","9":"product_cat-unterkunft","10":"product_tag-faialisland","12":"first","13":"instock","14":"virtual","15":"sold-individually","16":"taxable","17":"purchasable","18":"product-type-phive_booking"},"acf":[],"_links":{"self":[{"href":"https:\/\/guidetotheazores.pt\/de\/wp-json\/wp\/v2\/product\/22780","targetHints":{"allow":["GET"]}}],"collection":[{"href":"https:\/\/guidetotheazores.pt\/de\/wp-json\/wp\/v2\/product"}],"about":[{"href":"https:\/\/guidetotheazores.pt\/de\/wp-json\/wp\/v2\/types\/product"}],"replies":[{"embeddable":true,"href":"https:\/\/guidetotheazores.pt\/de\/wp-json\/wp\/v2\/comments?post=22780"}],"wp:featuredmedia":[{"embeddable":true,"href":"https:\/\/guidetotheazores.pt\/de\/wp-json\/wp\/v2\/media\/22785"}],"wp:attachment":[{"href":"https:\/\/guidetotheazores.pt\/de\/wp-json\/wp\/v2\/media?parent=22780"}],"wp:term":[{"taxonomy":"product_brand","embeddable":true,"href":"https:\/\/guidetotheazores.pt\/de\/wp-json\/wp\/v2\/product_brand?post=22780"},{"taxonomy":"product_cat","embeddable":true,"href":"https:\/\/guidetotheazores.pt\/de\/wp-json\/wp\/v2\/product_cat?post=22780"},{"taxonomy":"product_tag","embeddable":true,"href":"https:\/\/guidetotheazores.pt\/de\/wp-json\/wp\/v2\/product_tag?post=22780"}],"curies":[{"name":"wp","href":"https:\/\/api.w.org\/{rel}","templated":true}]}}