{"id":22784,"date":"2024-02-17T06:12:06","date_gmt":"2024-02-17T07:12:06","guid":{"rendered":"https:\/\/guidetotheazores.pt\/product\/ganztaegige-entdeckung-von-faial-private-tour\/"},"modified":"2024-02-17T06:12:06","modified_gmt":"2024-02-17T07:12:06","slug":"ganztaegige-entdeckung-von-faial-private-tour","status":"publish","type":"product","link":"https:\/\/guidetotheazores.pt\/de\/produkt\/ganztaegige-entdeckung-von-faial-private-tour\/","title":{"rendered":"Ganzt\u00e4gige Entdeckung von Faial &#8211; Private Tour"},"content":{"rendered":"<p><span style=\"color: #000000;font-family: 'Helvetica Neue', Helvetica, Roboto, Arial, sans-serif;font-size: medium\">Unsere ganzt\u00e4gige Autotour auf Faial f\u00fchrt uns auf unterhaltsame und spannende Weise \u00fcber die Insel. Wir werden die Caldeira do Faial, den Vulkan Capelinhos, die Faj\u00e3 da Praia do Norte und einige andere Orte besuchen. Unsere Reiseroute ist immer eine \u00dcberraschung.    <\/span><\/p>\n<p><span style=\"color: #000000;font-family: 'Helvetica Neue', Helvetica, Roboto, Arial, sans-serif;font-size: medium\">Da es sich um eine private Tour handelt, k\u00f6nnen wir jede Tour flexibel an die W\u00fcnsche unserer Kunden und an die Wetterbedingungen anpassen. Unsere Guides lieben es, die Geschichte und Kultur unserer Insel und ihr Wissen \u00fcber die Azoren im Allgemeinen zu vermitteln.   <\/span><\/p>\n<p><span style=\"color: #000000;font-family: 'Helvetica Neue', Helvetica, Roboto, Arial, sans-serif;font-size: medium\">Wenn du Interesse hast, halten wir im Sommer gerne an, um im Meer zu schwimmen oder eine kleine Wanderung zu machen. Unsere Autotour auf Faial ist eine 8-st\u00fcndige Tour, inklusive Mittagessen. <\/span><\/p>\n","protected":false},"excerpt":{"rendered":"<p>Unsere ganzt\u00e4gige Autotour auf Faial f\u00fchrt uns auf unterhaltsame und spannende Weise \u00fcber die Insel. Wir werden die Caldeira do Faial, den Vulkan Capelinhos, die Faj\u00e3 da Praia do Norte und einige andere Orte besuchen. Unsere Reiseroute ist immer eine \u00dcberraschung.  <\/p>\n","protected":false},"featured_media":22795,"comment_status":"open","ping_status":"closed","template":"","meta":{"_acf_changed":false},"product_brand":[],"product_cat":[19483,19490,19491,19503],"product_tag":[19492],"class_list":{"0":"post-22784","1":"product","2":"type-product","3":"status-publish","4":"has-post-thumbnail","6":"product_cat-aktivitaten","7":"product_cat-alle-inseln","8":"product_cat-faial","9":"product_cat-gefuehrte-touren","10":"product_tag-faialisland","12":"first","13":"instock","14":"virtual","15":"sold-individually","16":"taxable","17":"purchasable","18":"product-type-phive_booking"},"acf":[],"_links":{"self":[{"href":"https:\/\/guidetotheazores.pt\/de\/wp-json\/wp\/v2\/product\/22784","targetHints":{"allow":["GET"]}}],"collection":[{"href":"https:\/\/guidetotheazores.pt\/de\/wp-json\/wp\/v2\/product"}],"about":[{"href":"https:\/\/guidetotheazores.pt\/de\/wp-json\/wp\/v2\/types\/product"}],"replies":[{"embeddable":true,"href":"https:\/\/guidetotheazores.pt\/de\/wp-json\/wp\/v2\/comments?post=22784"}],"wp:featuredmedia":[{"embeddable":true,"href":"https:\/\/guidetotheazores.pt\/de\/wp-json\/wp\/v2\/media\/22795"}],"wp:attachment":[{"href":"https:\/\/guidetotheazores.pt\/de\/wp-json\/wp\/v2\/media?parent=22784"}],"wp:term":[{"taxonomy":"product_brand","embeddable":true,"href":"https:\/\/guidetotheazores.pt\/de\/wp-json\/wp\/v2\/product_brand?post=22784"},{"taxonomy":"product_cat","embeddable":true,"href":"https:\/\/guidetotheazores.pt\/de\/wp-json\/wp\/v2\/product_cat?post=22784"},{"taxonomy":"product_tag","embeddable":true,"href":"https:\/\/guidetotheazores.pt\/de\/wp-json\/wp\/v2\/product_tag?post=22784"}],"curies":[{"name":"wp","href":"https:\/\/api.w.org\/{rel}","templated":true}]}}