{"id":22803,"date":"2024-02-17T06:02:28","date_gmt":"2024-02-17T07:02:28","guid":{"rendered":"https:\/\/guidetotheazores.pt\/product\/sete-cidades-mosteiros-und-ferraria\/"},"modified":"2024-02-17T06:02:28","modified_gmt":"2024-02-17T07:02:28","slug":"sete-cidades-mosteiros-und-ferraria","status":"publish","type":"product","link":"https:\/\/guidetotheazores.pt\/de\/produkt\/sete-cidades-mosteiros-und-ferraria\/","title":{"rendered":"Sete Cidades, Mosteiros und Ferraria"},"content":{"rendered":"<p>Wir sind von Ponta Delgada aus in Richtung Sete Cidades auf der Covoada-Seite aufgebrochen und haben die folgende Route gew\u00e4hlt:<\/p>\n<p>&#8211; Aussichtspunkt Pico do Carv\u00e3o;<\/p>\n<p>&#8211; Lagoa do Can\u00e1rio;<\/p>\n<p>&#8211; Aussichtspunkt Grota do Inferno<\/p>\n<p>&#8211; Cerrado das Freiras Aussichtspunkt<\/p>\n<p>&#8211; Lagune von Santiago<\/p>\n<p>&#8211; Vista do Rei Aussichtspunkt.<\/p>\n<p>Dann geht es hinunter in die malerische Stadt Sete Cidades, wo wir an den Ufern der gr\u00fcnen Lagune spazieren gehen und die Kirche S\u00e3o Nicolau besuchen. Als N\u00e4chstes fahren wir nach Mosteiros und genie\u00dfen den schwarzen Sandstrand und die vier kleinen Inseln. Zum Schluss besuchen wir die Ponta da Ferraria, wo du je nach Jahreszeit und Gezeiten ein hei\u00dfes Bad im Meer nehmen kannst.  <\/p>\n<p><strong>Informationen und Bedingungen:<\/strong><\/p>\n<p>Halber Tag<\/p>\n<p>Mindestens 2 Personen<\/p>\n<p>35 Euro pro Erwachsener<\/p>\n<p>10 Euro pro Kind bis zu 12 Jahren<\/p>\n<p>Dauer 4 Stunden<\/p>\n<p>Abholung und R\u00fccktransport von der Unterkunft in Ponta Delgada in einem Umkreis von 5 km inklusive<\/p>\n<p>Bringe Badeanzug und Handtuch mit.<\/p>\n<p><strong>Stornierungsbedingungen:<\/strong><\/p>\n<p>Kostenlose Stornierung aufgrund von Wetterbedingungen (Regen);<\/p>\n<p>Kostenlose Stornierung bis zu 15 Tage im Voraus, danach keine R\u00fcckerstattung mehr m\u00f6glich<\/p>\n<p>Diese Tour ist auf Portugiesisch und Englisch verf\u00fcgbar<\/p>\n","protected":false},"excerpt":{"rendered":"<p>Wir sind von Ponta Delgada aus in Richtung Sete Cidades auf der Covoada-Seite aufgebrochen und haben die folgende Route gew\u00e4hlt:<\/p>\n<p>&#8211; Aussichtspunkt Pico do Carv\u00e3o, Lagoa do Can\u00e1rio, Aussichtspunkt Grota do Inferno, Aussichtspunkt Cerrado das Freiras, Lagune Santiago, Aussichtspunkt Vista do Rei.<\/p>\n<p>Dann geht es hinunter in die malerische Stadt Sete Cidades, wo wir an den Ufern der gr\u00fcnen Lagune spazieren gehen und die Kirche S\u00e3o Nicolau besuchen. Als N\u00e4chstes fahren wir nach Mosteiros und genie\u00dfen den schwarzen Sandstrand und die vier kleinen Inseln. Zum Schluss besuchen wir die Ponta da Ferraria, wo du je nach Jahreszeit und Gezeiten ein hei\u00dfes Bad im Meer nehmen kannst.  <\/p>\n<p>Diese Tour ist auf Portugiesisch und Englisch verf\u00fcgbar.<\/p>\n","protected":false},"featured_media":22809,"comment_status":"open","ping_status":"closed","template":"","meta":{"_acf_changed":false},"product_brand":[],"product_cat":[19483,19490,19503,19521],"product_tag":[19522],"class_list":{"0":"post-22803","1":"product","2":"type-product","3":"status-publish","4":"has-post-thumbnail","6":"product_cat-aktivitaten","7":"product_cat-alle-inseln","8":"product_cat-gefuehrte-touren","9":"product_cat-sao-miguel","10":"product_tag-saomiguelisland","12":"first","13":"instock","14":"virtual","15":"sold-individually","16":"taxable","17":"purchasable","18":"product-type-phive_booking"},"acf":[],"_links":{"self":[{"href":"https:\/\/guidetotheazores.pt\/de\/wp-json\/wp\/v2\/product\/22803","targetHints":{"allow":["GET"]}}],"collection":[{"href":"https:\/\/guidetotheazores.pt\/de\/wp-json\/wp\/v2\/product"}],"about":[{"href":"https:\/\/guidetotheazores.pt\/de\/wp-json\/wp\/v2\/types\/product"}],"replies":[{"embeddable":true,"href":"https:\/\/guidetotheazores.pt\/de\/wp-json\/wp\/v2\/comments?post=22803"}],"wp:featuredmedia":[{"embeddable":true,"href":"https:\/\/guidetotheazores.pt\/de\/wp-json\/wp\/v2\/media\/22809"}],"wp:attachment":[{"href":"https:\/\/guidetotheazores.pt\/de\/wp-json\/wp\/v2\/media?parent=22803"}],"wp:term":[{"taxonomy":"product_brand","embeddable":true,"href":"https:\/\/guidetotheazores.pt\/de\/wp-json\/wp\/v2\/product_brand?post=22803"},{"taxonomy":"product_cat","embeddable":true,"href":"https:\/\/guidetotheazores.pt\/de\/wp-json\/wp\/v2\/product_cat?post=22803"},{"taxonomy":"product_tag","embeddable":true,"href":"https:\/\/guidetotheazores.pt\/de\/wp-json\/wp\/v2\/product_tag?post=22803"}],"curies":[{"name":"wp","href":"https:\/\/api.w.org\/{rel}","templated":true}]}}