{"id":22848,"date":"2024-02-15T11:42:21","date_gmt":"2024-02-15T12:42:21","guid":{"rendered":"https:\/\/guidetotheazores.pt\/product\/haus-am-meer-flores\/"},"modified":"2024-02-15T11:42:21","modified_gmt":"2024-02-15T12:42:21","slug":"haus-am-meer-flores","status":"publish","type":"product","link":"https:\/\/guidetotheazores.pt\/de\/produkt\/haus-am-meer-flores\/","title":{"rendered":"Haus am Meer &#8211; Flores"},"content":{"rendered":"<p>Casa do Mar&#8220; ist ein Steinhaus mit Panoramablick auf den Ozean und den Sonnenuntergang, mit direktem Zugang zum Meer.<\/p>\n<p>Sie verf\u00fcgt \u00fcber ein Schlafzimmer mit Meerblick, ein Wohnzimmer mit Einzelbett und Fernseher, ein Badezimmer und eine ausgestattete K\u00fcche (Geschirrsp\u00fcler und Haushaltsger\u00e4te). Bettw\u00e4sche und Handt\u00fccher werden gestellt. <\/p>\n<p>Wir bitten dich, beim Check-in 25 Euro pro Person f\u00fcr nicht enthaltene Steuern und Geb\u00fchren zu bezahlen.<\/p>\n<p>Das Haus ist neu und gem\u00fctlich eingerichtet<\/p>\n","protected":false},"excerpt":{"rendered":"<p>Casa do Mar&#8220; ist ein Steinhaus mit Panoramablick auf den Ozean und den Sonnenuntergang, mit direktem Zugang zum Meer.<\/p>\n<p>Sie verf\u00fcgt \u00fcber ein Schlafzimmer mit Meerblick, ein Wohnzimmer mit Einzelbett und Fernseher, ein Badezimmer und eine ausgestattete K\u00fcche (Geschirrsp\u00fcler und Haushaltsger\u00e4te). Bettw\u00e4sche und Handt\u00fccher werden gestellt. <\/p>\n<p>Wir bitten dich, beim Check-in 25 Euro pro Person f\u00fcr nicht enthaltene Steuern und Geb\u00fchren zu bezahlen.<\/p>\n<p>Das Haus ist neu und gem\u00fctlich eingerichtet<\/p>\n","protected":false},"featured_media":22852,"comment_status":"open","ping_status":"closed","template":"","meta":{"_acf_changed":false},"product_brand":[],"product_cat":[19490,19514,19529,19511],"product_tag":[19530],"class_list":{"0":"post-22848","1":"product","2":"type-product","3":"status-publish","4":"has-post-thumbnail","6":"product_cat-alle-inseln","7":"product_cat-alojamento-lokal","8":"product_cat-flores","9":"product_cat-unterkunft","10":"product_tag-floresisland","12":"first","13":"instock","14":"virtual","15":"sold-individually","16":"taxable","17":"purchasable","18":"product-type-phive_booking"},"acf":[],"_links":{"self":[{"href":"https:\/\/guidetotheazores.pt\/de\/wp-json\/wp\/v2\/product\/22848","targetHints":{"allow":["GET"]}}],"collection":[{"href":"https:\/\/guidetotheazores.pt\/de\/wp-json\/wp\/v2\/product"}],"about":[{"href":"https:\/\/guidetotheazores.pt\/de\/wp-json\/wp\/v2\/types\/product"}],"replies":[{"embeddable":true,"href":"https:\/\/guidetotheazores.pt\/de\/wp-json\/wp\/v2\/comments?post=22848"}],"wp:featuredmedia":[{"embeddable":true,"href":"https:\/\/guidetotheazores.pt\/de\/wp-json\/wp\/v2\/media\/22852"}],"wp:attachment":[{"href":"https:\/\/guidetotheazores.pt\/de\/wp-json\/wp\/v2\/media?parent=22848"}],"wp:term":[{"taxonomy":"product_brand","embeddable":true,"href":"https:\/\/guidetotheazores.pt\/de\/wp-json\/wp\/v2\/product_brand?post=22848"},{"taxonomy":"product_cat","embeddable":true,"href":"https:\/\/guidetotheazores.pt\/de\/wp-json\/wp\/v2\/product_cat?post=22848"},{"taxonomy":"product_tag","embeddable":true,"href":"https:\/\/guidetotheazores.pt\/de\/wp-json\/wp\/v2\/product_tag?post=22848"}],"curies":[{"name":"wp","href":"https:\/\/api.w.org\/{rel}","templated":true}]}}