{"id":22874,"date":"2024-02-12T17:38:15","date_gmt":"2024-02-12T18:38:15","guid":{"rendered":"https:\/\/guidetotheazores.pt\/product\/whale-watching-insel-bootstour\/"},"modified":"2024-02-12T17:38:15","modified_gmt":"2024-02-12T18:38:15","slug":"whale-watching-insel-bootstour","status":"publish","type":"product","link":"https:\/\/guidetotheazores.pt\/de\/produkt\/whale-watching-insel-bootstour\/","title":{"rendered":"Whale Watching &amp; Insel Bootstour"},"content":{"rendered":"<p style=\"color: #000000;font-family: 'Helvetica Neue', Helvetica, Roboto, Arial, sans-serif;margin: 0px 0px 20px\">Wir treffen uns am Yachthafen von Vila Franca do Campo, um zur angegebenen Zeit einzuchecken.<\/p>\n<p style=\"color: #000000;font-family: 'Helvetica Neue', Helvetica, Roboto, Arial, sans-serif;margin: 0px 0px 20px\">Die Reise beginnt mit einer kurzen Einweisung in die lokalen Wal- und Delfinarten, ihre Wanderungen und Verhaltensweisen sowie die Sicherheit an Bord.<\/p>\n<p style=\"color: #000000;font-family: 'Helvetica Neue', Helvetica, Roboto, Arial, sans-serif;margin: 0px 0px 20px\">Folge dem Guide und dem Skipper zu deinem zugewiesenen Boot und fahre aufs Meer hinaus. Ausgucke hoch im Landesinneren helfen dabei, unsere Freunde zu orten, und geben \u00fcber UKW-Funk Anweisungen, wohin das Boot fahren wird, zun\u00e4chst mit hoher Geschwindigkeit. W\u00e4hrend du dich unseren Freunden vorsichtig n\u00e4herst, h\u00e4lt dich dein Guide auf dem Laufenden, sammelt Feldaufnahmen und Daten f\u00fcr die Forschung vor Ort und steht dir jederzeit zur Verf\u00fcgung, um deine Fragen zu beantworten.  <\/p>\n<p style=\"color: #000000;font-family: 'Helvetica Neue', Helvetica, Roboto, Arial, sans-serif;margin: 0px 0px 20px\">Meeresbewohner k\u00f6nnen das ganze Jahr \u00fcber beobachtet werden. Mehr als 25 Walarten k\u00f6nnen beobachtet werden, darunter Pottwale, 3 Delfinarten und eine reiche Artenvielfalt im Meer. <\/p>\n<p style=\"color: #000000;font-family: 'Helvetica Neue', Helvetica, Roboto, Arial, sans-serif;margin: 0px 0px 20px\">Nach der R\u00fcckkehr zum Yachthafen umrundet das Boot die Prinzessinneninsel von Vila Franca do Campo, um das vulkanische Wunderwerk und die dort lebenden Tiere aus der N\u00e4he zu betrachten.<\/p>\n<p style=\"color: #000000;font-family: 'Helvetica Neue', Helvetica, Roboto, Arial, sans-serif;margin: 0px 0px 20px\">Wisse, bevor du gehst:<br \/>\n\u25cf Iss leicht, nimm deinen pers\u00f6nlichen Wasservorrat, Sonnenschutzmittel, Lippenstift, Sonnenbrille und warme Kleidung mit. Leichte Kost ist erlaubt, und eine Kamera ist unerl\u00e4sslich &#8211; sch\u00fctze deine pers\u00f6nliche Ausr\u00fcstung.<br \/>\nNICHT F\u00dcR Schwangere, Personen mit schwachem R\u00fccken, Rollstuhlfahrer, Personen in heiklem Gesundheitszustand oder Personen unter 4 Jahren.<\/p>\n<p style=\"color: #000000;font-family: 'Helvetica Neue', Helvetica, Roboto, Arial, sans-serif;margin: 0px 0px 20px\">Inklusive<br \/>\n\u25cf Sachkundiger Wildnisf\u00fchrer<br \/>\n\u25cf Erfahrener Skipper<br \/>\n\u25cf Zodiac-RIB-Boot (12 oder 28 Personen)<br \/>\n\u25cf Undurchl\u00e4ssiger Vollanzug und Schwimmweste<br \/>\n\u25cf Versicherung<\/p>\n<p style=\"color: #000000;font-family: 'Helvetica Neue', Helvetica, Roboto, Arial, sans-serif;margin: 0px 0px 20px\">Ausschl\u00fcsse<br \/>\n\u25cf Hotelabholung und -abgabe<br \/>\n\u25cf Pers\u00f6nliche Wasserversorgung<\/p>\n","protected":false},"excerpt":{"rendered":"<p>Wir treffen uns im Yachthafen von Vila Franca do Campo, um zur angegebenen Zeit einzuchecken.<br \/>\nDie Reise beginnt mit einer kurzen Einweisung in die lokalen Wal- und Delfinarten, ihre Wanderungen und Verhaltensweisen sowie die Sicherheit an Bord.<br \/>\nFolge dem Guide und dem Skipper zu dem dir zugewiesenen Boot und fahre hinaus aufs Meer. Ausgucke hoch im Landesinneren helfen dabei, unsere Freunde zu orten, und geben \u00fcber UKW-Funk Anweisungen, wohin das Boot zun\u00e4chst mit hoher Geschwindigkeit fahren wird. Dein Guide, der sich unseren Freunden vorsichtig n\u00e4hert, h\u00e4lt dich auf dem Laufenden, sammelt Feldaufnahmen und Daten f\u00fcr die Forschung vor Ort und steht dir jederzeit zur Verf\u00fcgung, um spezielle Fragen zu beantworten.<br \/>\nMeerestiere k\u00f6nnen das ganze Jahr \u00fcber beobachtet werden. Mehr als 25 Walarten k\u00f6nnen beobachtet werden, neben 3 Delfinarten sind auch Pottwale ans\u00e4ssig.   <\/p>\n","protected":false},"featured_media":22875,"comment_status":"open","ping_status":"closed","template":"","meta":{"_acf_changed":false},"product_brand":[],"product_cat":[19483,19490,19521,19499],"product_tag":[19522],"class_list":{"0":"post-22874","1":"product","2":"type-product","3":"status-publish","4":"has-post-thumbnail","6":"product_cat-aktivitaten","7":"product_cat-alle-inseln","8":"product_cat-sao-miguel","9":"product_cat-whale-watching","10":"product_tag-saomiguelisland","12":"first","13":"instock","14":"virtual","15":"sold-individually","16":"taxable","17":"purchasable","18":"product-type-phive_booking"},"acf":[],"_links":{"self":[{"href":"https:\/\/guidetotheazores.pt\/de\/wp-json\/wp\/v2\/product\/22874","targetHints":{"allow":["GET"]}}],"collection":[{"href":"https:\/\/guidetotheazores.pt\/de\/wp-json\/wp\/v2\/product"}],"about":[{"href":"https:\/\/guidetotheazores.pt\/de\/wp-json\/wp\/v2\/types\/product"}],"replies":[{"embeddable":true,"href":"https:\/\/guidetotheazores.pt\/de\/wp-json\/wp\/v2\/comments?post=22874"}],"wp:featuredmedia":[{"embeddable":true,"href":"https:\/\/guidetotheazores.pt\/de\/wp-json\/wp\/v2\/media\/22875"}],"wp:attachment":[{"href":"https:\/\/guidetotheazores.pt\/de\/wp-json\/wp\/v2\/media?parent=22874"}],"wp:term":[{"taxonomy":"product_brand","embeddable":true,"href":"https:\/\/guidetotheazores.pt\/de\/wp-json\/wp\/v2\/product_brand?post=22874"},{"taxonomy":"product_cat","embeddable":true,"href":"https:\/\/guidetotheazores.pt\/de\/wp-json\/wp\/v2\/product_cat?post=22874"},{"taxonomy":"product_tag","embeddable":true,"href":"https:\/\/guidetotheazores.pt\/de\/wp-json\/wp\/v2\/product_tag?post=22874"}],"curies":[{"name":"wp","href":"https:\/\/api.w.org\/{rel}","templated":true}]}}