{"id":22886,"date":"2024-02-11T06:32:46","date_gmt":"2024-02-11T07:32:46","guid":{"rendered":"https:\/\/guidetotheazores.pt\/product\/pico-bergbesteigung-portugals-hoechster-punkt-2351-meter\/"},"modified":"2024-02-11T06:32:46","modified_gmt":"2024-02-11T07:32:46","slug":"pico-bergbesteigung-portugals-hoechster-punkt-2351-meter","status":"publish","type":"product","link":"https:\/\/guidetotheazores.pt\/de\/produkt\/pico-bergbesteigung-portugals-hoechster-punkt-2351-meter\/","title":{"rendered":"Pico Bergbesteigung: Portugals h\u00f6chster Punkt &#8211; 2351 Meter"},"content":{"rendered":"<p><span style=\"color: #57646f; font-family: -apple-system, 'system-ui', Roboto, 'Helvetica Neue', sans-serif; font-size: 14px;\">Dies ist das kultigste und unvergesslichste Abenteuer auf den Azoren, perfekt f\u00fcr diejenigen, die in guter k\u00f6rperlicher Verfassung sind, auch ohne jegliche Bergsteigererfahrung. Eine Herausforderung im richtigen Ma\u00df, an die du dich sicher ein Leben lang erinnern wirst. Komm mit uns, um das Beste aus jedem Moment zu machen, mit der Sicherheit und Motivation, die dir nur ein erfahrener Bergf\u00fchrer geben kann. W\u00e4hrend des Abenteuers wirst du mit den professionellen Guides, die dich begleiten, mehr \u00fcber die Vulkane und die Artenvielfalt der Azoren erfahren.   <\/span><\/p>\n","protected":false},"excerpt":{"rendered":"<p>Tageswanderung zum Gipfel des Pico (2351m), dem h\u00f6chsten Berg Portugals!<\/p>\n","protected":false},"featured_media":22888,"comment_status":"open","ping_status":"closed","template":"","meta":{"_acf_changed":false},"product_brand":[],"product_cat":[19483,19490,19532,19517],"product_tag":[19518],"class_list":{"0":"post-22886","1":"product","2":"type-product","3":"status-publish","4":"has-post-thumbnail","6":"product_cat-aktivitaten","7":"product_cat-alle-inseln","8":"product_cat-hiking","9":"product_cat-pico","10":"product_tag-picoisland","12":"first","13":"instock","14":"virtual","15":"sold-individually","16":"taxable","17":"purchasable","18":"product-type-phive_booking"},"acf":[],"_links":{"self":[{"href":"https:\/\/guidetotheazores.pt\/de\/wp-json\/wp\/v2\/product\/22886","targetHints":{"allow":["GET"]}}],"collection":[{"href":"https:\/\/guidetotheazores.pt\/de\/wp-json\/wp\/v2\/product"}],"about":[{"href":"https:\/\/guidetotheazores.pt\/de\/wp-json\/wp\/v2\/types\/product"}],"replies":[{"embeddable":true,"href":"https:\/\/guidetotheazores.pt\/de\/wp-json\/wp\/v2\/comments?post=22886"}],"wp:featuredmedia":[{"embeddable":true,"href":"https:\/\/guidetotheazores.pt\/de\/wp-json\/wp\/v2\/media\/22888"}],"wp:attachment":[{"href":"https:\/\/guidetotheazores.pt\/de\/wp-json\/wp\/v2\/media?parent=22886"}],"wp:term":[{"taxonomy":"product_brand","embeddable":true,"href":"https:\/\/guidetotheazores.pt\/de\/wp-json\/wp\/v2\/product_brand?post=22886"},{"taxonomy":"product_cat","embeddable":true,"href":"https:\/\/guidetotheazores.pt\/de\/wp-json\/wp\/v2\/product_cat?post=22886"},{"taxonomy":"product_tag","embeddable":true,"href":"https:\/\/guidetotheazores.pt\/de\/wp-json\/wp\/v2\/product_tag?post=22886"}],"curies":[{"name":"wp","href":"https:\/\/api.w.org\/{rel}","templated":true}]}}