{"id":22906,"date":"2024-02-10T10:10:04","date_gmt":"2024-02-10T11:10:04","guid":{"rendered":"https:\/\/guidetotheazores.pt\/product\/geheime-lagunen-lavahoehle-jeep-tour\/"},"modified":"2024-02-10T10:10:04","modified_gmt":"2024-02-10T11:10:04","slug":"geheime-lagunen-lavahoehle-jeep-tour","status":"publish","type":"product","link":"https:\/\/guidetotheazores.pt\/de\/produkt\/geheime-lagunen-lavahoehle-jeep-tour\/","title":{"rendered":"Geheime Lagunen &amp; Lavah\u00f6hle Jeep Tour"},"content":{"rendered":"<p>Du hast die M\u00f6glichkeit, die Insel Pico in ihrer ganzen nat\u00fcrlichen und unber\u00fchrten Pracht in einem Gel\u00e4ndewagen zu entdecken. Tauche ein in die Krater der Vulkane und die Lagunen der Achada-Hochebene und erkunde die gr\u00f6\u00dfte Lavar\u00f6hre Portugals und andere vulkanische Hohlr\u00e4ume. Komm und entdecke die Wunder der Insel, lass dich von ihrer Natur verzaubern und nutze die Gelegenheit, in die authentische K\u00fcche Picarotas einzutauchen.  <\/p>\n","protected":false},"excerpt":{"rendered":"<p>Du hast die M\u00f6glichkeit, die Insel Pico in ihrer ganzen nat\u00fcrlichen und unber\u00fchrten Pracht in einem Gel\u00e4ndewagen zu entdecken. Tauche ein in die Krater der Vulkane und die Lagunen der Achada-Hochebene und erkunde die gr\u00f6\u00dfte Lavar\u00f6hre Portugals und andere vulkanische Hohlr\u00e4ume. Komm und entdecke die Wunder der Insel, lass dich von ihrer Natur verzaubern und nutze die Gelegenheit, in die authentische K\u00fcche Picarotas einzutauchen.  <\/p>\n","protected":false},"featured_media":22925,"comment_status":"open","ping_status":"closed","template":"","meta":{"_acf_changed":false},"product_brand":[],"product_cat":[19483,19490,19526,19517],"product_tag":[19518],"class_list":{"0":"post-22906","1":"product","2":"type-product","3":"status-publish","4":"has-post-thumbnail","6":"product_cat-aktivitaten","7":"product_cat-alle-inseln","8":"product_cat-geotourismus","9":"product_cat-pico","10":"product_tag-picoisland","12":"first","13":"instock","14":"virtual","15":"sold-individually","16":"taxable","17":"purchasable","18":"product-type-phive_booking"},"acf":[],"_links":{"self":[{"href":"https:\/\/guidetotheazores.pt\/de\/wp-json\/wp\/v2\/product\/22906","targetHints":{"allow":["GET"]}}],"collection":[{"href":"https:\/\/guidetotheazores.pt\/de\/wp-json\/wp\/v2\/product"}],"about":[{"href":"https:\/\/guidetotheazores.pt\/de\/wp-json\/wp\/v2\/types\/product"}],"replies":[{"embeddable":true,"href":"https:\/\/guidetotheazores.pt\/de\/wp-json\/wp\/v2\/comments?post=22906"}],"wp:featuredmedia":[{"embeddable":true,"href":"https:\/\/guidetotheazores.pt\/de\/wp-json\/wp\/v2\/media\/22925"}],"wp:attachment":[{"href":"https:\/\/guidetotheazores.pt\/de\/wp-json\/wp\/v2\/media?parent=22906"}],"wp:term":[{"taxonomy":"product_brand","embeddable":true,"href":"https:\/\/guidetotheazores.pt\/de\/wp-json\/wp\/v2\/product_brand?post=22906"},{"taxonomy":"product_cat","embeddable":true,"href":"https:\/\/guidetotheazores.pt\/de\/wp-json\/wp\/v2\/product_cat?post=22906"},{"taxonomy":"product_tag","embeddable":true,"href":"https:\/\/guidetotheazores.pt\/de\/wp-json\/wp\/v2\/product_tag?post=22906"}],"curies":[{"name":"wp","href":"https:\/\/api.w.org\/{rel}","templated":true}]}}