{"id":23001,"date":"2024-02-06T16:06:16","date_gmt":"2024-02-06T17:06:16","guid":{"rendered":"https:\/\/guidetotheazores.pt\/product\/segway-tour-in-praia-da-vitoria-insel-terceira\/"},"modified":"2024-02-06T16:06:16","modified_gmt":"2024-02-06T17:06:16","slug":"segway-tour-in-praia-da-vitoria-insel-terceira","status":"publish","type":"product","link":"https:\/\/guidetotheazores.pt\/de\/produkt\/segway-tour-in-praia-da-vitoria-insel-terceira\/","title":{"rendered":"SEGWAY TOUR in Praia da Vit\u00f3ria &#8211; Insel Terceira"},"content":{"rendered":"<h1 style=\"border: 0px; margin: 0px 0px 0.55em; padding: 0px; font-size: 1.6em; line-height: 1.2; color: #1f2428; font-family: Roboto, -apple-system, BlinkMacSystemFont, 'Segoe UI', Oxygen, Ubuntu, Cantarell, 'Fira Sans', 'Droid Sans', 'Helvetica Neue', sans-serif;\">Wunderbarer Vulkansandstrand, sch\u00f6ne Landschaften, Gr\u00fcnfl\u00e4chen und historische Denkm\u00e4ler!<\/h1>\n<h2 style=\"border: 0px; margin: 1.3em 0px 0.55em; padding: 0px; font-size: 1.4em; line-height: 1.2; color: #1f2428; font-family: Roboto, -apple-system, BlinkMacSystemFont, 'Segoe UI', Oxygen, Ubuntu, Cantarell, 'Fira Sans', 'Droid Sans', 'Helvetica Neue', sans-serif;\">Dauer<\/h2>\n<p style=\"border: 0px; margin: 0px 0px 1.1em; padding: 0px; color: #1f2428; font-family: Roboto, -apple-system, BlinkMacSystemFont, 'Segoe UI', Oxygen, Ubuntu, Cantarell, 'Fira Sans', 'Droid Sans', 'Helvetica Neue', sans-serif; font-size: 15px; letter-spacing: 0.13px;\">1H30 &#8211; 2H<\/p>\n<h2 style=\"border: 0px; margin: 1.3em 0px 0.55em; padding: 0px; font-size: 1.4em; line-height: 1.2; color: #1f2428; font-family: Roboto, -apple-system, BlinkMacSystemFont, 'Segoe UI', Oxygen, Ubuntu, Cantarell, 'Fira Sans', 'Droid Sans', 'Helvetica Neue', sans-serif;\">Leichtes Niveau<\/h2>\n<h2 style=\"border: 0px; margin: 1.3em 0px 0.55em; padding: 0px; font-size: 1.4em; line-height: 1.2; color: #1f2428; font-family: Roboto, -apple-system, BlinkMacSystemFont, 'Segoe UI', Oxygen, Ubuntu, Cantarell, 'Fira Sans', 'Droid Sans', 'Helvetica Neue', sans-serif;\">\u00dcber<\/h2>\n<p style=\"border: 0px; margin: 0px 0px 1.1em; padding: 0px; color: #1f2428; font-family: Roboto, -apple-system, BlinkMacSystemFont, 'Segoe UI', Oxygen, Ubuntu, Cantarell, 'Fira Sans', 'Droid Sans', 'Helvetica Neue', sans-serif; font-size: 15px; letter-spacing: 0.13px;\">Auf dieser Tour fahren wir durch den geschichtstr\u00e4chtigsten Teil der Insel, die Ostk\u00fcste von Terceira, die auch mit einem wundersch\u00f6nen vulkanischen Sandstrand, sch\u00f6nen Landschaften, Gr\u00fcnfl\u00e4chen und historischen Denkm\u00e4lern wie dem Aussichtspunkt von Facho aufwartet.<\/p>\n<h2 style=\"border: 0px; margin: 1.3em 0px 0.55em; padding: 0px; font-size: 1.4em; line-height: 1.2; color: #1f2428; font-family: Roboto, -apple-system, BlinkMacSystemFont, 'Segoe UI', Oxygen, Ubuntu, Cantarell, 'Fira Sans', 'Droid Sans', 'Helvetica Neue', sans-serif;\">Highlights<\/h2>\n<ul style=\"border: 0px; margin: 0px 0px 1.1em; padding: 0px; color: #1f2428; font-family: Roboto, -apple-system, BlinkMacSystemFont, 'Segoe UI', Oxygen, Ubuntu, Cantarell, 'Fira Sans', 'Droid Sans', 'Helvetica Neue', sans-serif; font-size: 15px; letter-spacing: 0.13px;\">\n<li style=\"border: 0px; margin: 0px 0px 0px 1.6em; padding: 0px;\">Vulkanischer Sandstrand<\/li>\n<li style=\"border: 0px; margin: 0.275em 0px 0px 1.6em; padding: 0px;\">Historischer Bereich der Stadt<\/li>\n<li style=\"border: 0px; margin: 0.275em 0px 0px 1.6em; padding: 0px;\">Sichtweise von Facho<\/li>\n<li style=\"border: 0px; margin: 0.275em 0px 0px 1.6em; padding: 0px;\">Off-Road-Pfade<\/li>\n<\/ul>\n<h2 style=\"border: 0px; margin: 1.3em 0px 0.55em; padding: 0px; font-size: 1.4em; line-height: 1.2; color: #1f2428; font-family: Roboto, -apple-system, BlinkMacSystemFont, 'Segoe UI', Oxygen, Ubuntu, Cantarell, 'Fira Sans', 'Droid Sans', 'Helvetica Neue', sans-serif;\">Enth\u00e4lt:<\/h2>\n<ul style=\"border: 0px; margin: 0px 0px 1.1em; padding: 0px; color: #1f2428; font-family: Roboto, -apple-system, BlinkMacSystemFont, 'Segoe UI', Oxygen, Ubuntu, Cantarell, 'Fira Sans', 'Droid Sans', 'Helvetica Neue', sans-serif; font-size: 15px; letter-spacing: 0.13px;\">\n<li style=\"border: 0px; margin: 0px 0px 0px 1.6em; padding: 0px;\">Reiseleiter<\/li>\n<li style=\"border: 0px; margin: 0.275em 0px 0px 1.6em; padding: 0px;\">Segway<\/li>\n<li style=\"border: 0px; margin: 0.275em 0px 0px 1.6em; padding: 0px;\">Helm<\/li>\n<li style=\"border: 0px; margin: 0.275em 0px 0px 1.6em; padding: 0px;\">Pers\u00f6nliche Unfallversicherung<\/li>\n<li style=\"border: 0px; margin: 0.275em 0px 0px 1.6em; padding: 0px;\">Abholung und R\u00fcckgabe in Angra do Hero\u00edsmo oder Praia da Vit\u00f3ria<\/li>\n<\/ul>\n<h2 style=\"border: 0px; margin: 1.3em 0px 0.55em; padding: 0px; font-size: 1.4em; line-height: 1.2; color: #1f2428; font-family: Roboto, -apple-system, BlinkMacSystemFont, 'Segoe UI', Oxygen, Ubuntu, Cantarell, 'Fira Sans', 'Droid Sans', 'Helvetica Neue', sans-serif;\">Treffpunkt:<\/h2>\n<ul style=\"border: 0px; margin: 0px 0px 1.1em; padding: 0px; color: #1f2428; font-family: Roboto, -apple-system, BlinkMacSystemFont, 'Segoe UI', Oxygen, Ubuntu, Cantarell, 'Fira Sans', 'Droid Sans', 'Helvetica Neue', sans-serif; font-size: 15px; letter-spacing: 0.13px;\">\n<li style=\"border: 0px; margin: 0px 0px 0px 1.6em; padding: 0px;\">Praia da Vitoria Marina Parken<\/li>\n<\/ul>\n<p style=\"border: 0px; margin: 0px; padding: 0px; color: #1f2428; font-family: Roboto, -apple-system, BlinkMacSystemFont, 'Segoe UI', Oxygen, Ubuntu, Cantarell, 'Fira Sans', 'Droid Sans', 'Helvetica Neue', sans-serif; font-size: 15px; letter-spacing: 0.13px;\"><span style=\"font-weight: 900;\">Diese Aktivit\u00e4t wird nicht f\u00fcr Kinder unter 12 Jahren empfohlen.<\/span><\/p>\n","protected":false},"excerpt":{"rendered":"<p>Gef\u00fchrte Segway-Tour zum Strand von Praia da Vit\u00f3ria, zu historischen St\u00e4tten und Aussichtspunkten<\/p>\n","protected":false},"featured_media":23002,"comment_status":"open","ping_status":"closed","template":"","meta":{"_acf_changed":false},"product_brand":[],"product_cat":[19483,19490,19503,19494],"product_tag":[19495],"class_list":{"0":"post-23001","1":"product","2":"type-product","3":"status-publish","4":"has-post-thumbnail","6":"product_cat-aktivitaten","7":"product_cat-alle-inseln","8":"product_cat-gefuehrte-touren","9":"product_cat-terceira","10":"product_tag-terceiraisland","12":"first","13":"instock","14":"sold-individually","15":"taxable","16":"shipping-taxable","17":"purchasable","18":"product-type-phive_booking"},"acf":[],"_links":{"self":[{"href":"https:\/\/guidetotheazores.pt\/de\/wp-json\/wp\/v2\/product\/23001","targetHints":{"allow":["GET"]}}],"collection":[{"href":"https:\/\/guidetotheazores.pt\/de\/wp-json\/wp\/v2\/product"}],"about":[{"href":"https:\/\/guidetotheazores.pt\/de\/wp-json\/wp\/v2\/types\/product"}],"replies":[{"embeddable":true,"href":"https:\/\/guidetotheazores.pt\/de\/wp-json\/wp\/v2\/comments?post=23001"}],"wp:featuredmedia":[{"embeddable":true,"href":"https:\/\/guidetotheazores.pt\/de\/wp-json\/wp\/v2\/media\/23002"}],"wp:attachment":[{"href":"https:\/\/guidetotheazores.pt\/de\/wp-json\/wp\/v2\/media?parent=23001"}],"wp:term":[{"taxonomy":"product_brand","embeddable":true,"href":"https:\/\/guidetotheazores.pt\/de\/wp-json\/wp\/v2\/product_brand?post=23001"},{"taxonomy":"product_cat","embeddable":true,"href":"https:\/\/guidetotheazores.pt\/de\/wp-json\/wp\/v2\/product_cat?post=23001"},{"taxonomy":"product_tag","embeddable":true,"href":"https:\/\/guidetotheazores.pt\/de\/wp-json\/wp\/v2\/product_tag?post=23001"}],"curies":[{"name":"wp","href":"https:\/\/api.w.org\/{rel}","templated":true}]}}