{"id":23025,"date":"2024-02-06T15:17:47","date_gmt":"2024-02-06T16:17:47","guid":{"rendered":"https:\/\/guidetotheazores.pt\/product\/mount-pico-uebernachtungsbesteigung\/"},"modified":"2024-02-06T15:17:47","modified_gmt":"2024-02-06T16:17:47","slug":"mount-pico-uebernachtungsbesteigung","status":"publish","type":"product","link":"https:\/\/guidetotheazores.pt\/de\/produkt\/mount-pico-uebernachtungsbesteigung\/","title":{"rendered":"Mount Pico \u00dcbernachtungsbesteigung"},"content":{"rendered":"<p><span style=\"color: #000000;font-family: Helvetica Neue, Helvetica, Roboto, Arial, sans-serif;font-size: medium\">Der Vorschlag ist verlockend, erfordert aber die beste k\u00f6rperliche Vorbereitung.<\/span><\/p>\n<p><span style=\"color: #000000;font-family: Helvetica Neue, Helvetica, Roboto, Arial, sans-serif;font-size: medium\">Den anspruchsvollsten Aufstieg zu bew\u00e4ltigen, umgeben von der wilden Sch\u00f6nheit des Vulkankraters und der Stille des Nachthimmels, vermittelt ein Gef\u00fchl der Erf\u00fcllung und eine tiefe Verbundenheit mit der Natur, die unbeschreiblich ist.<\/span><\/p>\n<p><span style=\"color: #000000;font-family: Helvetica Neue, Helvetica, Roboto, Arial, sans-serif;font-size: medium\">Dies ist nicht nur ein Abenteuer, sondern die Reise deines Lebens.<\/span><\/p>\n<p><strong>Wichtiger Hinweis! Bevor du buchst, gehe bitte zum Abschnitt &#8222;Anh\u00e4nge&#8220; oben, lade das Formular herunter und f\u00fclle es f\u00fcr jeden Teilnehmer aus. <\/strong><\/p>\n<p>&nbsp;<\/p>\n","protected":false},"excerpt":{"rendered":"<p>Der anspruchsvolle Aufstieg, umgeben von der wilden Sch\u00f6nheit des Vulkankraters und der Stille des Nachthimmels, vermittelt ein Gef\u00fchl der Erf\u00fcllung und eine tiefe Verbundenheit mit der Natur, die unbeschreiblich ist.<br \/>\nDies ist nicht nur ein Abenteuer, sondern die Reise deines Lebens.<br \/>\nWichtiger Hinweis! Bevor du buchst, gehe bitte zum Abschnitt &#8222;Anh\u00e4nge&#8220; unten, lade das Formular herunter und f\u00fclle es f\u00fcr jeden Teilnehmer aus <\/p>\n","protected":false},"featured_media":23036,"comment_status":"open","ping_status":"closed","template":"","meta":{"_acf_changed":false},"product_brand":[],"product_cat":[19483,19490,19532,19517],"product_tag":[19518],"class_list":{"0":"post-23025","1":"product","2":"type-product","3":"status-publish","4":"has-post-thumbnail","6":"product_cat-aktivitaten","7":"product_cat-alle-inseln","8":"product_cat-hiking","9":"product_cat-pico","10":"product_tag-picoisland","12":"first","13":"instock","14":"virtual","15":"sold-individually","16":"taxable","17":"purchasable","18":"product-type-phive_booking"},"acf":[],"_links":{"self":[{"href":"https:\/\/guidetotheazores.pt\/de\/wp-json\/wp\/v2\/product\/23025","targetHints":{"allow":["GET"]}}],"collection":[{"href":"https:\/\/guidetotheazores.pt\/de\/wp-json\/wp\/v2\/product"}],"about":[{"href":"https:\/\/guidetotheazores.pt\/de\/wp-json\/wp\/v2\/types\/product"}],"replies":[{"embeddable":true,"href":"https:\/\/guidetotheazores.pt\/de\/wp-json\/wp\/v2\/comments?post=23025"}],"wp:featuredmedia":[{"embeddable":true,"href":"https:\/\/guidetotheazores.pt\/de\/wp-json\/wp\/v2\/media\/23036"}],"wp:attachment":[{"href":"https:\/\/guidetotheazores.pt\/de\/wp-json\/wp\/v2\/media?parent=23025"}],"wp:term":[{"taxonomy":"product_brand","embeddable":true,"href":"https:\/\/guidetotheazores.pt\/de\/wp-json\/wp\/v2\/product_brand?post=23025"},{"taxonomy":"product_cat","embeddable":true,"href":"https:\/\/guidetotheazores.pt\/de\/wp-json\/wp\/v2\/product_cat?post=23025"},{"taxonomy":"product_tag","embeddable":true,"href":"https:\/\/guidetotheazores.pt\/de\/wp-json\/wp\/v2\/product_tag?post=23025"}],"curies":[{"name":"wp","href":"https:\/\/api.w.org\/{rel}","templated":true}]}}