{"id":23051,"date":"2024-02-06T14:42:59","date_gmt":"2024-02-06T15:42:59","guid":{"rendered":"https:\/\/guidetotheazores.pt\/product\/mount-pico-day-climb\/"},"modified":"2024-02-06T14:42:59","modified_gmt":"2024-02-06T15:42:59","slug":"mount-pico-day-climb","status":"publish","type":"product","link":"https:\/\/guidetotheazores.pt\/de\/produkt\/mount-pico-day-climb\/","title":{"rendered":"Mount Pico Day Climb"},"content":{"rendered":"<p><strong>Erlebe die Majest\u00e4t des h\u00f6chsten Gipfels Portugals<\/strong> Begib dich auf ein unvergessliches Abenteuer mit dem Mount Pico Tagesaufstieg auf den Gipfel des h\u00f6chsten Gipfels Portugals, w\u00e4hrend die Sonne \u00fcber dem Atlantik untergeht. Steige durch eine in goldenes Licht getauchte Vulkanlandschaft und erreiche den Gipfel gerade noch rechtzeitig, um einen atemberaubenden Panoramablick bei Sonnenuntergang zu erleben. Bei Einbruch der Dunkelheit steigst du unter dem Sternenhimmel ab &#8211; ein magisches Erlebnis, das die Herausforderung, die Sch\u00f6nheit und den Nervenkitzel der Erkundung des Pico vom Tag zur Nacht vereint.  <\/p>\n<p><b>Teilnehmer<\/b><br \/>\n&#8211; Maximal 12 Personen pro Gruppe\/F\u00fchrer<br \/>\n&#8211; Preis: 65 \u20ac pro Person<br \/>\n&#8211; Gruppenrabatt m\u00f6glich<br \/>\n&#8211; Gute k\u00f6rperliche Fitness und Erfahrung auf steilen Pfaden erforderlich<br \/>\n&#8211; Kinder erst ab 5 Jahren (auf Anfrage)<br \/>\n&#8211; F\u00fcr Klettertouren mit Kindern empfehlen wir eine private Klettertour<br \/>\n&#8211; Private Klettertouren sind auf Anfrage und je nach Verf\u00fcgbarkeit m\u00f6glich<br \/>\n&#8211; Wenn keine Gruppe verf\u00fcgbar ist, wird f\u00fcr die Einzelteilnahme eine zus\u00e4tzliche Geb\u00fchr erhoben.<\/p>\n<p><b>Zeitplan &amp; Dauer<\/b><br \/>\n&#8211; Sommersaison: ~6 AM bis 3 PM<br \/>\n&#8211; Wintersaison: ~8 AM bis 5 PM<br \/>\n&#8211; Durchschnittliche Dauer: 7 bis 9 Stunden<\/p>\n<p><b>Highlights<\/b><br \/>\n&#8211; Bergsteigen<br \/>\n&#8211; Mittlerer bis hoher Schwierigkeitsgrad<br \/>\n&#8211; Maximale H\u00f6he: 2.351 m \/ 7.713 ft<br \/>\n&#8211; Aktiv- und Abenteuertourismus-Erlebnis<br \/>\n&#8211; Einblicke in die Vulkanologie<\/p>\n<p><b>Was ist inbegriffen<\/b><br \/>\n\u2714 Professioneller und zertifizierter Mount Pico Guide<br \/>\n\u2714 Mount Pico Natural Reserve Zugangsgeb\u00fchr<br \/>\n\u2714 Wanderst\u00f6cke<br \/>\n\u2714 Steigeisen (Winter)<br \/>\n\u2714 Informatives Kletterhandbuch<br \/>\n\u2714 Pers\u00f6nliche Unfallversicherung<br \/>\n\u2714 Kletterurkunde<\/p>\n<p><b>Was nicht inbegriffen ist<\/b><br \/>\n\u2716 Transfer vom Tripix B\u00fcro in Madalena &#8211; Mountain House &#8211; Tripix B\u00fcro in Madalena auf Anfrage und je nach Verf\u00fcgbarkeit<br \/>\n\u2716 Diese Aktivit\u00e4t beinhaltet keine Mahlzeiten &#8211; Lunchbox auf Anfrage<\/p>\n","protected":false},"excerpt":{"rendered":"<p>Genie\u00dfe die sch\u00f6nsten Momente auf dem h\u00f6chsten Punkt Portugals. Der Aufstieg beginnt mit den ersten Sonnenstrahlen, so dass du jeden Schritt dieser herausfordernden Aktivit\u00e4t genie\u00dfen kannst.<br \/>\nInteressante Informationen \u00fcber die Entstehung der Inseln und die Artenvielfalt des Vulkans werden geteilt.<br \/>\nSicherheit und Erfahrung auf dem Berg Pico sind unsere Priorit\u00e4t <\/p>\n","protected":false},"featured_media":23053,"comment_status":"open","ping_status":"closed","template":"","meta":{"_acf_changed":false},"product_brand":[],"product_cat":[19483],"product_tag":[],"class_list":{"0":"post-23051","1":"product","2":"type-product","3":"status-publish","4":"has-post-thumbnail","6":"product_cat-aktivitaten","8":"first","9":"instock","10":"sold-individually","11":"taxable","12":"shipping-taxable","13":"purchasable","14":"product-type-phive_booking"},"acf":[],"_links":{"self":[{"href":"https:\/\/guidetotheazores.pt\/de\/wp-json\/wp\/v2\/product\/23051","targetHints":{"allow":["GET"]}}],"collection":[{"href":"https:\/\/guidetotheazores.pt\/de\/wp-json\/wp\/v2\/product"}],"about":[{"href":"https:\/\/guidetotheazores.pt\/de\/wp-json\/wp\/v2\/types\/product"}],"replies":[{"embeddable":true,"href":"https:\/\/guidetotheazores.pt\/de\/wp-json\/wp\/v2\/comments?post=23051"}],"wp:featuredmedia":[{"embeddable":true,"href":"https:\/\/guidetotheazores.pt\/de\/wp-json\/wp\/v2\/media\/23053"}],"wp:attachment":[{"href":"https:\/\/guidetotheazores.pt\/de\/wp-json\/wp\/v2\/media?parent=23051"}],"wp:term":[{"taxonomy":"product_brand","embeddable":true,"href":"https:\/\/guidetotheazores.pt\/de\/wp-json\/wp\/v2\/product_brand?post=23051"},{"taxonomy":"product_cat","embeddable":true,"href":"https:\/\/guidetotheazores.pt\/de\/wp-json\/wp\/v2\/product_cat?post=23051"},{"taxonomy":"product_tag","embeddable":true,"href":"https:\/\/guidetotheazores.pt\/de\/wp-json\/wp\/v2\/product_tag?post=23051"}],"curies":[{"name":"wp","href":"https:\/\/api.w.org\/{rel}","templated":true}]}}