{"id":23052,"date":"2024-02-06T15:03:00","date_gmt":"2024-02-06T16:03:00","guid":{"rendered":"https:\/\/guidetotheazores.pt\/product\/mount-pico-nachtklettern\/"},"modified":"2024-02-06T15:03:00","modified_gmt":"2024-02-06T16:03:00","slug":"mount-pico-nachtklettern","status":"publish","type":"product","link":"https:\/\/guidetotheazores.pt\/de\/produkt\/mount-pico-nachtklettern\/","title":{"rendered":"Mount Pico Nachtklettern"},"content":{"rendered":"<p>Unter dem Schleier der Dunkelheit und einem von unz\u00e4hligen Sternen erleuchteten Himmel steigst du mit dem Mount Pico Night Climb und der Milchstra\u00dfe als atemberaubender Kulisse auf. Je nach Mondphase variiert die Sichtbarkeit der Milchstra\u00dfe und verleiht jedem Aufstieg eine einzigartige Note. Gef\u00fchrt von einem zertifizierten Mount Pico Guide ist der n\u00e4chtliche Aufstieg eine besondere Herausforderung, die jeden Schritt zu einem unvergesslichen Erlebnis macht. Die Belohnung? Wenn du den Gipfel erreichst, w\u00e4hrend die ersten Sonnenstrahlen den Horizont in leuchtende Farben tauchen und den majest\u00e4tischen Schatten des Berges auf den Ozean werfen. Begleite uns auf dieser au\u00dfergew\u00f6hnlichen Reise und staune \u00fcber die Wunder des Universums.     <\/p>\n<p><b>Teilnehmer<\/b><br \/>\n&#8211; Maximal 12 Personen pro Gruppe\/F\u00fchrer<br \/>\n&#8211; Preis: 85 \u20ac pro Person<br \/>\n&#8211; Gruppenrabatt m\u00f6glich<br \/>\n&#8211; Gute k\u00f6rperliche Fitness und Erfahrung auf steilen Pfaden erforderlich<br \/>\n&#8211; Kinder erst ab 5 Jahren (auf Anfrage)<br \/>\n&#8211; F\u00fcr Klettertouren mit Kindern empfehlen wir eine private Klettertour<br \/>\n&#8211; Private Klettertouren sind auf Anfrage und je nach Verf\u00fcgbarkeit m\u00f6glich<br \/>\n&#8211; Wenn keine Gruppe verf\u00fcgbar ist, wird f\u00fcr die Einzelteilnahme eine zus\u00e4tzliche Geb\u00fchr erhoben.<\/p>\n<p><b>Zeitplan &amp; Dauer<\/b><br \/>\n&#8211; Sommersaison: ~1 AM bis 11 AM<br \/>\n&#8211; Wintersaison: ~2 AM bis 12 PM<br \/>\n&#8211; Durchschnittliche Dauer: 10 bis 12 Stunden<\/p>\n<p><b>Highlights<\/b><br \/>\n&#8211; Bergsteigerische Aktivit\u00e4t<br \/>\n&#8211; Hoher Schwierigkeitsgrad<br \/>\n&#8211; Maximale H\u00f6he: 2.351 m \/ 7.713 ft<br \/>\n&#8211; Sonnenaufgang am Gipfel<br \/>\n&#8211; Aktiv- und Abenteuertourismus-Erlebnis<br \/>\n&#8211; Einblicke in die Vulkanologie<\/p>\n<p><b>Was ist inbegriffen<\/b><br \/>\n\u2714 Zertifizierter Mount Pico Guide<br \/>\n\u2714 Mount Pico Natural Reserve Zugangsgeb\u00fchr<br \/>\n\u2714 Wanderst\u00f6cke<br \/>\n\u2714 Stirnlampe<br \/>\n\u2714 Steigeisen (Winter)<br \/>\n\u2714 Informatives Kletterhandbuch<br \/>\n\u2714 Pers\u00f6nliche Unfallversicherung<br \/>\n\u2714 Kletterurkunde<\/p>\n<p><b>Was nicht inbegriffen ist<\/b><br \/>\n\u2716 Transfer vom Tripix B\u00fcro in Madalena &#8211; Mountain House &#8211; Tripix B\u00fcro in Madalena auf Anfrage und je nach Verf\u00fcgbarkeit<br \/>\n\u2716 Diese Aktivit\u00e4t beinhaltet keine Mahlzeiten &#8211; Lunchbox auf Anfrage<\/p>\n","protected":false},"excerpt":{"rendered":"<p>Eingeh\u00fcllt in die Dunkelheit der Nacht und den Sternenhimmel machen wir uns auf den Weg, um den Berg Pico zu erobern, mit der Milchstra\u00dfe als Kulisse.<br \/>\nDas Abenteuer gipfelt in den ersten Sonnenstrahlen, die den Horizont \u00fcber dem Meer in schillernde Farben tauchen. Begleite uns auf dieser kosmischen Reise und staune \u00fcber die Gro\u00dfartigkeit des Universums. <\/p>\n<p><script src=\"https:\/\/fareharbor.com\/embeds\/script\/calendar\/tripixazores\/items\/614376\/?asn=fhdn-eur&amp;asn-ref=guidetotheazores&amp;ref=guidetotheazores&amp;bookable-only=yes&amp;full-items=yes&amp;marketplace=yes&amp;flow=no&amp;branding=no\"><\/script><\/p>\n<p>Dauer &#8211; 10 bis 12 Stunden<br \/>\nTreffpunkt &#8211; Mountain House<br \/>\nAlter &#8211; 12+<\/p>\n","protected":false},"featured_media":23057,"comment_status":"closed","ping_status":"closed","template":"","meta":{"_acf_changed":false},"product_brand":[],"product_cat":[19483,19490,19532,19517],"product_tag":[19518],"class_list":{"0":"post-23052","1":"product","2":"type-product","3":"status-publish","4":"has-post-thumbnail","6":"product_cat-aktivitaten","7":"product_cat-alle-inseln","8":"product_cat-hiking","9":"product_cat-pico","10":"product_tag-picoisland","12":"first","13":"instock","14":"taxable","15":"shipping-taxable","16":"product-type-external"},"acf":[],"_links":{"self":[{"href":"https:\/\/guidetotheazores.pt\/de\/wp-json\/wp\/v2\/product\/23052","targetHints":{"allow":["GET"]}}],"collection":[{"href":"https:\/\/guidetotheazores.pt\/de\/wp-json\/wp\/v2\/product"}],"about":[{"href":"https:\/\/guidetotheazores.pt\/de\/wp-json\/wp\/v2\/types\/product"}],"replies":[{"embeddable":true,"href":"https:\/\/guidetotheazores.pt\/de\/wp-json\/wp\/v2\/comments?post=23052"}],"wp:featuredmedia":[{"embeddable":true,"href":"https:\/\/guidetotheazores.pt\/de\/wp-json\/wp\/v2\/media\/23057"}],"wp:attachment":[{"href":"https:\/\/guidetotheazores.pt\/de\/wp-json\/wp\/v2\/media?parent=23052"}],"wp:term":[{"taxonomy":"product_brand","embeddable":true,"href":"https:\/\/guidetotheazores.pt\/de\/wp-json\/wp\/v2\/product_brand?post=23052"},{"taxonomy":"product_cat","embeddable":true,"href":"https:\/\/guidetotheazores.pt\/de\/wp-json\/wp\/v2\/product_cat?post=23052"},{"taxonomy":"product_tag","embeddable":true,"href":"https:\/\/guidetotheazores.pt\/de\/wp-json\/wp\/v2\/product_tag?post=23052"}],"curies":[{"name":"wp","href":"https:\/\/api.w.org\/{rel}","templated":true}]}}