{"id":23069,"date":"2024-02-06T06:07:30","date_gmt":"2024-02-06T07:07:30","guid":{"rendered":"https:\/\/guidetotheazores.pt\/product\/o-refugio-patio-bbq-100-privat-geraeumig-und-ruhig-%e2%9b%b1\/"},"modified":"2024-02-06T06:07:30","modified_gmt":"2024-02-06T07:07:30","slug":"o-refugio-patio-bbq-100-privat-geraeumig-und-ruhig-%e2%9b%b1","status":"publish","type":"product","link":"https:\/\/guidetotheazores.pt\/de\/produkt\/o-refugio-patio-bbq-100-privat-geraeumig-und-ruhig-%e2%9b%b1\/","title":{"rendered":"O Ref\u00fagio &#8211; Patio &amp; BBQ | 100% privat | Ger\u00e4umig und ruhig \u26f1"},"content":{"rendered":"<p>In Ref\u00fagio wirst du dich sofort wie zu Hause f\u00fchlen. Wir lieben gem\u00fctliche, ruhige R\u00e4ume inmitten der Natur und haben das auch in unseren Unterk\u00fcnften zum Ausdruck gebracht. <\/p>\n<p>Hier sind einige der Highlights, von denen wir glauben, dass sie dir gefallen werden:<\/p>\n<p>* Zentrale, aber private Lage<\/p>\n<p>* Ruhige, gepflegte Nachbarschaft<\/p>\n<p>* Ger\u00e4umige Fl\u00e4chen<\/p>\n<p>* Grandma&#8217;s Haystack &#8211; Rustikaler Holzofen mit BBQ<\/p>\n<p>* Prime Video<\/p>\n<p>* Loft<\/p>\n<p>* Privatparkplatz<\/p>\n<p>* Besondere Bedingungen f\u00fcr touristische Aktivit\u00e4ten<\/p>\n<p>Willkommen &#8211; wir k\u00f6nnen es kaum erwarten, dich kennenzulernen!<\/p>\n","protected":false},"excerpt":{"rendered":"<p>In Ref\u00fagio wirst du dich sofort wie zu Hause f\u00fchlen. Wir lieben gem\u00fctliche, ruhige R\u00e4ume inmitten der Natur und haben das auch in unseren Unterk\u00fcnften zum Ausdruck gebracht. <\/p>\n<p>Maximal 3 Personen<\/p>\n","protected":false},"featured_media":23070,"comment_status":"open","ping_status":"closed","template":"","meta":{"_acf_changed":false},"product_brand":[],"product_cat":[19490,19514,19494,19511],"product_tag":[19495],"class_list":{"0":"post-23069","1":"product","2":"type-product","3":"status-publish","4":"has-post-thumbnail","6":"product_cat-alle-inseln","7":"product_cat-alojamento-lokal","8":"product_cat-terceira","9":"product_cat-unterkunft","10":"product_tag-terceiraisland","12":"first","13":"instock","14":"virtual","15":"sold-individually","16":"taxable","17":"purchasable","18":"product-type-phive_booking"},"acf":[],"_links":{"self":[{"href":"https:\/\/guidetotheazores.pt\/de\/wp-json\/wp\/v2\/product\/23069","targetHints":{"allow":["GET"]}}],"collection":[{"href":"https:\/\/guidetotheazores.pt\/de\/wp-json\/wp\/v2\/product"}],"about":[{"href":"https:\/\/guidetotheazores.pt\/de\/wp-json\/wp\/v2\/types\/product"}],"replies":[{"embeddable":true,"href":"https:\/\/guidetotheazores.pt\/de\/wp-json\/wp\/v2\/comments?post=23069"}],"wp:featuredmedia":[{"embeddable":true,"href":"https:\/\/guidetotheazores.pt\/de\/wp-json\/wp\/v2\/media\/23070"}],"wp:attachment":[{"href":"https:\/\/guidetotheazores.pt\/de\/wp-json\/wp\/v2\/media?parent=23069"}],"wp:term":[{"taxonomy":"product_brand","embeddable":true,"href":"https:\/\/guidetotheazores.pt\/de\/wp-json\/wp\/v2\/product_brand?post=23069"},{"taxonomy":"product_cat","embeddable":true,"href":"https:\/\/guidetotheazores.pt\/de\/wp-json\/wp\/v2\/product_cat?post=23069"},{"taxonomy":"product_tag","embeddable":true,"href":"https:\/\/guidetotheazores.pt\/de\/wp-json\/wp\/v2\/product_tag?post=23069"}],"curies":[{"name":"wp","href":"https:\/\/api.w.org\/{rel}","templated":true}]}}