{"id":23112,"date":"2024-02-01T20:44:52","date_gmt":"2024-02-01T21:44:52","guid":{"rendered":"https:\/\/guidetotheazores.pt\/product\/van-tour-ganztaegig-insel-terceira\/"},"modified":"2024-02-01T20:44:52","modified_gmt":"2024-02-01T21:44:52","slug":"van-tour-ganztaegig-insel-terceira","status":"publish","type":"product","link":"https:\/\/guidetotheazores.pt\/de\/produkt\/van-tour-ganztaegig-insel-terceira\/","title":{"rendered":"Van Tour (ganzt\u00e4gig) &#8211; Insel Terceira"},"content":{"rendered":"<p>Passiere die sch\u00f6nsten Orte, die diese Insel zu bieten hat.<\/p>\n<p>Dauer: 7 Stunden<\/p>\n<p><strong>\u00dcber:<\/strong><\/p>\n<p>Die Insel Terceira ist ein wahres Paradies mitten im Atlantik mit Millionen von fantastischen Naturschaupl\u00e4tzen, die darauf warten, besucht zu werden. Diese Tour f\u00fchrt zu den sch\u00f6nsten Pl\u00e4tzen, die die Insel zu bieten hat. <\/p>\n<p><strong>Highlights:<\/strong><\/p>\n<p>Monte Brasil<\/p>\n<p>Aussichtspunkt \u00fcber die Inselchen<\/p>\n<p>Vit\u00f3ria Strand<\/p>\n<p>Serra do Cume<\/p>\n<p>Nat\u00fcrliche Pools von Biscoitos<\/p>\n<p>Serreta Wald<\/p>\n<p>S\u00e3o Mateus<\/p>\n<p><strong>Enth\u00e4lt:<\/strong><\/p>\n<p>Reiseleiter<\/p>\n<p>K\u00e4severkostung<\/p>\n<p>Pers\u00f6nliche Unfallversicherung<\/p>\n<p>Abholung und R\u00fcckgabe in Angra do Hero\u00edsmo<\/p>\n<p><strong>Nicht enthalten<\/strong><\/p>\n<p>Mittagessen<\/p>\n<p><strong>Treffpunkt:<\/strong><\/p>\n<p>Unser B\u00fcro in Angra do Hero\u00edsmo<\/p>\n","protected":false},"excerpt":{"rendered":"<p>Passiere die sch\u00f6nsten Orte, die die Insel zu bieten hat!<\/p>\n<p>Dauer: 7 Stunden<\/p>\n<p>Die Insel Terceira ist ein wahres Paradies mitten im Atlantik mit Millionen von fantastischen Naturschaupl\u00e4tzen, die darauf warten, besucht zu werden. Diese Tour f\u00fchrt zu den sch\u00f6nsten Pl\u00e4tzen, die die Insel zu bieten hat. <\/p>\n<p>Treffpunkt: Unser B\u00fcro in Angra do Hero\u00edsmo<\/p>\n","protected":false},"featured_media":23117,"comment_status":"open","ping_status":"closed","template":"","meta":{"_acf_changed":false},"product_brand":[],"product_cat":[19483,19490,19503,19494],"product_tag":[19495],"class_list":{"0":"post-23112","1":"product","2":"type-product","3":"status-publish","4":"has-post-thumbnail","6":"product_cat-aktivitaten","7":"product_cat-alle-inseln","8":"product_cat-gefuehrte-touren","9":"product_cat-terceira","10":"product_tag-terceiraisland","12":"first","13":"instock","14":"virtual","15":"sold-individually","16":"taxable","17":"purchasable","18":"product-type-phive_booking"},"acf":[],"_links":{"self":[{"href":"https:\/\/guidetotheazores.pt\/de\/wp-json\/wp\/v2\/product\/23112","targetHints":{"allow":["GET"]}}],"collection":[{"href":"https:\/\/guidetotheazores.pt\/de\/wp-json\/wp\/v2\/product"}],"about":[{"href":"https:\/\/guidetotheazores.pt\/de\/wp-json\/wp\/v2\/types\/product"}],"replies":[{"embeddable":true,"href":"https:\/\/guidetotheazores.pt\/de\/wp-json\/wp\/v2\/comments?post=23112"}],"wp:featuredmedia":[{"embeddable":true,"href":"https:\/\/guidetotheazores.pt\/de\/wp-json\/wp\/v2\/media\/23117"}],"wp:attachment":[{"href":"https:\/\/guidetotheazores.pt\/de\/wp-json\/wp\/v2\/media?parent=23112"}],"wp:term":[{"taxonomy":"product_brand","embeddable":true,"href":"https:\/\/guidetotheazores.pt\/de\/wp-json\/wp\/v2\/product_brand?post=23112"},{"taxonomy":"product_cat","embeddable":true,"href":"https:\/\/guidetotheazores.pt\/de\/wp-json\/wp\/v2\/product_cat?post=23112"},{"taxonomy":"product_tag","embeddable":true,"href":"https:\/\/guidetotheazores.pt\/de\/wp-json\/wp\/v2\/product_tag?post=23112"}],"curies":[{"name":"wp","href":"https:\/\/api.w.org\/{rel}","templated":true}]}}