{"id":23178,"date":"2023-06-02T14:58:01","date_gmt":"2023-06-02T15:58:01","guid":{"rendered":"https:\/\/guidetotheazores.pt\/product\/estudio-t-o-bela-vista-travel-pico\/"},"modified":"2023-06-02T14:58:01","modified_gmt":"2023-06-02T15:58:01","slug":"estudio-t-o-bela-vista-travel-pico","status":"publish","type":"product","link":"https:\/\/guidetotheazores.pt\/de\/produkt\/estudio-t-o-bela-vista-travel-pico\/","title":{"rendered":"Est\u00fadio T-o &#8211; Bela Vista Travel &#8211; Pico"},"content":{"rendered":"<p><span dir=\"auto\" style=\"vertical-align: inherit\"><span dir=\"auto\" style=\"vertical-align: inherit\"><span dir=\"auto\" style=\"vertical-align: inherit\"><span dir=\"auto\" style=\"vertical-align: inherit\">Die Unterkunft Bela Vista Accommodation bietet eine Unterkunft in der N\u00e4he von Lajes do Pico, auf der Ilha do Pico, A\u00e7ores. Die Unterkunft verf\u00fcgt \u00fcber eine Zitronenbank vor Ort und serviert jeden Tag ein kleines Buffet. <\/span><\/span><\/span><\/span><\/p>\n<p><span dir=\"auto\" style=\"vertical-align: inherit\"><span dir=\"auto\" style=\"vertical-align: inherit\"><span dir=\"auto\" style=\"vertical-align: inherit\"><span dir=\"auto\" style=\"vertical-align: inherit\">:<\/span><\/span><\/span><\/span><\/p>\n<div class=\"eltd-tag-item\">\n<div class=\"eltd-tag-item\">\n<ul>\n<li class=\"eltd-hr-amenity-title\"><span dir=\"auto\" style=\"vertical-align: inherit\"><span dir=\"auto\" style=\"vertical-align: inherit\"><span dir=\"auto\" style=\"vertical-align: inherit\"><span dir=\"auto\" style=\"vertical-align: inherit\">1 Casa de casa casal<\/span><\/span><\/span><\/span><\/li>\n<li class=\"eltd-hr-amenity-title\"><span dir=\"auto\" style=\"vertical-align: inherit\"><span dir=\"auto\" style=\"vertical-align: inherit\"><span dir=\"auto\" style=\"vertical-align: inherit\"><span dir=\"auto\" style=\"vertical-align: inherit\">Caf\u00e9 da manh\u00e3 inclu\u00eddo<\/span><\/span><\/span><\/span><\/li>\n<li class=\"eltd-hr-amenity-title\"><span dir=\"auto\" style=\"vertical-align: inherit\"><span dir=\"auto\" style=\"vertical-align: inherit\"><span dir=\"auto\" style=\"vertical-align: inherit\"><span dir=\"auto\" style=\"vertical-align: inherit\">Arm\u00e1rio<\/span><\/span><\/span><\/span><\/li>\n<li class=\"eltd-hr-amenity-title\"><span dir=\"auto\" style=\"vertical-align: inherit\"><span dir=\"auto\" style=\"vertical-align: inherit\"><span dir=\"auto\" style=\"vertical-align: inherit\"><span dir=\"auto\" style=\"vertical-align: inherit\">Integriertes Apartment mit 26 m\u00b2<\/span><\/span><\/span><\/span><\/li>\n<li class=\"eltd-hr-amenity-title\"><span dir=\"auto\" style=\"vertical-align: inherit\"><span dir=\"auto\" style=\"vertical-align: inherit\"><span dir=\"auto\" style=\"vertical-align: inherit\"><span dir=\"auto\" style=\"vertical-align: inherit\">Kostenloses Wi-Fi<\/span><\/span><\/span><\/span><\/li>\n<li class=\"eltd-hr-amenity-title\"><span dir=\"auto\" style=\"vertical-align: inherit\"><span dir=\"auto\" style=\"vertical-align: inherit\"><span dir=\"auto\" style=\"vertical-align: inherit\"><span dir=\"auto\" style=\"vertical-align: inherit\">Secador de banheiro<\/span><\/span><\/span><\/span><\/li>\n<li class=\"eltd-hr-amenity-title\"><span dir=\"auto\" style=\"vertical-align: inherit\"><span dir=\"auto\" style=\"vertical-align: inherit\"><span dir=\"auto\" style=\"vertical-align: inherit\"><span dir=\"auto\" style=\"vertical-align: inherit\">TV-LCD<\/span><\/span><\/span><\/span><\/li>\n<li class=\"eltd-hr-amenity-title\"><span dir=\"auto\" style=\"vertical-align: inherit\"><span dir=\"auto\" style=\"vertical-align: inherit\"><span dir=\"auto\" style=\"vertical-align: inherit\"><span dir=\"auto\" style=\"vertical-align: inherit\">Banheiro<\/span><\/span><\/span><\/span><\/li>\n<li class=\"eltd-hr-amenity-title\"><span dir=\"auto\" style=\"vertical-align: inherit\"><span dir=\"auto\" style=\"vertical-align: inherit\"><span dir=\"auto\" style=\"vertical-align: inherit\"><span dir=\"auto\" style=\"vertical-align: inherit\">Quarto de 16 m\u00b2<\/span><\/span><\/span><\/span><\/li>\n<li class=\"eltd-hr-amenity-title\"><span dir=\"auto\" style=\"vertical-align: inherit\"><span dir=\"auto\" style=\"vertical-align: inherit\"><span dir=\"auto\" style=\"vertical-align: inherit\"><span dir=\"auto\" style=\"vertical-align: inherit\">Lavar-Maschine<\/span><\/span><\/span><\/span><\/li>\n<\/ul>\n<\/div>\n<\/div>\n","protected":false},"excerpt":{"rendered":"<p><span dir=\"auto\" style=\"vertical-align: inherit\"><span dir=\"auto\" style=\"vertical-align: inherit\"><span dir=\"auto\" style=\"vertical-align: inherit\"><span dir=\"auto\" style=\"vertical-align: inherit\">A Bela Vista Accomodation oferece uma localiza\u00e7\u00e3o \u00e0 beira-mar nas Lajes do Pico, Ilha do Pico, A\u00e7ores<\/span><\/span><\/span><\/span><\/p>\n<p><span dir=\"auto\" style=\"vertical-align: inherit\"><span dir=\"auto\" style=\"vertical-align: inherit\"><span dir=\"auto\" style=\"vertical-align: inherit\"><span dir=\"auto\" style=\"vertical-align: inherit\">Apartamento familiar<\/span><\/span><\/span><\/span><\/p>\n","protected":false},"featured_media":21126,"comment_status":"open","ping_status":"closed","template":"","meta":{"_acf_changed":false},"product_brand":[],"product_cat":[19511],"product_tag":[],"class_list":{"0":"post-23178","1":"product","2":"type-product","3":"status-publish","4":"has-post-thumbnail","6":"product_cat-unterkunft","8":"first","9":"instock","10":"virtual","11":"sold-individually","12":"taxable","13":"purchasable","14":"product-type-phive_booking"},"acf":[],"_links":{"self":[{"href":"https:\/\/guidetotheazores.pt\/de\/wp-json\/wp\/v2\/product\/23178","targetHints":{"allow":["GET"]}}],"collection":[{"href":"https:\/\/guidetotheazores.pt\/de\/wp-json\/wp\/v2\/product"}],"about":[{"href":"https:\/\/guidetotheazores.pt\/de\/wp-json\/wp\/v2\/types\/product"}],"replies":[{"embeddable":true,"href":"https:\/\/guidetotheazores.pt\/de\/wp-json\/wp\/v2\/comments?post=23178"}],"wp:featuredmedia":[{"embeddable":true,"href":"https:\/\/guidetotheazores.pt\/de\/wp-json\/wp\/v2\/media\/21126"}],"wp:attachment":[{"href":"https:\/\/guidetotheazores.pt\/de\/wp-json\/wp\/v2\/media?parent=23178"}],"wp:term":[{"taxonomy":"product_brand","embeddable":true,"href":"https:\/\/guidetotheazores.pt\/de\/wp-json\/wp\/v2\/product_brand?post=23178"},{"taxonomy":"product_cat","embeddable":true,"href":"https:\/\/guidetotheazores.pt\/de\/wp-json\/wp\/v2\/product_cat?post=23178"},{"taxonomy":"product_tag","embeddable":true,"href":"https:\/\/guidetotheazores.pt\/de\/wp-json\/wp\/v2\/product_tag?post=23178"}],"curies":[{"name":"wp","href":"https:\/\/api.w.org\/{rel}","templated":true}]}}