{"id":23207,"date":"2026-01-06T08:29:44","date_gmt":"2026-01-06T09:29:44","guid":{"rendered":"https:\/\/guidetotheazores.pt\/product\/ganztaegige-4x4-safari-sete-cidades-und-lagoa-do-fogo\/"},"modified":"2026-01-06T08:29:44","modified_gmt":"2026-01-06T09:29:44","slug":"ganztaegige-4x4-safari-sete-cidades-und-lagoa-do-fogo","status":"publish","type":"product","link":"https:\/\/guidetotheazores.pt\/de\/produkt\/ganztaegige-4x4-safari-sete-cidades-und-lagoa-do-fogo\/","title":{"rendered":"Ganzt\u00e4gige 4&#215;4 Safari: Sete Cidades und Lagoa do Fogo"},"content":{"rendered":"<h2 data-start=\"273\" data-end=\"469\">Entdecke die Wunder von Sete Cidades und Lagoa Do Fogo bei einer ganzt\u00e4gigen 4\u00d74-Tour!<\/h2>\n<p class=\"\" data-start=\"273\" data-end=\"469\">Erkunde die dramatischen Vulkanlandschaften und Naturwunder von S\u00e3o Miguel auf dieser ganzt\u00e4gigen Jeeptour, die zwei der ber\u00fchmtesten Highlights der Insel verbindet: <strong data-start=\"430\" data-end=\"446\">Sete Cidades<\/strong> und <strong data-start=\"451\" data-end=\"468\">Lagoa do Fogo<\/strong>.<\/p>\n<p class=\"\" data-start=\"471\" data-end=\"840\">Wir beginnen den Tag in <strong data-start=\"491\" data-end=\"508\">Ponta Delgada<\/strong> und fahren Richtung Westen zum <strong data-start=\"532\" data-end=\"561\">Miradouro da Vista do Rei<\/strong>, wo du den ber\u00fchmten Panoramablick auf die Zwillingsseen im Vulkankrater von Sete Cidades genie\u00dfen kannst. Von dort aus geht es hinunter zum Ufer der <strong data-start=\"709\" data-end=\"735\">Lagoa das Sete Cidades<\/strong> und in das friedliche Dorf <strong data-start=\"772\" data-end=\"788\">Sete Cidades<\/strong>, in dem die malerische <strong data-start=\"814\" data-end=\"839\">Igreja de S\u00e3o Nicolau<\/strong> steht. <\/p>\n<p class=\"\" data-start=\"842\" data-end=\"1141\">Auf der Weiterfahrt kommen wir am historischen Aqu\u00e4dukt <strong data-start=\"890\" data-end=\"915\">von Muro das Nove Janelas<\/strong> vorbei und fahren in Richtung der zerkl\u00fcfteten K\u00fcste bei <strong data-start=\"967\" data-end=\"978\">Capelas<\/strong>, wo wir den Blick auf das Meer und die vulkanischen Felsformationen genie\u00dfen k\u00f6nnen. Wir halten auch bei <strong data-start=\"1050\" data-end=\"1070\">Mulher do Capote<\/strong>, einer lokalen Destillerie, in der du traditionelle azoreanische Lik\u00f6re probieren kannst. <\/p>\n<p class=\"\" data-start=\"1143\" data-end=\"1444\">Nach einer entspannten <strong data-start=\"1160\" data-end=\"1175\">Mittagspause<\/strong> machen wir uns auf den Weg nach <strong data-start=\"1196\" data-end=\"1214\">Ribeira Grande<\/strong>, der n\u00f6rdlichen Stadt der Insel, die f\u00fcr ihren historischen Charme und ihre geothermischen Aktivit\u00e4ten bekannt ist. Von dort aus besuchen wir den malerischen <strong data-start=\"1329\" data-end=\"1359\">Wasserfall Salto do Cabrito<\/strong>, der versteckt im \u00fcppigen Inselinneren liegt &#8211; ein verstecktes Juwel, das perfekt f\u00fcr Naturliebhaber ist. <\/p>\n<p>Wir beenden den Tag mit einer Fahrt zum <strong data-start=\"158\" data-end=\"190\">Lagoa do Fogo (Feuersee)<\/strong>, einem der sch\u00f6nsten und unber\u00fchrtesten Kraterseen der Insel. Umgeben von steilen H\u00e4ngen und einheimischen W\u00e4ldern ist er ein friedlicher Ort mit einem atemberaubenden Blick \u00fcber den See und die Insel. Vom <strong data-start=\"382\" data-end=\"414\">Miradouro do Pico da Barrosa<\/strong> hast du einen der besten Aussichtspunkte auf S\u00e3o Miguel, bevor wir nach <strong data-start=\"488\" data-end=\"505\">Ponta Delgada<\/strong> zur\u00fcckkehren.  <\/p>\n<p class=\"\" data-start=\"1143\" data-end=\"1444\"><strong>Das Mittagessen kannst du direkt mit dem Jeepfahrer vereinbaren.<\/strong><\/p>\n<p>Wir von Safari Azores glauben, dass du S\u00e3o Miguel am besten abseits der ausgetretenen Pfade erleben kannst. Unsere ortskundigen Reiseleiter nehmen dich mit auf 4\u00d74-Jeep-Abenteuer durch Kraterseen, Wasserf\u00e4lle, K\u00fcstenklippen und charmante D\u00f6rfer und erz\u00e4hlen dir unterwegs die Geschichten und Traditionen der Insel. <\/p>\n<p>Mit kleinen Gruppen, Abholservice vom Hotel und einer pers\u00f6nlichen Note ist jede Tour darauf ausgelegt, ein entspanntes, authentisches und unvergessliches Erlebnis zu bieten. Wir f\u00fchren dich abseits der ausgetretenen Pfade und zeigen dir die wahre Sch\u00f6nheit der Azoren. <\/p>\n<p>&nbsp;<\/p>\n","protected":false},"excerpt":{"rendered":"<h2 data-start=\"273\" data-end=\"469\">Entdecke die Wunder von Sete Cidades und Lagoa Do Fogo bei einer ganzt\u00e4gigen 4\u00d74-Tour!<\/h2>\n<p class=\"\" data-start=\"273\" data-end=\"469\">Erkunde die dramatischen Vulkanlandschaften und Naturwunder von S\u00e3o Miguel auf dieser ganzt\u00e4gigen Jeeptour, die zwei der ber\u00fchmtesten Highlights der Insel verbindet: <strong data-start=\"430\" data-end=\"446\">Sete Cidades<\/strong> und <strong data-start=\"451\" data-end=\"468\">Lagoa do Fogo<\/strong>.<\/p>\n","protected":false},"featured_media":23208,"comment_status":"open","ping_status":"closed","template":"","meta":{"_acf_changed":false},"product_brand":[],"product_cat":[19483,19490,19503,19526,19521,19544],"product_tag":[19522],"class_list":{"0":"post-23207","1":"product","2":"type-product","3":"status-publish","4":"has-post-thumbnail","6":"product_cat-aktivitaten","7":"product_cat-alle-inseln","8":"product_cat-gefuehrte-touren","9":"product_cat-geotourismus","10":"product_cat-sao-miguel","11":"product_cat-tour-pakete","12":"product_tag-saomiguelisland","14":"first","15":"instock","16":"virtual","17":"sold-individually","18":"taxable","19":"purchasable","20":"product-type-phive_booking"},"acf":[],"_links":{"self":[{"href":"https:\/\/guidetotheazores.pt\/de\/wp-json\/wp\/v2\/product\/23207","targetHints":{"allow":["GET"]}}],"collection":[{"href":"https:\/\/guidetotheazores.pt\/de\/wp-json\/wp\/v2\/product"}],"about":[{"href":"https:\/\/guidetotheazores.pt\/de\/wp-json\/wp\/v2\/types\/product"}],"replies":[{"embeddable":true,"href":"https:\/\/guidetotheazores.pt\/de\/wp-json\/wp\/v2\/comments?post=23207"}],"wp:featuredmedia":[{"embeddable":true,"href":"https:\/\/guidetotheazores.pt\/de\/wp-json\/wp\/v2\/media\/23208"}],"wp:attachment":[{"href":"https:\/\/guidetotheazores.pt\/de\/wp-json\/wp\/v2\/media?parent=23207"}],"wp:term":[{"taxonomy":"product_brand","embeddable":true,"href":"https:\/\/guidetotheazores.pt\/de\/wp-json\/wp\/v2\/product_brand?post=23207"},{"taxonomy":"product_cat","embeddable":true,"href":"https:\/\/guidetotheazores.pt\/de\/wp-json\/wp\/v2\/product_cat?post=23207"},{"taxonomy":"product_tag","embeddable":true,"href":"https:\/\/guidetotheazores.pt\/de\/wp-json\/wp\/v2\/product_tag?post=23207"}],"curies":[{"name":"wp","href":"https:\/\/api.w.org\/{rel}","templated":true}]}}