{"id":23217,"date":"2025-05-15T21:39:01","date_gmt":"2025-05-15T22:39:01","guid":{"rendered":"https:\/\/guidetotheazores.pt\/product\/stand-up-paddle-sup-fuer-anfaenger\/"},"modified":"2025-05-15T21:39:01","modified_gmt":"2025-05-15T22:39:01","slug":"stand-up-paddle-sup-fuer-anfaenger","status":"publish","type":"product","link":"https:\/\/guidetotheazores.pt\/de\/produkt\/stand-up-paddle-sup-fuer-anfaenger\/","title":{"rendered":"Stand Up Paddle (SUP) f\u00fcr Anf\u00e4nger"},"content":{"rendered":"<p>Die Anf\u00e4ngerstufe ist f\u00fcr Leute geeignet, die diese Abenteueraktivit\u00e4t zum ersten Mal kennenlernen wollen. Das Level zeichnet sich durch einen niedrigen Schwierigkeitsgrad und leicht zug\u00e4ngliche Gebiete aus, in denen du die wichtigsten Techniken und Sicherheitsregeln lernst. <\/p>\n<p>Enth\u00e4lt:<\/p>\n<ul class=\"include\">\n<li><span dir=\"auto\">Abholung und R\u00fcckgabe an der Unterkunft;<\/span><\/li>\n<li><i class=\"input-icon field-icon fa\"><\/i><span dir=\"auto\">Spezialisierte Ausr\u00fcstung;<\/span><\/li>\n<li><i class=\"input-icon field-icon fa\"><\/i><span dir=\"auto\">Guide-Begleitung;<\/span><\/li>\n<li><i class=\"input-icon field-icon fa\"><\/i><span dir=\"auto\">Snack;<\/span><\/li>\n<li><i class=\"input-icon field-icon fa\"><\/i><span dir=\"auto\">Sicher.<\/span><\/li>\n<\/ul>\n","protected":false},"excerpt":{"rendered":"<p>Die Anf\u00e4ngerstufe ist f\u00fcr Leute geeignet, die diese Abenteueraktivit\u00e4t zum ersten Mal kennenlernen wollen. Das Level zeichnet sich durch einen niedrigen Schwierigkeitsgrad und leicht zug\u00e4ngliche Gebiete aus, in denen du die wichtigsten Techniken und Sicherheitsregeln lernst. <\/p>\n","protected":false},"featured_media":23219,"comment_status":"open","ping_status":"closed","template":"","meta":{"_acf_changed":false},"product_brand":[],"product_cat":[19483,19490,19494],"product_tag":[19495],"class_list":{"0":"post-23217","1":"product","2":"type-product","3":"status-publish","4":"has-post-thumbnail","6":"product_cat-aktivitaten","7":"product_cat-alle-inseln","8":"product_cat-terceira","9":"product_tag-terceiraisland","11":"first","12":"instock","13":"virtual","14":"sold-individually","15":"taxable","16":"purchasable","17":"product-type-phive_booking"},"acf":[],"_links":{"self":[{"href":"https:\/\/guidetotheazores.pt\/de\/wp-json\/wp\/v2\/product\/23217","targetHints":{"allow":["GET"]}}],"collection":[{"href":"https:\/\/guidetotheazores.pt\/de\/wp-json\/wp\/v2\/product"}],"about":[{"href":"https:\/\/guidetotheazores.pt\/de\/wp-json\/wp\/v2\/types\/product"}],"replies":[{"embeddable":true,"href":"https:\/\/guidetotheazores.pt\/de\/wp-json\/wp\/v2\/comments?post=23217"}],"wp:featuredmedia":[{"embeddable":true,"href":"https:\/\/guidetotheazores.pt\/de\/wp-json\/wp\/v2\/media\/23219"}],"wp:attachment":[{"href":"https:\/\/guidetotheazores.pt\/de\/wp-json\/wp\/v2\/media?parent=23217"}],"wp:term":[{"taxonomy":"product_brand","embeddable":true,"href":"https:\/\/guidetotheazores.pt\/de\/wp-json\/wp\/v2\/product_brand?post=23217"},{"taxonomy":"product_cat","embeddable":true,"href":"https:\/\/guidetotheazores.pt\/de\/wp-json\/wp\/v2\/product_cat?post=23217"},{"taxonomy":"product_tag","embeddable":true,"href":"https:\/\/guidetotheazores.pt\/de\/wp-json\/wp\/v2\/product_tag?post=23217"}],"curies":[{"name":"wp","href":"https:\/\/api.w.org\/{rel}","templated":true}]}}