{"id":23231,"date":"2025-03-24T07:47:58","date_gmt":"2025-03-24T08:47:58","guid":{"rendered":"https:\/\/guidetotheazores.pt\/product\/furnas-mystic-tour-heisse-quellen-und-abendessen-inbegriffen\/"},"modified":"2025-03-24T07:47:58","modified_gmt":"2025-03-24T08:47:58","slug":"furnas-mystic-tour-heisse-quellen-und-abendessen-inbegriffen","status":"publish","type":"product","link":"https:\/\/guidetotheazores.pt\/de\/produkt\/furnas-mystic-tour-heisse-quellen-und-abendessen-inbegriffen\/","title":{"rendered":"Furnas: Mystic Tour (Hei\u00dfe Quellen und Abendessen inbegriffen)"},"content":{"rendered":"<p style=\"color: #000000;font-family: 'Helvetica Neue', Helvetica, Roboto, Arial, sans-serif;margin: 0px 0px 20px\">Besuche die lebhafte Lagoa das Furnas. Verw\u00f6hne deine Geschmacksnerven mit dem traditionellen &#8222;Cozido das Furnas&#8220;. Genie\u00dfe deinen K\u00f6rper und deine Seele in den hei\u00dfen Quellen von Furnas zur goldenen Stunde, zwischen Abendd\u00e4mmerung und Nacht. Entdecke die wahre Mystik des Dorfes Furnas bei Nacht.   <\/p>\n<p style=\"color: #000000;font-family: 'Helvetica Neue', Helvetica, Roboto, Arial, sans-serif;margin: 0px 0px 20px\">**Abholung um 17.30 Uhr, R\u00fcckgabe um 23.30 Uhr von und zu deiner Unterkunft**<\/p>\n<ol>\n<li style=\"color: #000000;font-family: 'Helvetica Neue', Helvetica, Roboto, Arial, sans-serif\">Abholung + schneller Fotostopp &#8211; Insel Vila Franca do Campo (1h00m)<\/li>\n<li style=\"color: #000000;font-family: 'Helvetica Neue', Helvetica, Roboto, Arial, sans-serif\">Zwischenstopp &#8211; Lagune von Furnas (30m)<\/li>\n<li style=\"color: #000000;font-family: 'Helvetica Neue', Helvetica, Roboto, Arial, sans-serif\">Traditionelles &#8222;Cozido das Furnas&#8220; &#8211; Abendessen in einem lokalen Restaurant (1h30m)<\/li>\n<li style=\"color: #000000;font-family: 'Helvetica Neue', Helvetica, Roboto, Arial, sans-serif\">Furnas Hot Spring Baths &#8211; &#8222;Po\u00e7a da Dona Beija&#8220; (1h30m)<\/li>\n<li style=\"color: #000000;font-family: 'Helvetica Neue', Helvetica, Roboto, Arial, sans-serif\">Neugieriger Kurzspaziergang &#8211; Garten &#8222;Alameda&#8220; (15m)<\/li>\n<li style=\"color: #000000;font-family: 'Helvetica Neue', Helvetica, Roboto, Arial, sans-serif\">Kurzer Spaziergang &amp; K\u00f6stlichkeiten &#8211; Furnas ikonische Fumarolen und &#8222;Caldeiras&#8220; (30m)<\/li>\n<li style=\"color: #000000;font-family: 'Helvetica Neue', Helvetica, Roboto, Arial, sans-serif\">Vorbeifahren + Absetzen &#8211; Gemeinde Ribeira Grande (45m)<\/li>\n<\/ol>\n<p style=\"color: #000000;font-family: 'Helvetica Neue', Helvetica, Roboto, Arial, sans-serif;margin: 0px 0px 20px\">Inklusive<br \/>\n-Abholung und R\u00fccktransport am gew\u00e4hlten Ort (unter bestimmten Bedingungen);<br \/>\n-Lokaler Reiseleiter;<br \/>\n-Van mit Klimaanlage und Panoramascheibe;<br \/>\n-Eintritt zu den Thermalquellen (EXKLUSIVES DEAL);<br \/>\nAbendessen mit Furnas-Eintopf (&#8222;Cozido das Furnas&#8220;) in einem lokalen Restaurant (auch vegetarisch);<br \/>\n-Verkostung einer lokalen s\u00fc\u00dfen Delikatesse (EXKLUSIV DEAL);<br \/>\n-Wasserflasche;<br \/>\n-Tourversicherungen.<\/p>\n","protected":false},"excerpt":{"rendered":"<p style=\"color: #000000;font-family: 'Helvetica Neue', Helvetica, Roboto, Arial, sans-serif;margin: 0px 0px 20px\">Besuche die lebhafte Lagoa das Furnas. Verw\u00f6hne deine Geschmacksnerven mit dem traditionellen &#8222;Cozido das Furnas&#8220;. Genie\u00dfe deinen K\u00f6rper und deine Seele in den hei\u00dfen Quellen von Furnas zur goldenen Stunde, zwischen Abendd\u00e4mmerung und Nacht. Entdecke die wahre Mystik des Dorfes Furnas bei Nacht.   <\/p>\n<p style=\"color: #000000;font-family: 'Helvetica Neue', Helvetica, Roboto, Arial, sans-serif;margin: 0px 0px 20px\">**Abholung um 17.30 Uhr, R\u00fcckgabe um 23.30 Uhr von und zu deiner Unterkunft**<\/p>\n<ol>\n<li style=\"color: #000000;font-family: 'Helvetica Neue', Helvetica, Roboto, Arial, sans-serif\">Abholung + schneller Fotostopp &#8211; Insel Vila Franca do Campo (1h00m)<\/li>\n<li style=\"color: #000000;font-family: 'Helvetica Neue', Helvetica, Roboto, Arial, sans-serif\">Zwischenstopp &#8211; Lagune von Furnas (30m)<\/li>\n<li style=\"color: #000000;font-family: 'Helvetica Neue', Helvetica, Roboto, Arial, sans-serif\">Traditionelles &#8222;Cozido das Furnas&#8220; &#8211; Abendessen in einem lokalen Restaurant (1h30m)<\/li>\n<li style=\"color: #000000;font-family: 'Helvetica Neue', Helvetica, Roboto, Arial, sans-serif\">Furnas Hot Spring Baths &#8211; &#8222;Po\u00e7a da Dona Beija&#8220; (1h30m)<\/li>\n<li style=\"color: #000000;font-family: 'Helvetica Neue', Helvetica, Roboto, Arial, sans-serif\">Neugieriger Kurzspaziergang &#8211; Garten &#8222;Alameda&#8220; (15m)<\/li>\n<li style=\"color: #000000;font-family: 'Helvetica Neue', Helvetica, Roboto, Arial, sans-serif\">Kurzer Spaziergang &amp; K\u00f6stlichkeiten &#8211; Furnas ikonische Fumarolen und &#8222;Caldeiras&#8220; (30m)<\/li>\n<li style=\"color: #000000;font-family: 'Helvetica Neue', Helvetica, Roboto, Arial, sans-serif\">Vorbeifahren + Absetzen &#8211; Gemeinde Ribeira Grande (45m)<\/li>\n<\/ol>\n<p style=\"color: #000000;font-family: 'Helvetica Neue', Helvetica, Roboto, Arial, sans-serif;margin: 0px 0px 20px\">Inklusive<br \/>\n-Abholung und R\u00fccktransport am gew\u00e4hlten Ort (unter bestimmten Bedingungen);<br \/>\n-Lokaler Reiseleiter;<br \/>\n-Van mit Klimaanlage und Panoramascheibe;<br \/>\n-Eintritt zu den Thermalquellen (EXKLUSIVES DEAL);<br \/>\nAbendessen mit Furnas-Eintopf (&#8222;Cozido das Furnas&#8220;) in einem lokalen Restaurant (auch vegetarisch);<br \/>\n-Verkostung einer lokalen s\u00fc\u00dfen Delikatesse (EXKLUSIV DEAL);<br \/>\n-Wasserflasche;<br \/>\n-Tourversicherungen.<\/p>\n","protected":false},"featured_media":21159,"comment_status":"closed","ping_status":"closed","template":"","meta":{"_acf_changed":false},"product_brand":[],"product_cat":[19483,19490,19503,19521],"product_tag":[19522],"class_list":{"0":"post-23231","1":"product","2":"type-product","3":"status-publish","4":"has-post-thumbnail","6":"product_cat-aktivitaten","7":"product_cat-alle-inseln","8":"product_cat-gefuehrte-touren","9":"product_cat-sao-miguel","10":"product_tag-saomiguelisland","12":"first","13":"instock","14":"taxable","15":"shipping-taxable","16":"product-type-external"},"acf":[],"_links":{"self":[{"href":"https:\/\/guidetotheazores.pt\/de\/wp-json\/wp\/v2\/product\/23231","targetHints":{"allow":["GET"]}}],"collection":[{"href":"https:\/\/guidetotheazores.pt\/de\/wp-json\/wp\/v2\/product"}],"about":[{"href":"https:\/\/guidetotheazores.pt\/de\/wp-json\/wp\/v2\/types\/product"}],"replies":[{"embeddable":true,"href":"https:\/\/guidetotheazores.pt\/de\/wp-json\/wp\/v2\/comments?post=23231"}],"wp:featuredmedia":[{"embeddable":true,"href":"https:\/\/guidetotheazores.pt\/de\/wp-json\/wp\/v2\/media\/21159"}],"wp:attachment":[{"href":"https:\/\/guidetotheazores.pt\/de\/wp-json\/wp\/v2\/media?parent=23231"}],"wp:term":[{"taxonomy":"product_brand","embeddable":true,"href":"https:\/\/guidetotheazores.pt\/de\/wp-json\/wp\/v2\/product_brand?post=23231"},{"taxonomy":"product_cat","embeddable":true,"href":"https:\/\/guidetotheazores.pt\/de\/wp-json\/wp\/v2\/product_cat?post=23231"},{"taxonomy":"product_tag","embeddable":true,"href":"https:\/\/guidetotheazores.pt\/de\/wp-json\/wp\/v2\/product_tag?post=23231"}],"curies":[{"name":"wp","href":"https:\/\/api.w.org\/{rel}","templated":true}]}}