{"id":23232,"date":"2025-05-13T05:47:34","date_gmt":"2025-05-13T06:47:34","guid":{"rendered":"https:\/\/guidetotheazores.pt\/product\/4-gipfel-4-vulkane\/"},"modified":"2025-05-13T05:47:34","modified_gmt":"2025-05-13T06:47:34","slug":"4-gipfel-4-vulkane","status":"publish","type":"product","link":"https:\/\/guidetotheazores.pt\/de\/produkt\/4-gipfel-4-vulkane\/","title":{"rendered":"4 Gipfel, 4 Vulkane"},"content":{"rendered":"<p>Bei diesem Erlebnis entdeckst du die Insel Terceira und die wichtigsten vulkanischen Ph\u00e4nomene, die sie geformt haben und die heute atemberaubende Landschaften beherbergen &#8211; wie zum Beispiel den Algar do Carv\u00e3o, den einzigen Vulkan der Welt, der zu Fu\u00df besucht werden kann.<\/p>\n<p>Wo einst uralte Eruptionen vorbeizogen, gedeiht noch immer einer der \u00e4ltesten und letzten verbliebenen Urw\u00e4lder Europas: der Laurissilva-Wald von Makaronesien &#8211; ein geheimnisvoller, feuchter Wald, der reich an endemischen Arten ist.<\/p>\n<p>Diese Reise ist eine Suche nach dem gr\u00f6\u00dften Naturschatz der Insel, w\u00e4hrend du einen der gr\u00f6\u00dften Naturparks der Azoren erkundest, der Teil des &#8222;Azoren Geoparks&#8220; ist. Die Tour findet in einem Van statt, mit kurzen Wanderungen entlang des Weges. <\/p>\n","protected":false},"excerpt":{"rendered":"<p>Bei diesem Erlebnis entdeckst du die Insel Terceira und die wichtigsten vulkanischen Ph\u00e4nomene, die sie geformt haben und die heute atemberaubende Landschaften beherbergen &#8211; wie den Algar do Carv\u00e3o, den einzigen Vulkan der Welt, der zu Fu\u00df besucht werden kann.<\/p>\n","protected":false},"featured_media":23239,"comment_status":"open","ping_status":"closed","template":"","meta":{"_acf_changed":false},"product_brand":[],"product_cat":[19483,19490,19503,19494],"product_tag":[19495],"class_list":{"0":"post-23232","1":"product","2":"type-product","3":"status-publish","4":"has-post-thumbnail","6":"product_cat-aktivitaten","7":"product_cat-alle-inseln","8":"product_cat-gefuehrte-touren","9":"product_cat-terceira","10":"product_tag-terceiraisland","12":"first","13":"instock","14":"virtual","15":"sold-individually","16":"taxable","17":"purchasable","18":"product-type-phive_booking"},"acf":[],"_links":{"self":[{"href":"https:\/\/guidetotheazores.pt\/de\/wp-json\/wp\/v2\/product\/23232","targetHints":{"allow":["GET"]}}],"collection":[{"href":"https:\/\/guidetotheazores.pt\/de\/wp-json\/wp\/v2\/product"}],"about":[{"href":"https:\/\/guidetotheazores.pt\/de\/wp-json\/wp\/v2\/types\/product"}],"replies":[{"embeddable":true,"href":"https:\/\/guidetotheazores.pt\/de\/wp-json\/wp\/v2\/comments?post=23232"}],"wp:featuredmedia":[{"embeddable":true,"href":"https:\/\/guidetotheazores.pt\/de\/wp-json\/wp\/v2\/media\/23239"}],"wp:attachment":[{"href":"https:\/\/guidetotheazores.pt\/de\/wp-json\/wp\/v2\/media?parent=23232"}],"wp:term":[{"taxonomy":"product_brand","embeddable":true,"href":"https:\/\/guidetotheazores.pt\/de\/wp-json\/wp\/v2\/product_brand?post=23232"},{"taxonomy":"product_cat","embeddable":true,"href":"https:\/\/guidetotheazores.pt\/de\/wp-json\/wp\/v2\/product_cat?post=23232"},{"taxonomy":"product_tag","embeddable":true,"href":"https:\/\/guidetotheazores.pt\/de\/wp-json\/wp\/v2\/product_tag?post=23232"}],"curies":[{"name":"wp","href":"https:\/\/api.w.org\/{rel}","templated":true}]}}