{"id":23248,"date":"2025-03-12T15:00:28","date_gmt":"2025-03-12T16:00:28","guid":{"rendered":"https:\/\/guidetotheazores.pt\/product\/kuppeln-horta-geodaetische-kuppel\/"},"modified":"2025-03-12T15:00:28","modified_gmt":"2025-03-12T16:00:28","slug":"kuppeln-horta-geodaetische-kuppel","status":"publish","type":"product","link":"https:\/\/guidetotheazores.pt\/de\/produkt\/kuppeln-horta-geodaetische-kuppel\/","title":{"rendered":"Kuppeln Horta &#8211; Geod\u00e4tische Kuppel"},"content":{"rendered":"<h3><span style=\"vertical-align: inherit\"><span style=\"vertical-align: inherit\">A experi\u00eancia de um acampamento, com o conforto e requinte de um hotel.<\/span><\/span><\/h3>\n<p><span style=\"vertical-align: inherit\"><span style=\"vertical-align: inherit\">Nach einem Tag, an dem wir das einzigartige Naturerbe der <a href=\"https:\/\/guidetotheazores.pt\/de\/die-insel-terceira-die-fliederinsel\/\">Insel Terceira<\/a> erkundet haben, haben wir eine neue geod\u00e4tische L\u00f6sung gefunden.<\/span><\/span><\/p>\n<p><span style=\"vertical-align: inherit\"><span style=\"vertical-align: inherit\">Bei der Reservierung der Unterkunft kannst du dich f\u00fcr Einzelzimmer (1 Person) oder Doppelzimmer (2 Personen) entscheiden und bis zu 3 zus\u00e4tzliche Schlafpl\u00e4tze hinzuf\u00fcgen.<\/span><\/span><\/p>\n<p><span style=\"vertical-align: inherit\"><span style=\"vertical-align: inherit\">N\u00e3o tem cozinha.<\/span><\/span><\/p>\n","protected":false},"excerpt":{"rendered":"<p>Erlebe den einzigartigen Luxus des Glamping auf der Insel Terceira &#8211; den Komfort eines Hotels mit dem Charme des Campings.<\/p>\n","protected":false},"featured_media":23256,"comment_status":"open","ping_status":"closed","template":"","meta":{"_acf_changed":false},"product_brand":[],"product_cat":[19490,19520,19494,19511],"product_tag":[19495],"class_list":{"0":"post-23248","1":"product","2":"type-product","3":"status-publish","4":"has-post-thumbnail","6":"product_cat-alle-inseln","7":"product_cat-camping-glamping","8":"product_cat-terceira","9":"product_cat-unterkunft","10":"product_tag-terceiraisland","12":"first","13":"instock","14":"sold-individually","15":"taxable","16":"shipping-taxable","17":"purchasable","18":"product-type-phive_booking"},"acf":[],"_links":{"self":[{"href":"https:\/\/guidetotheazores.pt\/de\/wp-json\/wp\/v2\/product\/23248","targetHints":{"allow":["GET"]}}],"collection":[{"href":"https:\/\/guidetotheazores.pt\/de\/wp-json\/wp\/v2\/product"}],"about":[{"href":"https:\/\/guidetotheazores.pt\/de\/wp-json\/wp\/v2\/types\/product"}],"replies":[{"embeddable":true,"href":"https:\/\/guidetotheazores.pt\/de\/wp-json\/wp\/v2\/comments?post=23248"}],"wp:featuredmedia":[{"embeddable":true,"href":"https:\/\/guidetotheazores.pt\/de\/wp-json\/wp\/v2\/media\/23256"}],"wp:attachment":[{"href":"https:\/\/guidetotheazores.pt\/de\/wp-json\/wp\/v2\/media?parent=23248"}],"wp:term":[{"taxonomy":"product_brand","embeddable":true,"href":"https:\/\/guidetotheazores.pt\/de\/wp-json\/wp\/v2\/product_brand?post=23248"},{"taxonomy":"product_cat","embeddable":true,"href":"https:\/\/guidetotheazores.pt\/de\/wp-json\/wp\/v2\/product_cat?post=23248"},{"taxonomy":"product_tag","embeddable":true,"href":"https:\/\/guidetotheazores.pt\/de\/wp-json\/wp\/v2\/product_tag?post=23248"}],"curies":[{"name":"wp","href":"https:\/\/api.w.org\/{rel}","templated":true}]}}