{"id":23443,"date":"2025-01-03T14:49:49","date_gmt":"2025-01-03T15:49:49","guid":{"rendered":"https:\/\/guidetotheazores.pt\/product\/ganztaegige-tour-durch-das-furnas-tal-mit-einem-einheimischen\/"},"modified":"2025-01-03T14:49:49","modified_gmt":"2025-01-03T15:49:49","slug":"ganztaegige-tour-durch-das-furnas-tal-mit-einem-einheimischen","status":"publish","type":"product","link":"https:\/\/guidetotheazores.pt\/de\/produkt\/ganztaegige-tour-durch-das-furnas-tal-mit-einem-einheimischen\/","title":{"rendered":"Ganzt\u00e4gige Tour durch das Furnas-Tal mit einem Einheimischen"},"content":{"rendered":"<p>Auf dieser ausschlie\u00dflich privaten Tour wirst du in Kontakt mit der Natur kommen und ein einzigartiges Erlebnis auf einem aktiven Vulkan haben.<\/p>\n<p>W\u00e4hrend dieser Tour nach Furnas werde ich eine einzigartige Kombination aus geothermischen Aktivit\u00e4ten, nat\u00fcrlicher Sch\u00f6nheit, lokaler Kultur und Entspannung anbieten, was es zu einem attraktiven Ziel f\u00fcr Besucher macht, die etwas anderes und authentisches mit einem lokalen F\u00fchrer erleben wollen.<\/p>\n<p>Wir werden auch die einzige sch\u00f6ne Teeplantage Europas, &#8222;A Planta\u00e7\u00e3o de Ch\u00e1 da Gorreana&#8220;, besuchen.<\/p>\n<p>Abholung an deinem Hotel oder deiner Unterkunft<\/p>\n","protected":false},"excerpt":{"rendered":"<p>Entdecke eines der emblematischsten D\u00f6rfer der Azoren, wo die vulkanische Aktivit\u00e4t aus den Bergen aufsteigt<\/p>\n<p>Auf dieser Tour, die ausschlie\u00dflich privat durchgef\u00fchrt wird, wirst du in Kontakt mit der Natur sein und ein einzigartiges Erlebnis auf einem aktiven Vulkan haben.<\/p>\n<p>Auf dieser Tour nach Furnas biete ich eine einzigartige Kombination aus geothermischen Aktivit\u00e4ten, Natursch\u00f6nheiten, lokaler Kultur und Entspannung. Das macht Furnas zu einem attraktiven Reiseziel f\u00fcr Besucher, die etwas anderes und authentisches mit einem lokalen Guide erleben wollen.<\/p>\n<p>Wir werden auch die einzige sch\u00f6ne Teeplantage Europas besuchen, &#8222;A Planta\u00e7\u00e3o de Ch\u00e1 da Gorreana&#8220;.<\/p>\n<p>Abholung in deinem Hotel oder deiner Unterkunft<\/p>\n","protected":false},"featured_media":23444,"comment_status":"open","ping_status":"closed","template":"","meta":{"_acf_changed":false},"product_brand":[],"product_cat":[19483,19490,19503,19521],"product_tag":[19522],"class_list":{"0":"post-23443","1":"product","2":"type-product","3":"status-publish","4":"has-post-thumbnail","6":"product_cat-aktivitaten","7":"product_cat-alle-inseln","8":"product_cat-gefuehrte-touren","9":"product_cat-sao-miguel","10":"product_tag-saomiguelisland","12":"first","13":"instock","14":"virtual","15":"sold-individually","16":"taxable","17":"purchasable","18":"product-type-phive_booking"},"acf":[],"_links":{"self":[{"href":"https:\/\/guidetotheazores.pt\/de\/wp-json\/wp\/v2\/product\/23443","targetHints":{"allow":["GET"]}}],"collection":[{"href":"https:\/\/guidetotheazores.pt\/de\/wp-json\/wp\/v2\/product"}],"about":[{"href":"https:\/\/guidetotheazores.pt\/de\/wp-json\/wp\/v2\/types\/product"}],"replies":[{"embeddable":true,"href":"https:\/\/guidetotheazores.pt\/de\/wp-json\/wp\/v2\/comments?post=23443"}],"wp:featuredmedia":[{"embeddable":true,"href":"https:\/\/guidetotheazores.pt\/de\/wp-json\/wp\/v2\/media\/23444"}],"wp:attachment":[{"href":"https:\/\/guidetotheazores.pt\/de\/wp-json\/wp\/v2\/media?parent=23443"}],"wp:term":[{"taxonomy":"product_brand","embeddable":true,"href":"https:\/\/guidetotheazores.pt\/de\/wp-json\/wp\/v2\/product_brand?post=23443"},{"taxonomy":"product_cat","embeddable":true,"href":"https:\/\/guidetotheazores.pt\/de\/wp-json\/wp\/v2\/product_cat?post=23443"},{"taxonomy":"product_tag","embeddable":true,"href":"https:\/\/guidetotheazores.pt\/de\/wp-json\/wp\/v2\/product_tag?post=23443"}],"curies":[{"name":"wp","href":"https:\/\/api.w.org\/{rel}","templated":true}]}}