{"id":23458,"date":"2024-12-30T16:15:03","date_gmt":"2024-12-30T17:15:03","guid":{"rendered":"https:\/\/guidetotheazores.pt\/product\/segeltouren-privater-ausflug-mit-dem-segelboot-bei-sonnenuntergang\/"},"modified":"2024-12-30T16:15:03","modified_gmt":"2024-12-30T17:15:03","slug":"segeltouren-privater-ausflug-mit-dem-segelboot-bei-sonnenuntergang","status":"publish","type":"product","link":"https:\/\/guidetotheazores.pt\/de\/produkt\/segeltouren-privater-ausflug-mit-dem-segelboot-bei-sonnenuntergang\/","title":{"rendered":"Segeltouren &#8211; Privater Ausflug mit dem Segelboot bei Sonnenuntergang"},"content":{"rendered":"<p>Private Segeltour bei Sonnenuntergang<\/p>\n<p>Genie\u00dfe einen unvergesslichen 2,5-st\u00fcndigen Segelt\u00f6rn am sp\u00e4ten Nachmittag und genie\u00dfe die Sch\u00f6nheit des Sonnenuntergangs, wie du sie noch nie zuvor gesehen hast, im Einklang mit dem Segel.<\/p>\n<p>Auf dem R\u00fcckweg kannst du die Insel in der Abendd\u00e4mmerung aus einer anderen Perspektive sehen. Ein Ausflug, von dem du mit Sicherheit mit einzigartigen und unvergesslichen Bildern an Land zur\u00fcckkehren wirst. <\/p>\n<p>Getr\u00e4nke und ein Degustationsmen\u00fc mit Produkten von den Azoren inklusive.<\/p>\n<p>Standardzeit &#8211; 18.30 Uhr bis 21.00 Uhr (die Startzeit kann je nach Sonnenuntergang angepasst werden)<\/p>\n","protected":false},"excerpt":{"rendered":"<p>Private Segeltour bei Sonnenuntergang<\/p>\n<p>Genie\u00dfe einen unvergesslichen 2,5-st\u00fcndigen Segelt\u00f6rn am sp\u00e4ten Nachmittag und genie\u00dfe die Sch\u00f6nheit des Sonnenuntergangs, wie du sie noch nie zuvor gesehen hast, im Einklang mit dem Segel. Getr\u00e4nke und ein Degustationsmen\u00fc mit Produkten von den Azoren sind inklusive. <\/p>\n<p>Standardzeit &#8211; 18.30 Uhr bis 21.00 Uhr (die Startzeit kann je nach Sonnenuntergang angepasst werden)<\/p>\n<p>Minimum 1 Pax \/ Maximum 5 Pax<\/p>\n","protected":false},"featured_media":23467,"comment_status":"open","ping_status":"closed","template":"","meta":{"_acf_changed":false},"product_brand":[],"product_cat":[19483,19490,19521,19493],"product_tag":[19522],"class_list":{"0":"post-23458","1":"product","2":"type-product","3":"status-publish","4":"has-post-thumbnail","6":"product_cat-aktivitaten","7":"product_cat-alle-inseln","8":"product_cat-sao-miguel","9":"product_cat-segeln","10":"product_tag-saomiguelisland","12":"first","13":"instock","14":"virtual","15":"sold-individually","16":"taxable","17":"purchasable","18":"product-type-phive_booking"},"acf":[],"_links":{"self":[{"href":"https:\/\/guidetotheazores.pt\/de\/wp-json\/wp\/v2\/product\/23458","targetHints":{"allow":["GET"]}}],"collection":[{"href":"https:\/\/guidetotheazores.pt\/de\/wp-json\/wp\/v2\/product"}],"about":[{"href":"https:\/\/guidetotheazores.pt\/de\/wp-json\/wp\/v2\/types\/product"}],"replies":[{"embeddable":true,"href":"https:\/\/guidetotheazores.pt\/de\/wp-json\/wp\/v2\/comments?post=23458"}],"wp:featuredmedia":[{"embeddable":true,"href":"https:\/\/guidetotheazores.pt\/de\/wp-json\/wp\/v2\/media\/23467"}],"wp:attachment":[{"href":"https:\/\/guidetotheazores.pt\/de\/wp-json\/wp\/v2\/media?parent=23458"}],"wp:term":[{"taxonomy":"product_brand","embeddable":true,"href":"https:\/\/guidetotheazores.pt\/de\/wp-json\/wp\/v2\/product_brand?post=23458"},{"taxonomy":"product_cat","embeddable":true,"href":"https:\/\/guidetotheazores.pt\/de\/wp-json\/wp\/v2\/product_cat?post=23458"},{"taxonomy":"product_tag","embeddable":true,"href":"https:\/\/guidetotheazores.pt\/de\/wp-json\/wp\/v2\/product_tag?post=23458"}],"curies":[{"name":"wp","href":"https:\/\/api.w.org\/{rel}","templated":true}]}}