{"id":23505,"date":"2024-12-27T21:09:42","date_gmt":"2024-12-27T22:09:42","guid":{"rendered":"https:\/\/guidetotheazores.pt\/product\/wanderung-schnorcheln-mit-einem-einheimischen\/"},"modified":"2024-12-27T21:09:42","modified_gmt":"2024-12-27T22:09:42","slug":"wanderung-schnorcheln-mit-einem-einheimischen","status":"publish","type":"product","link":"https:\/\/guidetotheazores.pt\/de\/produkt\/wanderung-schnorcheln-mit-einem-einheimischen\/","title":{"rendered":"Wanderung &amp; Schnorcheln mit einem Einheimischen"},"content":{"rendered":"<p>Willkommen zu einem Erlebnis, das deine Sinne sch\u00e4rfen, deine Grenzen herausfordern und dich auf einzigartige Weise mit der Natur verbinden wird.<\/p>\n<p>Bist du bereit, Wege zu beschreiten, die zu atemberaubenden Aussichten f\u00fchren, Hindernisse zu \u00fcberwinden und Erinnerungen zu schaffen, die ein Leben lang halten? Willkommen auf meiner Trekking-Route! <\/p>\n<p>Unsere Reise beginnt dort, wo der Asphalt endet. Wir lassen den Alltag hinter uns und st\u00fcrzen uns in ein Abenteuer, das uns durch atemberaubende Landschaften, uralte W\u00e4lder und einen majest\u00e4tischen Wasserfall f\u00fchren wird. <\/p>\n<p>Mit jedem Schritt lassen wir das Vertraute hinter uns, umarmen das Unbekannte und machen Platz f\u00fcr Entdeckungen!<\/p>\n<p>Dieser epische Tag endet an einem Vulkanstrand, wo du beim Schnorcheln an einem Unterwasserriff die Meeresbewohner der Insel beobachten kannst.<\/p>\n","protected":false},"excerpt":{"rendered":"<p>Lass uns in den sch\u00f6nsten Wald der Insel wandern und am wildesten Vulkanstrand schwimmen.<\/p>\n","protected":false},"featured_media":23506,"comment_status":"open","ping_status":"closed","template":"","meta":{"_acf_changed":false},"product_brand":[],"product_cat":[19483,19490,19532,19521,19546,19548],"product_tag":[19522],"class_list":{"0":"post-23505","1":"product","2":"type-product","3":"status-publish","4":"has-post-thumbnail","6":"product_cat-aktivitaten","7":"product_cat-alle-inseln","8":"product_cat-hiking","9":"product_cat-sao-miguel","10":"product_cat-schnorcheln","11":"product_cat-vogelbeobachtung","12":"product_tag-saomiguelisland","14":"first","15":"instock","16":"virtual","17":"sold-individually","18":"taxable","19":"purchasable","20":"product-type-phive_booking"},"acf":[],"_links":{"self":[{"href":"https:\/\/guidetotheazores.pt\/de\/wp-json\/wp\/v2\/product\/23505","targetHints":{"allow":["GET"]}}],"collection":[{"href":"https:\/\/guidetotheazores.pt\/de\/wp-json\/wp\/v2\/product"}],"about":[{"href":"https:\/\/guidetotheazores.pt\/de\/wp-json\/wp\/v2\/types\/product"}],"replies":[{"embeddable":true,"href":"https:\/\/guidetotheazores.pt\/de\/wp-json\/wp\/v2\/comments?post=23505"}],"wp:featuredmedia":[{"embeddable":true,"href":"https:\/\/guidetotheazores.pt\/de\/wp-json\/wp\/v2\/media\/23506"}],"wp:attachment":[{"href":"https:\/\/guidetotheazores.pt\/de\/wp-json\/wp\/v2\/media?parent=23505"}],"wp:term":[{"taxonomy":"product_brand","embeddable":true,"href":"https:\/\/guidetotheazores.pt\/de\/wp-json\/wp\/v2\/product_brand?post=23505"},{"taxonomy":"product_cat","embeddable":true,"href":"https:\/\/guidetotheazores.pt\/de\/wp-json\/wp\/v2\/product_cat?post=23505"},{"taxonomy":"product_tag","embeddable":true,"href":"https:\/\/guidetotheazores.pt\/de\/wp-json\/wp\/v2\/product_tag?post=23505"}],"curies":[{"name":"wp","href":"https:\/\/api.w.org\/{rel}","templated":true}]}}