{"id":23574,"date":"2024-06-06T08:06:23","date_gmt":"2024-06-06T09:06:23","guid":{"rendered":"https:\/\/guidetotheazores.pt\/product\/rund-um-die-insel-vila-franca-do-campo-15-april-bis-15-oktober\/"},"modified":"2024-06-06T08:06:23","modified_gmt":"2024-06-06T09:06:23","slug":"rund-um-die-insel-vila-franca-do-campo-15-april-bis-15-oktober","status":"publish","type":"product","link":"https:\/\/guidetotheazores.pt\/de\/produkt\/rund-um-die-insel-vila-franca-do-campo-15-april-bis-15-oktober\/","title":{"rendered":"Rund um die Insel Vila Franca do Campo (15. April bis 15. Oktober)"},"content":{"rendered":"<p>Fahre mit dem Boot um die kleine Insel Vila Franca do Campo und erfahre mehr \u00fcber die Geologie und den Lebensraum dieses wundersch\u00f6nen versunkenen Vulkans!<\/p>\n<p>Die Tour beginnt mit einer kurzen Einweisung in die Geologie und Tierwelt der Insel, in das Naturschutzgebiet und in die Sicherheit des Bootes. Folge dem Guide und dem Skipper zu dem dir zugewiesenen Boot, mit dem du in 5 Minuten \u00fcber das Meer zur Insel fahren kannst. <\/p>\n<p>Genie\u00dfe eine Erkundungstour mit dem Boot, um das vulkanische Wunderwerk und seine ber\u00fcchtigten geologischen Merkmale sowie die saisonalen H\u00f6hepunkte des Meereslebens zu bewundern, w\u00e4hrend du die Ilh\u00e9u de Vila Franca do Campo umrundest.<\/p>\n<p>Ein wundersch\u00f6nes, freiliegendes Relikt eines ozeanischen Vulkankegels und ein einzigartiges, von den Kr\u00e4ften des Meeres und der seismischen Aktivit\u00e4t geformtes maritimes Schutzgebiet f\u00fcr V\u00f6gel, Fische und sogar Leichtfu\u00dfkrebse, das vom Herbst bis zum Fr\u00fchling besonders lebensreich ist! Er ist auch ein wichtiger Faktor in der Geschichte von Vila Franca do Campo und der Insel, ein Symbol f\u00fcr das unverw\u00fcstliche Leben am Rande des Atlantiks. <\/p>\n<p>Dein Guide wird dich \u00fcber das, was du beobachtest, auf dem Laufenden halten und steht dir f\u00fcr spezielle Fragen zur Verf\u00fcgung &#8211; z\u00f6gere nicht zu fragen! Nach der Bootstour ist es an der Zeit, zur\u00fcck zur Marina zu fahren und auszuchecken. <\/p>\n<p>Wir empfehlen dir, zur angegebenen Zeit bei der Anmeldung und dem Briefing zu sein. Iss leicht, nimm deinen pers\u00f6nlichen Wasservorrat, Sonnencreme und Lippenstift f\u00fcr die Sonne sowie warme Kleidung mit, da die Temperaturen schwanken k\u00f6nnen. Leichte Kost ist an Bord erlaubt, und eine Kamera ist unerl\u00e4sslich, besonders f\u00fcr Fotoliebhaber &#8211; bitte sch\u00fctze alle elektronischen Ger\u00e4te und pers\u00f6nliche Ausr\u00fcstung.  <\/p>\n<p>Wir empfehlen diese Tour nicht f\u00fcr schwangere Personen, Personen mit schwachem R\u00fccken, Personen in heiklem Gesundheitszustand und f\u00fcr Kinder unter 4 Jahren.<\/p>\n<p>Auf dieser Tour ist das Baden nicht erlaubt.<\/p>\n","protected":false},"excerpt":{"rendered":"<p>Fahre mit dem Boot um die kleine Insel Vila Franca do Campo und erfahre mehr \u00fcber die Geologie und den Lebensraum dieses wundersch\u00f6nen versunkenen Vulkans!<\/p>\n<p>Die Tour beginnt mit einer kurzen Einweisung in die Geologie und Tierwelt der Insel, das Naturschutzgebiet und die Sicherheit des Bootes. Folge dem Guide und dem Skipper zu dem dir zugewiesenen Boot, mit dem du in 5 Minuten \u00fcber das Meer zur Insel fahren kannst. <\/p>\n","protected":false},"featured_media":23575,"comment_status":"open","ping_status":"closed","template":"","meta":{"_acf_changed":false},"product_brand":[],"product_cat":[19483,19490,19503,19521,19493],"product_tag":[19522],"class_list":{"0":"post-23574","1":"product","2":"type-product","3":"status-publish","4":"has-post-thumbnail","6":"product_cat-aktivitaten","7":"product_cat-alle-inseln","8":"product_cat-gefuehrte-touren","9":"product_cat-sao-miguel","10":"product_cat-segeln","11":"product_tag-saomiguelisland","13":"first","14":"instock","15":"virtual","16":"sold-individually","17":"taxable","18":"purchasable","19":"product-type-phive_booking"},"acf":[],"_links":{"self":[{"href":"https:\/\/guidetotheazores.pt\/de\/wp-json\/wp\/v2\/product\/23574","targetHints":{"allow":["GET"]}}],"collection":[{"href":"https:\/\/guidetotheazores.pt\/de\/wp-json\/wp\/v2\/product"}],"about":[{"href":"https:\/\/guidetotheazores.pt\/de\/wp-json\/wp\/v2\/types\/product"}],"replies":[{"embeddable":true,"href":"https:\/\/guidetotheazores.pt\/de\/wp-json\/wp\/v2\/comments?post=23574"}],"wp:featuredmedia":[{"embeddable":true,"href":"https:\/\/guidetotheazores.pt\/de\/wp-json\/wp\/v2\/media\/23575"}],"wp:attachment":[{"href":"https:\/\/guidetotheazores.pt\/de\/wp-json\/wp\/v2\/media?parent=23574"}],"wp:term":[{"taxonomy":"product_brand","embeddable":true,"href":"https:\/\/guidetotheazores.pt\/de\/wp-json\/wp\/v2\/product_brand?post=23574"},{"taxonomy":"product_cat","embeddable":true,"href":"https:\/\/guidetotheazores.pt\/de\/wp-json\/wp\/v2\/product_cat?post=23574"},{"taxonomy":"product_tag","embeddable":true,"href":"https:\/\/guidetotheazores.pt\/de\/wp-json\/wp\/v2\/product_tag?post=23574"}],"curies":[{"name":"wp","href":"https:\/\/api.w.org\/{rel}","templated":true}]}}