{"id":23586,"date":"2024-06-06T07:54:32","date_gmt":"2024-06-06T08:54:32","guid":{"rendered":"https:\/\/guidetotheazores.pt\/product\/vila-franca-islet-reserve-16-oktober-bis-14-april\/"},"modified":"2024-06-06T07:54:32","modified_gmt":"2024-06-06T08:54:32","slug":"vila-franca-islet-reserve-16-oktober-bis-14-april","status":"publish","type":"product","link":"https:\/\/guidetotheazores.pt\/de\/produkt\/vila-franca-islet-reserve-16-oktober-bis-14-april\/","title":{"rendered":"Vila Franca Islet Reserve (16. Oktober bis 14. April)"},"content":{"rendered":"<p>Sieh dir ein vulkanisches Wunderwerk aus der N\u00e4he an &#8211; die kleine Insel Vila Franca do Campo, ein Naturschutzgebiet vor der K\u00fcste. Erfahre mehr \u00fcber die Geologie und die dort lebende Fauna und Flora! <\/p>\n<p>Die Tour beginnt mit einer kurzen Einweisung in die Geologie der Vulkaninsel, die vorkommenden Pflanzen- und Tierarten, die Regeln des Naturschutzgebietes und die Sicherheit. Jeder folgt dem Guide und dem Skipper zu dem ihm zugewiesenen Boot, mit dem er 10 Minuten \u00fcber das Meer zur Insel f\u00e4hrt. <\/p>\n<p>Du gehst am Hafen der Insel an Land und erkundest auf einer eineinhalbst\u00fcndigen Tour das vulkanische Wunderwerk und seine ber\u00fcchtigten Merkmale. Der Inselkrater ist felsig und mit endemischem Azorenheidekraut, Feuerbaum und anderen Pflanzenarten bewachsen, was ihn zu einem wundersch\u00f6nen Lebensraum f\u00fcr Wildtiere macht. Oft kann man V\u00f6gel wie Bussarde, Wendeh\u00e4lse, Sanderlinge, Seidenreiher, Regenbrachv\u00f6gel, Kanarienv\u00f6gel, Bachstelzen und sogar Kolonien von Sally-Leichtfu\u00dfkrebsen beobachten! <\/p>\n<p>Hier gibt es das ganze Jahr \u00fcber viel Leben, besonders im Herbst und Winter. Dein Guide h\u00e4lt dich auf dem Laufenden \u00fcber das, was du beobachtest, und steht dir w\u00e4hrend der gesamten Tour zur Verf\u00fcgung, um alle Fragen zu beantworten &#8211; frag einfach nach! <\/p>\n<p>Um 16:15 Uhr ist es Zeit, zur\u00fcck zur Marina zu fahren und auszuchecken.<\/p>\n<p>Wir empfehlen dir, dich leicht zu ern\u00e4hren und deinen pers\u00f6nlichen Wasservorrat, Sonnenschutzmittel und Lippenstift f\u00fcr die Sonne mitzubringen. Leichte Kost ist erlaubt und eine Kamera ist unerl\u00e4sslich, vor allem f\u00fcr Fotoliebhaber &#8211; sch\u00fctze deine pers\u00f6nliche Ausr\u00fcstung. <\/p>\n<p>NICHT F\u00dcR Schwangere, Personen mit schwachem R\u00fccken, Rollstuhlfahrer, Personen in heiklen Gesundheitszust\u00e4nden oder Personen unter 4 Jahren.<\/p>\n<p>Das Baden ist zu dieser Jahreszeit nicht erlaubt.<\/p>\n","protected":false},"excerpt":{"rendered":"<p>Sieh dir ein vulkanisches Wunderwerk aus der N\u00e4he an &#8211; die kleine Insel Vila Franca do Campo, ein Naturschutzgebiet vor der K\u00fcste. Erfahre mehr \u00fcber die Geologie und die dort lebende Fauna und Flora! <\/p>\n<p>Die Tour beginnt mit einer kurzen Einweisung in die Geologie der Vulkaninsel, die vorkommenden Pflanzen- und Tierarten, die Regeln des Naturschutzgebietes und die Sicherheit. Jeder folgt dem Guide und dem Skipper zu dem ihm zugewiesenen Boot, mit dem er 10 Minuten \u00fcber das Meer zur Insel f\u00e4hrt. <\/p>\n","protected":false},"featured_media":23575,"comment_status":"open","ping_status":"closed","template":"","meta":{"_acf_changed":false},"product_brand":[],"product_cat":[19483,19490,19503,19521,19493],"product_tag":[19522],"class_list":{"0":"post-23586","1":"product","2":"type-product","3":"status-publish","4":"has-post-thumbnail","6":"product_cat-aktivitaten","7":"product_cat-alle-inseln","8":"product_cat-gefuehrte-touren","9":"product_cat-sao-miguel","10":"product_cat-segeln","11":"product_tag-saomiguelisland","13":"first","14":"instock","15":"virtual","16":"sold-individually","17":"taxable","18":"purchasable","19":"product-type-phive_booking"},"acf":[],"_links":{"self":[{"href":"https:\/\/guidetotheazores.pt\/de\/wp-json\/wp\/v2\/product\/23586","targetHints":{"allow":["GET"]}}],"collection":[{"href":"https:\/\/guidetotheazores.pt\/de\/wp-json\/wp\/v2\/product"}],"about":[{"href":"https:\/\/guidetotheazores.pt\/de\/wp-json\/wp\/v2\/types\/product"}],"replies":[{"embeddable":true,"href":"https:\/\/guidetotheazores.pt\/de\/wp-json\/wp\/v2\/comments?post=23586"}],"wp:featuredmedia":[{"embeddable":true,"href":"https:\/\/guidetotheazores.pt\/de\/wp-json\/wp\/v2\/media\/23575"}],"wp:attachment":[{"href":"https:\/\/guidetotheazores.pt\/de\/wp-json\/wp\/v2\/media?parent=23586"}],"wp:term":[{"taxonomy":"product_brand","embeddable":true,"href":"https:\/\/guidetotheazores.pt\/de\/wp-json\/wp\/v2\/product_brand?post=23586"},{"taxonomy":"product_cat","embeddable":true,"href":"https:\/\/guidetotheazores.pt\/de\/wp-json\/wp\/v2\/product_cat?post=23586"},{"taxonomy":"product_tag","embeddable":true,"href":"https:\/\/guidetotheazores.pt\/de\/wp-json\/wp\/v2\/product_tag?post=23586"}],"curies":[{"name":"wp","href":"https:\/\/api.w.org\/{rel}","templated":true}]}}