{"id":23587,"date":"2024-03-31T15:41:18","date_gmt":"2024-03-31T16:41:18","guid":{"rendered":"https:\/\/guidetotheazores.pt\/product\/mondhaus-flores\/"},"modified":"2024-03-31T15:41:18","modified_gmt":"2024-03-31T16:41:18","slug":"mondhaus-flores","status":"publish","type":"product","link":"https:\/\/guidetotheazores.pt\/de\/produkt\/mondhaus-flores\/","title":{"rendered":"Mondhaus &#8211; Flores"},"content":{"rendered":"<p>Das &#8222;Haus des Mondes&#8220; ist ein Steinhaus mit direktem Zugang zum Meer mit Blick nach Westen auf das Meer und den Sonnenuntergang und nach Norden auf die Berge. All diese Aussichten kannst du vom Garten oder vom Balkon aus genie\u00dfen. <\/p>\n<p>Das komfortable Haus f\u00fcr 6 Personen ist 70m2 gro\u00df und hat 3 Schlafzimmer, von denen 2 mit Doppelbetten und das andere mit 2 Einzelbetten ausgestattet sind.<\/p>\n<p>Das Haus hat 2 Schlafzimmer mit Meerblick, 2 B\u00e4der, eine voll ausgestattete K\u00fcche und ein gro\u00dfes Wohnzimmer mit einem Sofa (Zusatzbett), Fernseher und Stereoanlage.<\/p>\n<p>Das Haus ist neu und verf\u00fcgt \u00fcber eine Sp\u00fclmaschine, eine Waschmaschine und einen Ventilator. Es ist in einem gem\u00fctlichen Stil eingerichtet und enth\u00e4lt Bettw\u00e4sche und Handt\u00fccher. <\/p>\n","protected":false},"excerpt":{"rendered":"<p>Das &#8222;Haus des Mondes&#8220; ist ein Steinhaus mit direktem Zugang zum Meer mit Blick nach Westen auf das Meer und den Sonnenuntergang und nach Norden auf die Berge. All diese Aussichten kannst du vom Garten oder vom Balkon aus genie\u00dfen. <\/p>\n<p>Das komfortable Haus f\u00fcr 6 Personen ist 70m2 gro\u00df und hat 3 Schlafzimmer, von denen 2 mit Doppelbetten und das andere mit 2 Einzelbetten ausgestattet sind.<\/p>\n","protected":false},"featured_media":23589,"comment_status":"open","ping_status":"closed","template":"","meta":{"_acf_changed":false},"product_brand":[],"product_cat":[19490,19514,19529,19511],"product_tag":[19530],"class_list":{"0":"post-23587","1":"product","2":"type-product","3":"status-publish","4":"has-post-thumbnail","6":"product_cat-alle-inseln","7":"product_cat-alojamento-lokal","8":"product_cat-flores","9":"product_cat-unterkunft","10":"product_tag-floresisland","12":"first","13":"instock","14":"sold-individually","15":"taxable","16":"shipping-taxable","17":"purchasable","18":"product-type-phive_booking"},"acf":[],"_links":{"self":[{"href":"https:\/\/guidetotheazores.pt\/de\/wp-json\/wp\/v2\/product\/23587","targetHints":{"allow":["GET"]}}],"collection":[{"href":"https:\/\/guidetotheazores.pt\/de\/wp-json\/wp\/v2\/product"}],"about":[{"href":"https:\/\/guidetotheazores.pt\/de\/wp-json\/wp\/v2\/types\/product"}],"replies":[{"embeddable":true,"href":"https:\/\/guidetotheazores.pt\/de\/wp-json\/wp\/v2\/comments?post=23587"}],"wp:featuredmedia":[{"embeddable":true,"href":"https:\/\/guidetotheazores.pt\/de\/wp-json\/wp\/v2\/media\/23589"}],"wp:attachment":[{"href":"https:\/\/guidetotheazores.pt\/de\/wp-json\/wp\/v2\/media?parent=23587"}],"wp:term":[{"taxonomy":"product_brand","embeddable":true,"href":"https:\/\/guidetotheazores.pt\/de\/wp-json\/wp\/v2\/product_brand?post=23587"},{"taxonomy":"product_cat","embeddable":true,"href":"https:\/\/guidetotheazores.pt\/de\/wp-json\/wp\/v2\/product_cat?post=23587"},{"taxonomy":"product_tag","embeddable":true,"href":"https:\/\/guidetotheazores.pt\/de\/wp-json\/wp\/v2\/product_tag?post=23587"}],"curies":[{"name":"wp","href":"https:\/\/api.w.org\/{rel}","templated":true}]}}