{"id":23599,"date":"2024-03-07T15:45:44","date_gmt":"2024-03-07T16:45:44","guid":{"rendered":"https:\/\/guidetotheazores.pt\/product\/suite-pico-bergblick\/"},"modified":"2024-03-07T15:45:44","modified_gmt":"2024-03-07T16:45:44","slug":"suite-pico-bergblick","status":"publish","type":"product","link":"https:\/\/guidetotheazores.pt\/de\/produkt\/suite-pico-bergblick\/","title":{"rendered":"Suite Pico Bergblick"},"content":{"rendered":"<p>Mit Blick auf den majest\u00e4tischen <a href=\"https:\/\/guidetotheazores.pt\/pico-mountain-azores\/\">Berg Pico<\/a> und den Atlantischen Ozean bietet die Pico Suite ihren G\u00e4sten eine fantastische Aussicht.<\/p>\n<p>Zur Ausstattung geh\u00f6ren ein komfortables *King-Size-Bett (oder zwei Einzelbetten), ein luxuri\u00f6ses Spa-Bad, ein K\u00fchlschrank, Tee- und Kaffeezubereitungsm\u00f6glichkeiten und ein besonderer Tisch aus Lavastein.<\/p>\n","protected":false},"excerpt":{"rendered":"<p>Mit Blick auf den majest\u00e4tischen Pico Mountain und den Atlantischen Ozean bietet die Pico Suite ihren G\u00e4sten eine fantastische Aussicht.<\/p>\n","protected":false},"featured_media":23600,"comment_status":"open","ping_status":"closed","template":"","meta":{"_acf_changed":false},"product_brand":[],"product_cat":[19490,19514,19517,19511],"product_tag":[19518],"class_list":{"0":"post-23599","1":"product","2":"type-product","3":"status-publish","4":"has-post-thumbnail","6":"product_cat-alle-inseln","7":"product_cat-alojamento-lokal","8":"product_cat-pico","9":"product_cat-unterkunft","10":"product_tag-picoisland","12":"first","13":"instock","14":"virtual","15":"sold-individually","16":"taxable","17":"purchasable","18":"product-type-phive_booking"},"acf":[],"_links":{"self":[{"href":"https:\/\/guidetotheazores.pt\/de\/wp-json\/wp\/v2\/product\/23599","targetHints":{"allow":["GET"]}}],"collection":[{"href":"https:\/\/guidetotheazores.pt\/de\/wp-json\/wp\/v2\/product"}],"about":[{"href":"https:\/\/guidetotheazores.pt\/de\/wp-json\/wp\/v2\/types\/product"}],"replies":[{"embeddable":true,"href":"https:\/\/guidetotheazores.pt\/de\/wp-json\/wp\/v2\/comments?post=23599"}],"wp:featuredmedia":[{"embeddable":true,"href":"https:\/\/guidetotheazores.pt\/de\/wp-json\/wp\/v2\/media\/23600"}],"wp:attachment":[{"href":"https:\/\/guidetotheazores.pt\/de\/wp-json\/wp\/v2\/media?parent=23599"}],"wp:term":[{"taxonomy":"product_brand","embeddable":true,"href":"https:\/\/guidetotheazores.pt\/de\/wp-json\/wp\/v2\/product_brand?post=23599"},{"taxonomy":"product_cat","embeddable":true,"href":"https:\/\/guidetotheazores.pt\/de\/wp-json\/wp\/v2\/product_cat?post=23599"},{"taxonomy":"product_tag","embeddable":true,"href":"https:\/\/guidetotheazores.pt\/de\/wp-json\/wp\/v2\/product_tag?post=23599"}],"curies":[{"name":"wp","href":"https:\/\/api.w.org\/{rel}","templated":true}]}}